{"id":99835,"date":"2024-07-18T13:38:51","date_gmt":"2024-07-18T13:38:51","guid":{"rendered":"https:\/\/www.victor.it\/qualitat\/"},"modified":"2026-03-04T17:35:27","modified_gmt":"2026-03-04T17:35:27","slug":"qualitat","status":"publish","type":"page","link":"https:\/\/www.victor.it\/de\/qualitat\/","title":{"rendered":"Qualit\u00e4t"},"content":{"rendered":"\t\t<div data-elementor-type=\"wp-page\" data-elementor-id=\"99835\" class=\"elementor elementor-99835 elementor-1744\" data-elementor-post-type=\"page\">\n\t\t\t\t<div class=\"elementor-element elementor-element-01c2d29 e-con-full e-flex e-con e-parent\" data-id=\"01c2d29\" data-element_type=\"container\" data-e-type=\"container\">\n\t\t<div class=\"elementor-element elementor-element-955b968 e-con-full e-flex e-con e-child\" data-id=\"955b968\" data-element_type=\"container\" data-e-type=\"container\">\n\t\t\t\t<div class=\"elementor-element elementor-element-f603425 elementor-widget elementor-widget-heading\" data-id=\"f603425\" data-element_type=\"widget\" data-e-type=\"widget\" data-widget_type=\"heading.default\">\n\t\t\t\t<div class=\"elementor-widget-container\">\n\t\t\t\t\t<h2 class=\"elementor-heading-title elementor-size-default\">Qualit\u00e4t<\/h2>\t\t\t\t<\/div>\n\t\t\t\t<\/div>\n\t\t\t\t<div class=\"elementor-element elementor-element-1b8b9eb elementor-widget elementor-widget-heading\" data-id=\"1b8b9eb\" data-element_type=\"widget\" data-e-type=\"widget\" data-widget_type=\"heading.default\">\n\t\t\t\t<div class=\"elementor-widget-container\">\n\t\t\t\t\t<h1 class=\"elementor-heading-title elementor-size-default\">Produktion hochwertiger Webb\u00e4nder<\/h1>\t\t\t\t<\/div>\n\t\t\t\t<\/div>\n\t\t\t\t<div class=\"elementor-element elementor-element-3f78a48 elementor-widget elementor-widget-text-editor\" data-id=\"3f78a48\" data-element_type=\"widget\" data-e-type=\"widget\" data-widget_type=\"text-editor.default\">\n\t\t\t\t<div class=\"elementor-widget-container\">\n\t\t\t\t\t\t\t\t\t<p>Das Streben nach Qualit\u00e4t leitet unsere Prozesse t\u00e4glich, von der Beschaffung der Rohstoffe bis zur Verpackung der fertigen Bestellung. Dieses Engagement zeigt sich in kontrollierten Produktionsprozessen und in der Auswahl von Lieferanten aus gepr\u00fcften Lieferketten. Diese Produktionsphilosophie erm\u00f6glicht es uns, optimale Produkte zu garantieren, die Wirtschaft unserer Region und die dortigen Tugenden zu unterst\u00fctzen und auf nachhaltige Weise zu arbeiten.  <\/p>\t\t\t\t\t\t\t\t<\/div>\n\t\t\t\t<\/div>\n\t\t\t\t<\/div>\n\t\t\t\t<\/div>\n\t\t<div class=\"elementor-element elementor-element-ed62501 e-con-full e-flex e-con e-child\" data-id=\"ed62501\" data-element_type=\"container\" data-e-type=\"container\">\n\t\t<div class=\"elementor-element elementor-element-f8c19fb list-service e-con-full e-flex e-con e-child\" data-id=\"f8c19fb\" data-element_type=\"container\" data-e-type=\"container\" data-settings=\"{&quot;background_background&quot;:&quot;classic&quot;}\">\n\t\t<div class=\"elementor-element elementor-element-5cc3931 e-con-full e-flex e-con e-child\" data-id=\"5cc3931\" data-element_type=\"container\" data-e-type=\"container\">\n\t\t\t\t<div class=\"elementor-element elementor-element-9533357 elementor-view-default elementor-widget elementor-widget-icon\" data-id=\"9533357\" data-element_type=\"widget\" data-e-type=\"widget\" data-widget_type=\"icon.default\">\n\t\t\t\t<div class=\"elementor-widget-container\">\n\t\t\t\t\t\t\t<div class=\"elementor-icon-wrapper\">\n\t\t\t<div class=\"elementor-icon\">\n\t\t\t<svg aria-hidden=\"true\" class=\"e-font-icon-svg e-fas-star\" viewBox=\"0 0 576 512\" xmlns=\"http:\/\/www.w3.org\/2000\/svg\"><path d=\"M259.3 17.8L194 150.2 47.9 171.5c-26.2 3.8-36.7 36.1-17.7 54.6l105.7 103-25 145.5c-4.5 26.3 23.2 46 46.4 33.7L288 439.6l130.7 68.7c23.2 12.2 50.9-7.4 46.4-33.7l-25-145.5 105.7-103c19-18.5 8.5-50.8-17.7-54.6L382 150.2 316.7 17.8c-11.7-23.6-45.6-23.9-57.4 0z\"><\/path><\/svg>\t\t\t<\/div>\n\t\t<\/div>\n\t\t\t\t\t\t<\/div>\n\t\t\t\t<\/div>\n\t\t\t\t<div class=\"elementor-element elementor-element-ad7cb5a elementor-widget elementor-widget-heading\" data-id=\"ad7cb5a\" data-element_type=\"widget\" data-e-type=\"widget\" data-widget_type=\"heading.default\">\n\t\t\t\t<div class=\"elementor-widget-container\">\n\t\t\t\t\t<h2 class=\"elementor-heading-title elementor-size-default\">Beschaffung<\/h2>\t\t\t\t<\/div>\n\t\t\t\t<\/div>\n\t\t\t\t<div class=\"elementor-element elementor-element-d1fcb77 elementor-widget elementor-widget-text-editor\" data-id=\"d1fcb77\" data-element_type=\"widget\" data-e-type=\"widget\" data-widget_type=\"text-editor.default\">\n\t\t\t\t<div class=\"elementor-widget-container\">\n\t\t\t\t\t\t\t\t\t<p>100 % der uns gelieferten Rohstoffe und Garne stammen aus kontrollierten und zertifizierten Wertsch\u00f6pfungsketten.<\/p>\t\t\t\t\t\t\t\t<\/div>\n\t\t\t\t<\/div>\n\t\t\t\t<\/div>\n\t\t<div class=\"elementor-element elementor-element-e29bc70 e-con-full e-flex e-con e-child\" data-id=\"e29bc70\" data-element_type=\"container\" data-e-type=\"container\">\n\t\t\t\t<div class=\"elementor-element elementor-element-eba5c9d elementor-view-default elementor-widget elementor-widget-icon\" data-id=\"eba5c9d\" data-element_type=\"widget\" data-e-type=\"widget\" data-widget_type=\"icon.default\">\n\t\t\t\t<div class=\"elementor-widget-container\">\n\t\t\t\t\t\t\t<div class=\"elementor-icon-wrapper\">\n\t\t\t<div class=\"elementor-icon\">\n\t\t\t<svg aria-hidden=\"true\" class=\"e-font-icon-svg e-fas-star\" viewBox=\"0 0 576 512\" xmlns=\"http:\/\/www.w3.org\/2000\/svg\"><path d=\"M259.3 17.8L194 150.2 47.9 171.5c-26.2 3.8-36.7 36.1-17.7 54.6l105.7 103-25 145.5c-4.5 26.3 23.2 46 46.4 33.7L288 439.6l130.7 68.7c23.2 12.2 50.9-7.4 46.4-33.7l-25-145.5 105.7-103c19-18.5 8.5-50.8-17.7-54.6L382 150.2 316.7 17.8c-11.7-23.6-45.6-23.9-57.4 0z\"><\/path><\/svg>\t\t\t<\/div>\n\t\t<\/div>\n\t\t\t\t\t\t<\/div>\n\t\t\t\t<\/div>\n\t\t\t\t<div class=\"elementor-element elementor-element-8fd543d elementor-widget elementor-widget-heading\" data-id=\"8fd543d\" data-element_type=\"widget\" data-e-type=\"widget\" data-widget_type=\"heading.default\">\n\t\t\t\t<div class=\"elementor-widget-container\">\n\t\t\t\t\t<h2 class=\"elementor-heading-title elementor-size-default\">Zertifizierte Rohstoffe<\/h2>\t\t\t\t<\/div>\n\t\t\t\t<\/div>\n\t\t\t\t<div class=\"elementor-element elementor-element-d3cdbd5 elementor-widget elementor-widget-text-editor\" data-id=\"d3cdbd5\" data-element_type=\"widget\" data-e-type=\"widget\" data-widget_type=\"text-editor.default\">\n\t\t\t\t<div class=\"elementor-widget-container\">\n\t\t\t\t\t\t\t\t\t<p>Wir verwenden GOTS-zertifizierte Rohstoffe wie recyceltes Polyamid und Baumwolle.<\/p>\t\t\t\t\t\t\t\t<\/div>\n\t\t\t\t<\/div>\n\t\t\t\t<\/div>\n\t\t<div class=\"elementor-element elementor-element-ea3c595 e-con-full e-flex e-con e-child\" data-id=\"ea3c595\" data-element_type=\"container\" data-e-type=\"container\">\n\t\t\t\t<div class=\"elementor-element elementor-element-bee3449 elementor-view-default elementor-widget elementor-widget-icon\" data-id=\"bee3449\" data-element_type=\"widget\" data-e-type=\"widget\" data-widget_type=\"icon.default\">\n\t\t\t\t<div class=\"elementor-widget-container\">\n\t\t\t\t\t\t\t<div class=\"elementor-icon-wrapper\">\n\t\t\t<div class=\"elementor-icon\">\n\t\t\t<svg aria-hidden=\"true\" class=\"e-font-icon-svg e-fas-star\" viewBox=\"0 0 576 512\" xmlns=\"http:\/\/www.w3.org\/2000\/svg\"><path d=\"M259.3 17.8L194 150.2 47.9 171.5c-26.2 3.8-36.7 36.1-17.7 54.6l105.7 103-25 145.5c-4.5 26.3 23.2 46 46.4 33.7L288 439.6l130.7 68.7c23.2 12.2 50.9-7.4 46.4-33.7l-25-145.5 105.7-103c19-18.5 8.5-50.8-17.7-54.6L382 150.2 316.7 17.8c-11.7-23.6-45.6-23.9-57.4 0z\"><\/path><\/svg>\t\t\t<\/div>\n\t\t<\/div>\n\t\t\t\t\t\t<\/div>\n\t\t\t\t<\/div>\n\t\t\t\t<div class=\"elementor-element elementor-element-a95e70e elementor-widget elementor-widget-heading\" data-id=\"a95e70e\" data-element_type=\"widget\" data-e-type=\"widget\" data-widget_type=\"heading.default\">\n\t\t\t\t<div class=\"elementor-widget-container\">\n\t\t\t\t\t<h2 class=\"elementor-heading-title elementor-size-default\">Produktion Made in Italy<\/h2>\t\t\t\t<\/div>\n\t\t\t\t<\/div>\n\t\t\t\t<div class=\"elementor-element elementor-element-4c3bb5b elementor-widget elementor-widget-text-editor\" data-id=\"4c3bb5b\" data-element_type=\"widget\" data-e-type=\"widget\" data-widget_type=\"text-editor.default\">\n\t\t\t\t<div class=\"elementor-widget-container\">\n\t\t\t\t\t\t\t\t\t<p>Die Produktion erfolgt in unserem Werk in Piove di Sacco in Venetien.<\/p>\t\t\t\t\t\t\t\t<\/div>\n\t\t\t\t<\/div>\n\t\t\t\t<\/div>\n\t\t\t\t<\/div>\n\t\t\t\t<\/div>\n\t\t<div class=\"elementor-element elementor-element-37f8b1e e-con-full e-flex e-con e-parent\" data-id=\"37f8b1e\" data-element_type=\"container\" data-e-type=\"container\">\n\t\t<div class=\"elementor-element elementor-element-e2c784a e-con-full e-flex e-con e-child\" data-id=\"e2c784a\" data-element_type=\"container\" data-e-type=\"container\">\n\t\t<div class=\"elementor-element elementor-element-d426a82 e-con-full e-flex e-con e-child\" data-id=\"d426a82\" data-element_type=\"container\" data-e-type=\"container\">\n\t\t\t\t<div class=\"elementor-element elementor-element-bbcd033 elementor-widget elementor-widget-heading\" data-id=\"bbcd033\" data-element_type=\"widget\" data-e-type=\"widget\" data-widget_type=\"heading.default\">\n\t\t\t\t<div class=\"elementor-widget-container\">\n\t\t\t\t\t<h2 class=\"elementor-heading-title elementor-size-default\">Interne Qualit\u00e4tskontrolle<\/h2>\t\t\t\t<\/div>\n\t\t\t\t<\/div>\n\t\t\t\t<div class=\"elementor-element elementor-element-ca72244 elementor-widget elementor-widget-text-editor\" data-id=\"ca72244\" data-element_type=\"widget\" data-e-type=\"widget\" data-widget_type=\"text-editor.default\">\n\t\t\t\t<div class=\"elementor-widget-container\">\n\t\t\t\t\t\t\t\t\tIn unseren Produktionsprozess integrieren wir mehrere Schritte der Qualit\u00e4tskontrolle. Wir beginnen mit der \u00dcberpr\u00fcfung der Farbechtheit des eingehenden Garns und fahren fort mit zahlreichen Sichtkontrollen und Tests zur Dimensionsstabilit\u00e4t der produzierten Artikel. Dieser Prozess wird durch unser st\u00e4ndiges Engagement f\u00fcr die Aufrechterhaltung von Textilzertifizierungen unterst\u00fctzt.  \n\t\t\t\t\t\t\t\t<\/div>\n\t\t\t\t<\/div>\n\t\t\t\t<\/div>\n\t\t<div class=\"elementor-element elementor-element-7c4fbe1 e-con-full e-flex e-con e-child\" data-id=\"7c4fbe1\" data-element_type=\"container\" data-e-type=\"container\">\n\t\t\t\t<div class=\"elementor-element elementor-element-40bc809 elementor-widget elementor-widget-image\" data-id=\"40bc809\" data-element_type=\"widget\" data-e-type=\"widget\" data-widget_type=\"image.default\">\n\t\t\t\t<div class=\"elementor-widget-container\">\n\t\t\t\t\t\t\t\t\t\t\t\t\t\t\t<img fetchpriority=\"high\" decoding=\"async\" width=\"800\" height=\"532\" src=\"https:\/\/www.victor.it\/wp-content\/uploads\/2024\/07\/controllo-qualita.jpg\" class=\"attachment-large size-large wp-image-1974\" alt=\"\" srcset=\"https:\/\/www.victor.it\/wp-content\/uploads\/2024\/07\/controllo-qualita.jpg 800w, https:\/\/www.victor.it\/wp-content\/uploads\/2024\/07\/controllo-qualita-300x200.jpg 300w, https:\/\/www.victor.it\/wp-content\/uploads\/2024\/07\/controllo-qualita-768x511.jpg 768w, https:\/\/www.victor.it\/wp-content\/uploads\/2024\/07\/controllo-qualita-600x399.jpg 600w\" sizes=\"(max-width: 800px) 100vw, 800px\" \/>\t\t\t\t\t\t\t\t\t\t\t\t\t\t\t<\/div>\n\t\t\t\t<\/div>\n\t\t\t\t<\/div>\n\t\t\t\t<\/div>\n\t\t<div class=\"elementor-element elementor-element-6cdfdb8 e-con-full e-flex e-con e-child\" data-id=\"6cdfdb8\" data-element_type=\"container\" data-e-type=\"container\">\n\t\t<div class=\"elementor-element elementor-element-a59ad47 e-con-full e-flex e-con e-child\" data-id=\"a59ad47\" data-element_type=\"container\" data-e-type=\"container\">\n\t\t\t\t<div class=\"elementor-element elementor-element-69d18e3 elementor-widget elementor-widget-image\" data-id=\"69d18e3\" data-element_type=\"widget\" data-e-type=\"widget\" data-widget_type=\"image.default\">\n\t\t\t\t<div class=\"elementor-widget-container\">\n\t\t\t\t\t\t\t\t\t\t\t\t\t\t\t<img decoding=\"async\" width=\"800\" height=\"534\" src=\"https:\/\/www.victor.it\/wp-content\/uploads\/2024\/10\/nastrificio-victor-sostenibilita-1024x683.jpg\" class=\"attachment-large size-large wp-image-97613\" alt=\"Sostenibilit\u00e0 pannelli solari Nastrificio Victor\" srcset=\"https:\/\/www.victor.it\/wp-content\/uploads\/2024\/10\/nastrificio-victor-sostenibilita-1024x683.jpg 1024w, https:\/\/www.victor.it\/wp-content\/uploads\/2024\/10\/nastrificio-victor-sostenibilita-300x200.jpg 300w, https:\/\/www.victor.it\/wp-content\/uploads\/2024\/10\/nastrificio-victor-sostenibilita-768x512.jpg 768w, https:\/\/www.victor.it\/wp-content\/uploads\/2024\/10\/nastrificio-victor-sostenibilita-600x400.jpg 600w, https:\/\/www.victor.it\/wp-content\/uploads\/2024\/10\/nastrificio-victor-sostenibilita.jpg 1200w\" sizes=\"(max-width: 800px) 100vw, 800px\" \/>\t\t\t\t\t\t\t\t\t\t\t\t\t\t\t<\/div>\n\t\t\t\t<\/div>\n\t\t\t\t<\/div>\n\t\t<div class=\"elementor-element elementor-element-8937be4 e-con-full e-flex e-con e-child\" data-id=\"8937be4\" data-element_type=\"container\" data-e-type=\"container\">\n\t\t\t\t<div class=\"elementor-element elementor-element-4825835 elementor-widget elementor-widget-heading\" data-id=\"4825835\" data-element_type=\"widget\" data-e-type=\"widget\" data-widget_type=\"heading.default\">\n\t\t\t\t<div class=\"elementor-widget-container\">\n\t\t\t\t\t<h2 class=\"elementor-heading-title elementor-size-default\">Unsere Qualit\u00e4t ist nachhaltig!<\/h2>\t\t\t\t<\/div>\n\t\t\t\t<\/div>\n\t\t\t\t<div class=\"elementor-element elementor-element-d0ae862 elementor-widget elementor-widget-text-editor\" data-id=\"d0ae862\" data-element_type=\"widget\" data-e-type=\"widget\" data-widget_type=\"text-editor.default\">\n\t\t\t\t<div class=\"elementor-widget-container\">\n\t\t\t\t\t\t\t\t\tWir haben uns f\u00fcr nachhaltige Energiel\u00f6sungen f\u00fcr unsere Produktionsaktivit\u00e4ten entschieden. Mit der Installation der Photovoltaikanlage mit einer installierten Leistung von 225 kW sind wir in der Lage, einen erheblichen Teil der f\u00fcr unseren internen Bedarf ben\u00f6tigten Energie zu erzeugen und unsere Abh\u00e4ngigkeit von nicht erneuerbaren Energiequellen zu verringern. Dieses System erm\u00f6glicht es uns, saubere Energie zu erzeugen und tr\u00e4gt damit zu einer effizienteren und verantwortungsvolleren Produktion bei.  \t\t\t\t\t\t\t\t<\/div>\n\t\t\t\t<\/div>\n\t\t\t\t<\/div>\n\t\t\t\t<\/div>\n\t\t\t\t<\/div>\n\t\t\t\t<\/div>\n\t\t","protected":false},"excerpt":{"rendered":"<p>Qualit\u00e4t Produktion hochwertiger Webb\u00e4nder Das Streben nach Qualit\u00e4t leitet unsere Prozesse t\u00e4glich, von der Beschaffung der Rohstoffe bis zur Verpackung der fertigen Bestellung. Dieses Engagement zeigt sich in kontrollierten Produktionsprozessen und in der Auswahl von Lieferanten aus gepr\u00fcften Lieferketten. Diese Produktionsphilosophie erm\u00f6glicht es uns, optimale Produkte zu garantieren, die Wirtschaft unserer Region und die dortigen [&hellip;]<\/p>\n","protected":false},"author":1,"featured_media":0,"parent":0,"menu_order":30,"comment_status":"closed","ping_status":"closed","template":"","meta":{"_acf_changed":false,"footnotes":""},"class_list":["post-99835","page","type-page","status-publish","hentry"],"acf":[],"yoast_head":"<!-- This site is optimized with the Yoast SEO plugin v27.2 - https:\/\/yoast.com\/product\/yoast-seo-wordpress\/ -->\n<title>Qualit\u00e4t Made in Italy B\u00e4nder, Kordeln, Gummib\u00e4nder, Schn\u00fcre, Paspeln<\/title>\n<meta name=\"description\" content=\"Wir arbeiten mit dem Ziel h\u00f6chster Qualit\u00e4t und einer gro\u00dfen Auswahl an Fasern, um Tausende verschiedener B\u00e4nder, Kordeln und Gummib\u00e4nder herzustellen, die zu 100 % in Italien hergestellt werden.\" \/>\n<meta name=\"robots\" content=\"index, follow, max-snippet:-1, max-image-preview:large, max-video-preview:-1\" \/>\n<link rel=\"canonical\" href=\"https:\/\/www.victor.it\/de\/qualitat\/\" \/>\n<meta property=\"og:locale\" content=\"de_DE\" \/>\n<meta property=\"og:type\" content=\"article\" \/>\n<meta property=\"og:title\" content=\"Qualit\u00e4t Made in Italy B\u00e4nder, Kordeln, Gummib\u00e4nder, Schn\u00fcre, Paspeln\" \/>\n<meta property=\"og:description\" content=\"Wir arbeiten mit dem Ziel h\u00f6chster Qualit\u00e4t und einer gro\u00dfen Auswahl an Fasern, um Tausende verschiedener B\u00e4nder, Kordeln und Gummib\u00e4nder herzustellen, die zu 100 % in Italien hergestellt werden.\" \/>\n<meta property=\"og:url\" content=\"https:\/\/www.victor.it\/de\/qualitat\/\" \/>\n<meta property=\"og:site_name\" content=\"Nastrificio Victor\" \/>\n<meta property=\"article:modified_time\" content=\"2026-03-04T17:35:27+00:00\" \/>\n<meta property=\"og:image\" content=\"https:\/\/www.victor.it\/wp-content\/uploads\/2024\/07\/controllo-qualita.jpg\" \/>\n\t<meta property=\"og:image:width\" content=\"800\" \/>\n\t<meta property=\"og:image:height\" content=\"532\" \/>\n\t<meta property=\"og:image:type\" content=\"image\/jpeg\" \/>\n<meta name=\"twitter:card\" content=\"summary_large_image\" \/>\n<meta name=\"twitter:label1\" content=\"Gesch\u00e4tzte Lesezeit\" \/>\n\t<meta name=\"twitter:data1\" content=\"2\u00a0Minuten\" \/>\n<script type=\"application\/ld+json\" class=\"yoast-schema-graph\">{\"@context\":\"https:\/\/schema.org\",\"@graph\":[{\"@type\":\"WebPage\",\"@id\":\"https:\/\/www.victor.it\/de\/qualitat\/\",\"url\":\"https:\/\/www.victor.it\/de\/qualitat\/\",\"name\":\"Qualit\u00e4t Made in Italy B\u00e4nder, Kordeln, Gummib\u00e4nder, Schn\u00fcre, Paspeln\",\"isPartOf\":{\"@id\":\"https:\/\/www.victor.it\/de\/#website\"},\"primaryImageOfPage\":{\"@id\":\"https:\/\/www.victor.it\/de\/qualitat\/#primaryimage\"},\"image\":{\"@id\":\"https:\/\/www.victor.it\/de\/qualitat\/#primaryimage\"},\"thumbnailUrl\":\"https:\/\/www.victor.it\/wp-content\/uploads\/2024\/07\/controllo-qualita.jpg\",\"datePublished\":\"2024-07-18T13:38:51+00:00\",\"dateModified\":\"2026-03-04T17:35:27+00:00\",\"description\":\"Wir arbeiten mit dem Ziel h\u00f6chster Qualit\u00e4t und einer gro\u00dfen Auswahl an Fasern, um Tausende verschiedener B\u00e4nder, Kordeln und Gummib\u00e4nder herzustellen, die zu 100 % in Italien hergestellt werden.\",\"breadcrumb\":{\"@id\":\"https:\/\/www.victor.it\/de\/qualitat\/#breadcrumb\"},\"inLanguage\":\"de\",\"potentialAction\":[{\"@type\":\"ReadAction\",\"target\":[\"https:\/\/www.victor.it\/de\/qualitat\/\"]}]},{\"@type\":\"ImageObject\",\"inLanguage\":\"de\",\"@id\":\"https:\/\/www.victor.it\/de\/qualitat\/#primaryimage\",\"url\":\"https:\/\/www.victor.it\/wp-content\/uploads\/2024\/07\/controllo-qualita.jpg\",\"contentUrl\":\"https:\/\/www.victor.it\/wp-content\/uploads\/2024\/07\/controllo-qualita.jpg\"},{\"@type\":\"BreadcrumbList\",\"@id\":\"https:\/\/www.victor.it\/de\/qualitat\/#breadcrumb\",\"itemListElement\":[{\"@type\":\"ListItem\",\"position\":1,\"name\":\"Home\",\"item\":\"https:\/\/www.victor.it\/de\/home-2\/\"},{\"@type\":\"ListItem\",\"position\":2,\"name\":\"Qualit\u00e4t\"}]},{\"@type\":\"WebSite\",\"@id\":\"https:\/\/www.victor.it\/de\/#website\",\"url\":\"https:\/\/www.victor.it\/de\/\",\"name\":\"Nastrificio Victor\",\"description\":\"B\u00e4nder, Kordeln, Elastische B\u00e4nder, Schn\u00fcrsenkel f\u00fcr die Modeindustrie\",\"potentialAction\":[{\"@type\":\"SearchAction\",\"target\":{\"@type\":\"EntryPoint\",\"urlTemplate\":\"https:\/\/www.victor.it\/de\/?s={search_term_string}\"},\"query-input\":{\"@type\":\"PropertyValueSpecification\",\"valueRequired\":true,\"valueName\":\"search_term_string\"}}],\"inLanguage\":\"de\"}]}<\/script>\n<!-- \/ Yoast SEO plugin. -->","yoast_head_json":{"title":"Qualit\u00e4t Made in Italy B\u00e4nder, Kordeln, Gummib\u00e4nder, Schn\u00fcre, Paspeln","description":"Wir arbeiten mit dem Ziel h\u00f6chster Qualit\u00e4t und einer gro\u00dfen Auswahl an Fasern, um Tausende verschiedener B\u00e4nder, Kordeln und Gummib\u00e4nder herzustellen, die zu 100 % in Italien hergestellt werden.","robots":{"index":"index","follow":"follow","max-snippet":"max-snippet:-1","max-image-preview":"max-image-preview:large","max-video-preview":"max-video-preview:-1"},"canonical":"https:\/\/www.victor.it\/de\/qualitat\/","og_locale":"de_DE","og_type":"article","og_title":"Qualit\u00e4t Made in Italy B\u00e4nder, Kordeln, Gummib\u00e4nder, Schn\u00fcre, Paspeln","og_description":"Wir arbeiten mit dem Ziel h\u00f6chster Qualit\u00e4t und einer gro\u00dfen Auswahl an Fasern, um Tausende verschiedener B\u00e4nder, Kordeln und Gummib\u00e4nder herzustellen, die zu 100 % in Italien hergestellt werden.","og_url":"https:\/\/www.victor.it\/de\/qualitat\/","og_site_name":"Nastrificio Victor","article_modified_time":"2026-03-04T17:35:27+00:00","og_image":[{"width":800,"height":532,"url":"https:\/\/www.victor.it\/wp-content\/uploads\/2024\/07\/controllo-qualita.jpg","type":"image\/jpeg"}],"twitter_card":"summary_large_image","twitter_misc":{"Gesch\u00e4tzte Lesezeit":"2\u00a0Minuten"},"schema":{"@context":"https:\/\/schema.org","@graph":[{"@type":"WebPage","@id":"https:\/\/www.victor.it\/de\/qualitat\/","url":"https:\/\/www.victor.it\/de\/qualitat\/","name":"Qualit\u00e4t Made in Italy B\u00e4nder, Kordeln, Gummib\u00e4nder, Schn\u00fcre, Paspeln","isPartOf":{"@id":"https:\/\/www.victor.it\/de\/#website"},"primaryImageOfPage":{"@id":"https:\/\/www.victor.it\/de\/qualitat\/#primaryimage"},"image":{"@id":"https:\/\/www.victor.it\/de\/qualitat\/#primaryimage"},"thumbnailUrl":"https:\/\/www.victor.it\/wp-content\/uploads\/2024\/07\/controllo-qualita.jpg","datePublished":"2024-07-18T13:38:51+00:00","dateModified":"2026-03-04T17:35:27+00:00","description":"Wir arbeiten mit dem Ziel h\u00f6chster Qualit\u00e4t und einer gro\u00dfen Auswahl an Fasern, um Tausende verschiedener B\u00e4nder, Kordeln und Gummib\u00e4nder herzustellen, die zu 100 % in Italien hergestellt werden.","breadcrumb":{"@id":"https:\/\/www.victor.it\/de\/qualitat\/#breadcrumb"},"inLanguage":"de","potentialAction":[{"@type":"ReadAction","target":["https:\/\/www.victor.it\/de\/qualitat\/"]}]},{"@type":"ImageObject","inLanguage":"de","@id":"https:\/\/www.victor.it\/de\/qualitat\/#primaryimage","url":"https:\/\/www.victor.it\/wp-content\/uploads\/2024\/07\/controllo-qualita.jpg","contentUrl":"https:\/\/www.victor.it\/wp-content\/uploads\/2024\/07\/controllo-qualita.jpg"},{"@type":"BreadcrumbList","@id":"https:\/\/www.victor.it\/de\/qualitat\/#breadcrumb","itemListElement":[{"@type":"ListItem","position":1,"name":"Home","item":"https:\/\/www.victor.it\/de\/home-2\/"},{"@type":"ListItem","position":2,"name":"Qualit\u00e4t"}]},{"@type":"WebSite","@id":"https:\/\/www.victor.it\/de\/#website","url":"https:\/\/www.victor.it\/de\/","name":"Nastrificio Victor","description":"B\u00e4nder, Kordeln, Elastische B\u00e4nder, Schn\u00fcrsenkel f\u00fcr die Modeindustrie","potentialAction":[{"@type":"SearchAction","target":{"@type":"EntryPoint","urlTemplate":"https:\/\/www.victor.it\/de\/?s={search_term_string}"},"query-input":{"@type":"PropertyValueSpecification","valueRequired":true,"valueName":"search_term_string"}}],"inLanguage":"de"}]}},"_links":{"self":[{"href":"https:\/\/www.victor.it\/de\/wp-json\/wp\/v2\/pages\/99835","targetHints":{"allow":["GET"]}}],"collection":[{"href":"https:\/\/www.victor.it\/de\/wp-json\/wp\/v2\/pages"}],"about":[{"href":"https:\/\/www.victor.it\/de\/wp-json\/wp\/v2\/types\/page"}],"author":[{"embeddable":true,"href":"https:\/\/www.victor.it\/de\/wp-json\/wp\/v2\/users\/1"}],"replies":[{"embeddable":true,"href":"https:\/\/www.victor.it\/de\/wp-json\/wp\/v2\/comments?post=99835"}],"version-history":[{"count":4,"href":"https:\/\/www.victor.it\/de\/wp-json\/wp\/v2\/pages\/99835\/revisions"}],"predecessor-version":[{"id":100709,"href":"https:\/\/www.victor.it\/de\/wp-json\/wp\/v2\/pages\/99835\/revisions\/100709"}],"wp:attachment":[{"href":"https:\/\/www.victor.it\/de\/wp-json\/wp\/v2\/media?parent=99835"}],"curies":[{"name":"wp","href":"https:\/\/api.w.org\/{rel}","templated":true}]}}