{"id":99855,"date":"2024-03-21T15:37:37","date_gmt":"2024-03-21T15:37:37","guid":{"rendered":"https:\/\/www.victor.it\/kollektionen\/"},"modified":"2026-03-04T11:45:34","modified_gmt":"2026-03-04T11:45:34","slug":"kollektionen","status":"publish","type":"page","link":"https:\/\/www.victor.it\/de\/kollektionen\/","title":{"rendered":"Kollektionen"},"content":{"rendered":"\t\t<div data-elementor-type=\"wp-page\" data-elementor-id=\"99855\" class=\"elementor elementor-99855 elementor-43\" data-elementor-post-type=\"page\">\n\t\t\t\t<div class=\"elementor-element elementor-element-0529355 e-con-full e-flex e-con e-parent\" data-id=\"0529355\" data-element_type=\"container\" data-e-type=\"container\">\n\t\t<div class=\"elementor-element elementor-element-df27c9c e-con-full e-flex e-con e-child\" data-id=\"df27c9c\" data-element_type=\"container\" data-e-type=\"container\">\n\t\t\t\t<div class=\"elementor-element elementor-element-eb0678e elementor-widget elementor-widget-heading\" data-id=\"eb0678e\" data-element_type=\"widget\" data-e-type=\"widget\" data-widget_type=\"heading.default\">\n\t\t\t\t<div class=\"elementor-widget-container\">\n\t\t\t\t\t<h2 class=\"elementor-heading-title elementor-size-default\">Neue Kollektion<\/h2>\t\t\t\t<\/div>\n\t\t\t\t<\/div>\n\t\t\t\t<div class=\"elementor-element elementor-element-f321de8 elementor-widget elementor-widget-heading\" data-id=\"f321de8\" data-element_type=\"widget\" data-e-type=\"widget\" data-widget_type=\"heading.default\">\n\t\t\t\t<div class=\"elementor-widget-container\">\n\t\t\t\t\t<h1 class=\"elementor-heading-title elementor-size-default\">Unsere Auswahl an B\u00e4ndern<\/h1>\t\t\t\t<\/div>\n\t\t\t\t<\/div>\n\t\t\t\t<div class=\"elementor-element elementor-element-6ef638d elementor-widget elementor-widget-text-editor\" data-id=\"6ef638d\" data-element_type=\"widget\" data-e-type=\"widget\" data-widget_type=\"text-editor.default\">\n\t\t\t\t<div class=\"elementor-widget-container\">\n\t\t\t\t\t\t\t\t\t<p>Nastrificio Victor pr\u00e4sentiert zwei Mal j\u00e4hrlich neue Kollektionen, damit die Kunden immer die passendsten Produkte f\u00fcr ihre Kreationen finden. Fasern, Farben und saisonale Trends werden anhand eingehender Recherchen in der Modewelt sorgf\u00e4ltig ausgew\u00e4hlt, damit die angebotenen L\u00f6sungen den j\u00fcngsten Neuheiten der Branche entsprechen. Die Kollektionen werden von unseren Vertretern weltweit mit Trendbooks pr\u00e4sentiert oder k\u00f6nnen in digitaler Form im entsprechenden Bereich unserer Website angesehen werden. <\/p><p>Die Kollektionen werden mit den von unseren Vertretern weltweit vorgestellten Saison-Trendbooks pr\u00e4sentiert oder k\u00f6nnen in digitaler Form im entsprechenden Bereich unserer Website angesehen werden.<\/p>\t\t\t\t\t\t\t\t<\/div>\n\t\t\t\t<\/div>\n\t\t\t\t<\/div>\n\t\t\t\t<\/div>\n\t\t<div class=\"elementor-element elementor-element-1c901b0 e-flex e-con-boxed e-con e-parent\" data-id=\"1c901b0\" data-element_type=\"container\" data-e-type=\"container\" data-settings=\"{&quot;background_background&quot;:&quot;classic&quot;}\">\n\t\t\t\t\t<div class=\"e-con-inner\">\n\t\t\t\t<div class=\"elementor-element elementor-element-14d7e9c elementor-widget elementor-widget-heading\" data-id=\"14d7e9c\" data-element_type=\"widget\" data-e-type=\"widget\" data-widget_type=\"heading.default\">\n\t\t\t\t<div class=\"elementor-widget-container\">\n\t\t\t\t\t<h2 class=\"elementor-heading-title elementor-size-default\">NEW IN <br>Die neue Kollektion SS 27 ist da!<\/h2>\t\t\t\t<\/div>\n\t\t\t\t<\/div>\n\t\t<div class=\"elementor-element elementor-element-2886db9 e-con-full e-flex e-con e-child\" data-id=\"2886db9\" data-element_type=\"container\" data-e-type=\"container\">\n\t\t<div class=\"elementor-element elementor-element-8acf196 e-flex e-con-boxed e-con e-child\" data-id=\"8acf196\" data-element_type=\"container\" data-e-type=\"container\">\n\t\t\t\t\t<div class=\"e-con-inner\">\n\t\t\t\t<div class=\"elementor-element elementor-element-8e90645 elementor-widget elementor-widget-image\" data-id=\"8e90645\" data-element_type=\"widget\" data-e-type=\"widget\" data-widget_type=\"image.default\">\n\t\t\t\t<div class=\"elementor-widget-container\">\n\t\t\t\t\t\t\t\t\t\t\t\t\t\t\t\t<a href=\"https:\/\/www.victor.it\/collezioni\/collezione-sport\/\">\n\t\t\t\t\t\t\t<img fetchpriority=\"high\" decoding=\"async\" width=\"800\" height=\"924\" src=\"https:\/\/www.victor.it\/wp-content\/uploads\/2026\/01\/SPORT-copertina-ss27-887x1024.avif\" class=\"attachment-large size-large wp-image-99774 not-transparent\" alt=\"\" srcset=\"https:\/\/www.victor.it\/wp-content\/uploads\/2026\/01\/SPORT-copertina-ss27-887x1024.avif 887w, https:\/\/www.victor.it\/wp-content\/uploads\/2026\/01\/SPORT-copertina-ss27-260x300.avif 260w, https:\/\/www.victor.it\/wp-content\/uploads\/2026\/01\/SPORT-copertina-ss27-768x887.avif 768w, https:\/\/www.victor.it\/wp-content\/uploads\/2026\/01\/SPORT-copertina-ss27-1330x1536.avif 1330w, https:\/\/www.victor.it\/wp-content\/uploads\/2026\/01\/SPORT-copertina-ss27-1773x2048.avif 1773w, https:\/\/www.victor.it\/wp-content\/uploads\/2026\/01\/SPORT-copertina-ss27-600x693.avif 600w, https:\/\/www.victor.it\/wp-content\/uploads\/2026\/01\/SPORT-copertina-ss27.avif 2000w\" sizes=\"(max-width: 800px) 100vw, 800px\" data-has-transparency=\"false\" data-dominant-color=\"8f7a77\" style=\"--dominant-color: #8f7a77\" \/>\t\t\t\t\t\t\t\t<\/a>\n\t\t\t\t\t\t\t\t\t\t\t\t\t\t\t<\/div>\n\t\t\t\t<\/div>\n\t\t\t\t<div class=\"elementor-element elementor-element-eed815d elementor-widget elementor-widget-heading\" data-id=\"eed815d\" data-element_type=\"widget\" data-e-type=\"widget\" data-widget_type=\"heading.default\">\n\t\t\t\t<div class=\"elementor-widget-container\">\n\t\t\t\t\t<h2 class=\"elementor-heading-title elementor-size-default\">Spring Summer 27 \u2013 Sport<\/h2>\t\t\t\t<\/div>\n\t\t\t\t<\/div>\n\t\t\t\t<div class=\"elementor-element elementor-element-f3adf03 elementor-widget elementor-widget-button\" data-id=\"f3adf03\" data-element_type=\"widget\" data-e-type=\"widget\" data-widget_type=\"button.default\">\n\t\t\t\t<div class=\"elementor-widget-container\">\n\t\t\t\t\t\t\t\t\t<div class=\"elementor-button-wrapper\">\n\t\t\t\t\t<a class=\"elementor-button elementor-button-link elementor-size-sm elementor-animation-float\" href=\"https:\/\/www.victor.it\/de\/kollektionen\/collezione-sport\/\">\n\t\t\t\t\t\t<span class=\"elementor-button-content-wrapper\">\n\t\t\t\t\t\t\t\t\t<span class=\"elementor-button-text\">Bl\u00e4ttern Sie durch die Online-Preview<\/span>\n\t\t\t\t\t<\/span>\n\t\t\t\t\t<\/a>\n\t\t\t\t<\/div>\n\t\t\t\t\t\t\t\t<\/div>\n\t\t\t\t<\/div>\n\t\t\t\t\t<\/div>\n\t\t\t\t<\/div>\n\t\t<div class=\"elementor-element elementor-element-35a0baa e-flex e-con-boxed e-con e-child\" data-id=\"35a0baa\" data-element_type=\"container\" data-e-type=\"container\">\n\t\t\t\t\t<div class=\"e-con-inner\">\n\t\t\t\t<div class=\"elementor-element elementor-element-05d937b elementor-widget elementor-widget-image\" data-id=\"05d937b\" data-element_type=\"widget\" data-e-type=\"widget\" data-widget_type=\"image.default\">\n\t\t\t\t<div class=\"elementor-widget-container\">\n\t\t\t\t\t\t\t\t\t\t\t\t\t\t\t\t<a href=\"https:\/\/www.victor.it\/collezioni\/collezione-contemporary\/\">\n\t\t\t\t\t\t\t<img decoding=\"async\" width=\"800\" height=\"924\" src=\"https:\/\/www.victor.it\/wp-content\/uploads\/2026\/01\/CONTEMPORARY-copertina-ss27-887x1024.avif\" class=\"attachment-large size-large wp-image-99776 not-transparent\" alt=\"\" srcset=\"https:\/\/www.victor.it\/wp-content\/uploads\/2026\/01\/CONTEMPORARY-copertina-ss27-887x1024.avif 887w, https:\/\/www.victor.it\/wp-content\/uploads\/2026\/01\/CONTEMPORARY-copertina-ss27-260x300.avif 260w, https:\/\/www.victor.it\/wp-content\/uploads\/2026\/01\/CONTEMPORARY-copertina-ss27-768x887.avif 768w, https:\/\/www.victor.it\/wp-content\/uploads\/2026\/01\/CONTEMPORARY-copertina-ss27-1330x1536.avif 1330w, https:\/\/www.victor.it\/wp-content\/uploads\/2026\/01\/CONTEMPORARY-copertina-ss27-1773x2048.avif 1773w, https:\/\/www.victor.it\/wp-content\/uploads\/2026\/01\/CONTEMPORARY-copertina-ss27-600x693.avif 600w, https:\/\/www.victor.it\/wp-content\/uploads\/2026\/01\/CONTEMPORARY-copertina-ss27.avif 2000w\" sizes=\"(max-width: 800px) 100vw, 800px\" data-has-transparency=\"false\" data-dominant-color=\"71777f\" style=\"--dominant-color: #71777f\" \/>\t\t\t\t\t\t\t\t<\/a>\n\t\t\t\t\t\t\t\t\t\t\t\t\t\t\t<\/div>\n\t\t\t\t<\/div>\n\t\t\t\t<div class=\"elementor-element elementor-element-9ed5b75 elementor-widget elementor-widget-heading\" data-id=\"9ed5b75\" data-element_type=\"widget\" data-e-type=\"widget\" data-widget_type=\"heading.default\">\n\t\t\t\t<div class=\"elementor-widget-container\">\n\t\t\t\t\t<h2 class=\"elementor-heading-title elementor-size-default\">Spring Summer 27 \u2013 Contemporary<\/h2>\t\t\t\t<\/div>\n\t\t\t\t<\/div>\n\t\t\t\t<div class=\"elementor-element elementor-element-ba3f093 elementor-widget elementor-widget-button\" data-id=\"ba3f093\" data-element_type=\"widget\" data-e-type=\"widget\" data-widget_type=\"button.default\">\n\t\t\t\t<div class=\"elementor-widget-container\">\n\t\t\t\t\t\t\t\t\t<div class=\"elementor-button-wrapper\">\n\t\t\t\t\t<a class=\"elementor-button elementor-button-link elementor-size-sm elementor-animation-float\" href=\"https:\/\/www.victor.it\/de\/kollektionen\/collezione-contemporary\/\">\n\t\t\t\t\t\t<span class=\"elementor-button-content-wrapper\">\n\t\t\t\t\t\t\t\t\t<span class=\"elementor-button-text\">Bl\u00e4ttern Sie durch die Online-Preview<\/span>\n\t\t\t\t\t<\/span>\n\t\t\t\t\t<\/a>\n\t\t\t\t<\/div>\n\t\t\t\t\t\t\t\t<\/div>\n\t\t\t\t<\/div>\n\t\t\t\t\t<\/div>\n\t\t\t\t<\/div>\n\t\t\t\t<\/div>\n\t\t\t\t\t<\/div>\n\t\t\t\t<\/div>\n\t\t\t\t<\/div>\n\t\t","protected":false},"excerpt":{"rendered":"<p>Neue Kollektion Unsere Auswahl an B\u00e4ndern Nastrificio Victor pr\u00e4sentiert zwei Mal j\u00e4hrlich neue Kollektionen, damit die Kunden immer die passendsten Produkte f\u00fcr ihre Kreationen finden. Fasern, Farben und saisonale Trends werden anhand eingehender Recherchen in der Modewelt sorgf\u00e4ltig ausgew\u00e4hlt, damit die angebotenen L\u00f6sungen den j\u00fcngsten Neuheiten der Branche entsprechen. Die Kollektionen werden von unseren Vertretern [&hellip;]<\/p>\n","protected":false},"author":1,"featured_media":0,"parent":0,"menu_order":70,"comment_status":"closed","ping_status":"closed","template":"elementor_theme","meta":{"_acf_changed":false,"footnotes":""},"class_list":["post-99855","page","type-page","status-publish","hentry"],"acf":[],"yoast_head":"<!-- This site is optimized with the Yoast SEO plugin v27.2 - https:\/\/yoast.com\/product\/yoast-seo-wordpress\/ -->\n<title>Band-Kollektion, Kordeln, Gummib\u00e4nder, Schn\u00fcrsenkel, Paspeln<\/title>\n<meta name=\"description\" content=\"Nastrificio Victor pr\u00e4sentiert alle sechs Monate neue Kollektionen, um Sie bei der Auswahl der f\u00fcr Ihre Kreationen am besten geeigneten B\u00e4nder zu inspirieren.\" \/>\n<meta name=\"robots\" content=\"index, follow, max-snippet:-1, max-image-preview:large, max-video-preview:-1\" \/>\n<link rel=\"canonical\" href=\"https:\/\/www.victor.it\/de\/kollektionen\/\" \/>\n<meta property=\"og:locale\" content=\"de_DE\" \/>\n<meta property=\"og:type\" content=\"article\" \/>\n<meta property=\"og:title\" content=\"Band-Kollektion, Kordeln, Gummib\u00e4nder, Schn\u00fcrsenkel, Paspeln\" \/>\n<meta property=\"og:description\" content=\"Nastrificio Victor pr\u00e4sentiert alle sechs Monate neue Kollektionen, um Sie bei der Auswahl der f\u00fcr Ihre Kreationen am besten geeigneten B\u00e4nder zu inspirieren.\" \/>\n<meta property=\"og:url\" content=\"https:\/\/www.victor.it\/de\/kollektionen\/\" \/>\n<meta property=\"og:site_name\" content=\"Nastrificio Victor\" \/>\n<meta property=\"article:modified_time\" content=\"2026-03-04T11:45:34+00:00\" \/>\n<meta property=\"og:image\" content=\"https:\/\/www.victor.it\/wp-content\/uploads\/2026\/01\/SPORT-copertina-ss27.avif\" \/>\n\t<meta property=\"og:image:width\" content=\"2000\" \/>\n\t<meta property=\"og:image:height\" content=\"2310\" \/>\n\t<meta property=\"og:image:type\" content=\"image\/jpeg\" \/>\n<meta name=\"twitter:card\" content=\"summary_large_image\" \/>\n<meta name=\"twitter:label1\" content=\"Gesch\u00e4tzte Lesezeit\" \/>\n\t<meta name=\"twitter:data1\" content=\"1\u00a0Minute\" \/>\n<script type=\"application\/ld+json\" class=\"yoast-schema-graph\">{\"@context\":\"https:\/\/schema.org\",\"@graph\":[{\"@type\":\"WebPage\",\"@id\":\"https:\/\/www.victor.it\/de\/kollektionen\/\",\"url\":\"https:\/\/www.victor.it\/de\/kollektionen\/\",\"name\":\"Band-Kollektion, Kordeln, Gummib\u00e4nder, Schn\u00fcrsenkel, Paspeln\",\"isPartOf\":{\"@id\":\"https:\/\/www.victor.it\/de\/#website\"},\"primaryImageOfPage\":{\"@id\":\"https:\/\/www.victor.it\/de\/kollektionen\/#primaryimage\"},\"image\":{\"@id\":\"https:\/\/www.victor.it\/de\/kollektionen\/#primaryimage\"},\"thumbnailUrl\":\"https:\/\/www.victor.it\/wp-content\/uploads\/2026\/01\/SPORT-copertina-ss27-887x1024.avif\",\"datePublished\":\"2024-03-21T15:37:37+00:00\",\"dateModified\":\"2026-03-04T11:45:34+00:00\",\"description\":\"Nastrificio Victor pr\u00e4sentiert alle sechs Monate neue Kollektionen, um Sie bei der Auswahl der f\u00fcr Ihre Kreationen am besten geeigneten B\u00e4nder zu inspirieren.\",\"breadcrumb\":{\"@id\":\"https:\/\/www.victor.it\/de\/kollektionen\/#breadcrumb\"},\"inLanguage\":\"de\",\"potentialAction\":[{\"@type\":\"ReadAction\",\"target\":[\"https:\/\/www.victor.it\/de\/kollektionen\/\"]}]},{\"@type\":\"ImageObject\",\"inLanguage\":\"de\",\"@id\":\"https:\/\/www.victor.it\/de\/kollektionen\/#primaryimage\",\"url\":\"https:\/\/www.victor.it\/wp-content\/uploads\/2026\/01\/SPORT-copertina-ss27-887x1024.avif\",\"contentUrl\":\"https:\/\/www.victor.it\/wp-content\/uploads\/2026\/01\/SPORT-copertina-ss27-887x1024.avif\"},{\"@type\":\"BreadcrumbList\",\"@id\":\"https:\/\/www.victor.it\/de\/kollektionen\/#breadcrumb\",\"itemListElement\":[{\"@type\":\"ListItem\",\"position\":1,\"name\":\"Home\",\"item\":\"https:\/\/www.victor.it\/de\/home-2\/\"},{\"@type\":\"ListItem\",\"position\":2,\"name\":\"Kollektionen\"}]},{\"@type\":\"WebSite\",\"@id\":\"https:\/\/www.victor.it\/de\/#website\",\"url\":\"https:\/\/www.victor.it\/de\/\",\"name\":\"Nastrificio Victor\",\"description\":\"B\u00e4nder, Kordeln, Elastische B\u00e4nder, Schn\u00fcrsenkel f\u00fcr die Modeindustrie\",\"potentialAction\":[{\"@type\":\"SearchAction\",\"target\":{\"@type\":\"EntryPoint\",\"urlTemplate\":\"https:\/\/www.victor.it\/de\/?s={search_term_string}\"},\"query-input\":{\"@type\":\"PropertyValueSpecification\",\"valueRequired\":true,\"valueName\":\"search_term_string\"}}],\"inLanguage\":\"de\"}]}<\/script>\n<!-- \/ Yoast SEO plugin. -->","yoast_head_json":{"title":"Band-Kollektion, Kordeln, Gummib\u00e4nder, Schn\u00fcrsenkel, Paspeln","description":"Nastrificio Victor pr\u00e4sentiert alle sechs Monate neue Kollektionen, um Sie bei der Auswahl der f\u00fcr Ihre Kreationen am besten geeigneten B\u00e4nder zu inspirieren.","robots":{"index":"index","follow":"follow","max-snippet":"max-snippet:-1","max-image-preview":"max-image-preview:large","max-video-preview":"max-video-preview:-1"},"canonical":"https:\/\/www.victor.it\/de\/kollektionen\/","og_locale":"de_DE","og_type":"article","og_title":"Band-Kollektion, Kordeln, Gummib\u00e4nder, Schn\u00fcrsenkel, Paspeln","og_description":"Nastrificio Victor pr\u00e4sentiert alle sechs Monate neue Kollektionen, um Sie bei der Auswahl der f\u00fcr Ihre Kreationen am besten geeigneten B\u00e4nder zu inspirieren.","og_url":"https:\/\/www.victor.it\/de\/kollektionen\/","og_site_name":"Nastrificio Victor","article_modified_time":"2026-03-04T11:45:34+00:00","og_image":[{"width":2000,"height":2310,"url":"https:\/\/www.victor.it\/wp-content\/uploads\/2026\/01\/SPORT-copertina-ss27.avif","type":"image\/jpeg"}],"twitter_card":"summary_large_image","twitter_misc":{"Gesch\u00e4tzte Lesezeit":"1\u00a0Minute"},"schema":{"@context":"https:\/\/schema.org","@graph":[{"@type":"WebPage","@id":"https:\/\/www.victor.it\/de\/kollektionen\/","url":"https:\/\/www.victor.it\/de\/kollektionen\/","name":"Band-Kollektion, Kordeln, Gummib\u00e4nder, Schn\u00fcrsenkel, Paspeln","isPartOf":{"@id":"https:\/\/www.victor.it\/de\/#website"},"primaryImageOfPage":{"@id":"https:\/\/www.victor.it\/de\/kollektionen\/#primaryimage"},"image":{"@id":"https:\/\/www.victor.it\/de\/kollektionen\/#primaryimage"},"thumbnailUrl":"https:\/\/www.victor.it\/wp-content\/uploads\/2026\/01\/SPORT-copertina-ss27-887x1024.avif","datePublished":"2024-03-21T15:37:37+00:00","dateModified":"2026-03-04T11:45:34+00:00","description":"Nastrificio Victor pr\u00e4sentiert alle sechs Monate neue Kollektionen, um Sie bei der Auswahl der f\u00fcr Ihre Kreationen am besten geeigneten B\u00e4nder zu inspirieren.","breadcrumb":{"@id":"https:\/\/www.victor.it\/de\/kollektionen\/#breadcrumb"},"inLanguage":"de","potentialAction":[{"@type":"ReadAction","target":["https:\/\/www.victor.it\/de\/kollektionen\/"]}]},{"@type":"ImageObject","inLanguage":"de","@id":"https:\/\/www.victor.it\/de\/kollektionen\/#primaryimage","url":"https:\/\/www.victor.it\/wp-content\/uploads\/2026\/01\/SPORT-copertina-ss27-887x1024.avif","contentUrl":"https:\/\/www.victor.it\/wp-content\/uploads\/2026\/01\/SPORT-copertina-ss27-887x1024.avif"},{"@type":"BreadcrumbList","@id":"https:\/\/www.victor.it\/de\/kollektionen\/#breadcrumb","itemListElement":[{"@type":"ListItem","position":1,"name":"Home","item":"https:\/\/www.victor.it\/de\/home-2\/"},{"@type":"ListItem","position":2,"name":"Kollektionen"}]},{"@type":"WebSite","@id":"https:\/\/www.victor.it\/de\/#website","url":"https:\/\/www.victor.it\/de\/","name":"Nastrificio Victor","description":"B\u00e4nder, Kordeln, Elastische B\u00e4nder, Schn\u00fcrsenkel f\u00fcr die Modeindustrie","potentialAction":[{"@type":"SearchAction","target":{"@type":"EntryPoint","urlTemplate":"https:\/\/www.victor.it\/de\/?s={search_term_string}"},"query-input":{"@type":"PropertyValueSpecification","valueRequired":true,"valueName":"search_term_string"}}],"inLanguage":"de"}]}},"_links":{"self":[{"href":"https:\/\/www.victor.it\/de\/wp-json\/wp\/v2\/pages\/99855","targetHints":{"allow":["GET"]}}],"collection":[{"href":"https:\/\/www.victor.it\/de\/wp-json\/wp\/v2\/pages"}],"about":[{"href":"https:\/\/www.victor.it\/de\/wp-json\/wp\/v2\/types\/page"}],"author":[{"embeddable":true,"href":"https:\/\/www.victor.it\/de\/wp-json\/wp\/v2\/users\/1"}],"replies":[{"embeddable":true,"href":"https:\/\/www.victor.it\/de\/wp-json\/wp\/v2\/comments?post=99855"}],"version-history":[{"count":4,"href":"https:\/\/www.victor.it\/de\/wp-json\/wp\/v2\/pages\/99855\/revisions"}],"predecessor-version":[{"id":99953,"href":"https:\/\/www.victor.it\/de\/wp-json\/wp\/v2\/pages\/99855\/revisions\/99953"}],"wp:attachment":[{"href":"https:\/\/www.victor.it\/de\/wp-json\/wp\/v2\/media?parent=99855"}],"curies":[{"name":"wp","href":"https:\/\/api.w.org\/{rel}","templated":true}]}}