{"id":99859,"date":"2024-07-04T11:07:09","date_gmt":"2024-07-04T11:07:09","guid":{"rendered":"https:\/\/www.victor.it\/kollektionen\/collezione-contemporary\/"},"modified":"2026-03-04T17:12:53","modified_gmt":"2026-03-04T17:12:53","slug":"collezione-contemporary","status":"publish","type":"page","link":"https:\/\/www.victor.it\/de\/kollektionen\/collezione-contemporary\/","title":{"rendered":"Kollektionen Contemporary\u200b"},"content":{"rendered":"\t\t<div data-elementor-type=\"wp-page\" data-elementor-id=\"99859\" class=\"elementor elementor-99859 elementor-1536\" data-elementor-post-type=\"page\">\n\t\t\t\t<div class=\"elementor-element elementor-element-bf2bc8b e-con-full e-flex e-con e-parent\" data-id=\"bf2bc8b\" data-element_type=\"container\" data-e-type=\"container\">\n\t\t<div class=\"elementor-element elementor-element-2f878b3 e-con-full e-flex e-con e-child\" data-id=\"2f878b3\" data-element_type=\"container\" data-e-type=\"container\">\n\t\t\t\t<div class=\"elementor-element elementor-element-1803fd1 elementor-widget elementor-widget-heading\" data-id=\"1803fd1\" data-element_type=\"widget\" data-e-type=\"widget\" data-widget_type=\"heading.default\">\n\t\t\t\t<div class=\"elementor-widget-container\">\n\t\t\t\t\t<h2 class=\"elementor-heading-title elementor-size-default\">Neue Kollektion<\/h2>\t\t\t\t<\/div>\n\t\t\t\t<\/div>\n\t\t\t\t<div class=\"elementor-element elementor-element-2b74523 elementor-widget elementor-widget-heading\" data-id=\"2b74523\" data-element_type=\"widget\" data-e-type=\"widget\" data-widget_type=\"heading.default\">\n\t\t\t\t<div class=\"elementor-widget-container\">\n\t\t\t\t\t<h1 class=\"elementor-heading-title elementor-size-default\">Spring Summer 27 \u2013 Contemporary<\/h1>\t\t\t\t<\/div>\n\t\t\t\t<\/div>\n\t\t\t\t<\/div>\n\t\t\t\t<\/div>\n\t\t<div class=\"elementor-element elementor-element-9d462e7 e-flex e-con-boxed e-con e-parent\" data-id=\"9d462e7\" data-element_type=\"container\" data-e-type=\"container\" data-settings=\"{&quot;background_background&quot;:&quot;classic&quot;}\">\n\t\t\t\t\t<div class=\"e-con-inner\">\n\t\t<div class=\"elementor-element elementor-element-a8606ac e-con-full e-flex e-con e-child\" data-id=\"a8606ac\" data-element_type=\"container\" data-e-type=\"container\">\n\t\t\t\t<div class=\"elementor-element elementor-element-c1cd305 elementor-widget elementor-widget-heading\" data-id=\"c1cd305\" data-element_type=\"widget\" data-e-type=\"widget\" data-widget_type=\"heading.default\">\n\t\t\t\t<div class=\"elementor-widget-container\">\n\t\t\t\t\t<h2 class=\"elementor-heading-title elementor-size-default\">M\u00f6chten Sie eine Vorschau der neuesten Kollektion online sehen?<\/h2>\t\t\t\t<\/div>\n\t\t\t\t<\/div>\n\t\t<div class=\"elementor-element elementor-element-664c5b6 e-con-full e-flex e-con e-child\" data-id=\"664c5b6\" data-element_type=\"container\" data-e-type=\"container\">\n\t\t\t\t<div class=\"elementor-element elementor-element-0a2682e elementor-widget elementor-widget-button\" data-id=\"0a2682e\" data-element_type=\"widget\" data-e-type=\"widget\" data-widget_type=\"button.default\">\n\t\t\t\t<div class=\"elementor-widget-container\">\n\t\t\t\t\t\t\t\t\t<div class=\"elementor-button-wrapper\">\n\t\t\t\t\t<a class=\"elementor-button elementor-button-link elementor-size-sm elementor-animation-float\" href=\"https:\/\/www.victor.it\/de\/login-2\/\">\n\t\t\t\t\t\t<span class=\"elementor-button-content-wrapper\">\n\t\t\t\t\t\t\t\t\t<span class=\"elementor-button-text\">login<\/span>\n\t\t\t\t\t<\/span>\n\t\t\t\t\t<\/a>\n\t\t\t\t<\/div>\n\t\t\t\t\t\t\t\t<\/div>\n\t\t\t\t<\/div>\n\t\t\t\t<div class=\"elementor-element elementor-element-d5b9d61 elementor-widget elementor-widget-button\" data-id=\"d5b9d61\" data-element_type=\"widget\" data-e-type=\"widget\" data-widget_type=\"button.default\">\n\t\t\t\t<div class=\"elementor-widget-container\">\n\t\t\t\t\t\t\t\t\t<div class=\"elementor-button-wrapper\">\n\t\t\t\t\t<a class=\"elementor-button elementor-button-link elementor-size-sm elementor-animation-float\" href=\"https:\/\/www.victor.it\/de\/registrieren\/\">\n\t\t\t\t\t\t<span class=\"elementor-button-content-wrapper\">\n\t\t\t\t\t\t\t\t\t<span class=\"elementor-button-text\">registrieren<\/span>\n\t\t\t\t\t<\/span>\n\t\t\t\t\t<\/a>\n\t\t\t\t<\/div>\n\t\t\t\t\t\t\t\t<\/div>\n\t\t\t\t<\/div>\n\t\t\t\t<\/div>\n\t\t\t\t<\/div>\n\t\t\t\t\t<\/div>\n\t\t\t\t<\/div>\n\t\t\t\t<\/div>\n\t\t","protected":false},"excerpt":{"rendered":"<p>Neue Kollektion Spring Summer 27 \u2013 Contemporary M\u00f6chten Sie eine Vorschau der neuesten Kollektion online sehen? login registrieren Die Vorschau ist abgelaufen! Wenden Sie sich f\u00fcr weitere Informationen an Ihren regionalen Vertreter. Sie werden benachrichtigt, sobald die neue Kollektion erh\u00e4ltlich ist. kontaktieren<\/p>\n","protected":false},"author":1,"featured_media":0,"parent":99855,"menu_order":0,"comment_status":"closed","ping_status":"closed","template":"","meta":{"_acf_changed":false,"footnotes":""},"class_list":["post-99859","page","type-page","status-publish","hentry"],"acf":[],"yoast_head":"<!-- This site is optimized with the Yoast SEO plugin v27.2 - https:\/\/yoast.com\/product\/yoast-seo-wordpress\/ -->\n<title>Vorschau Herbst-\/Winterkollektion Contemporary | Kontaktieren Sie uns<\/title>\n<meta name=\"description\" content=\"Fordern Sie eine Vorschau unserer neuen Herbst-\/Winterkollektion Contemporary an und sehen Sie sich diese an. Kontaktieren Sie einen Vertreter, um die komplette Kollektion zu erhalten!\" \/>\n<meta name=\"robots\" content=\"index, follow, max-snippet:-1, max-image-preview:large, max-video-preview:-1\" \/>\n<link rel=\"canonical\" href=\"https:\/\/www.victor.it\/de\/kollektionen\/collezione-contemporary\/\" \/>\n<meta property=\"og:locale\" content=\"de_DE\" \/>\n<meta property=\"og:type\" content=\"article\" \/>\n<meta property=\"og:title\" content=\"Vorschau Herbst-\/Winterkollektion Contemporary | Kontaktieren Sie uns\" \/>\n<meta property=\"og:description\" content=\"Fordern Sie eine Vorschau unserer neuen Herbst-\/Winterkollektion Contemporary an und sehen Sie sich diese an. Kontaktieren Sie einen Vertreter, um die komplette Kollektion zu erhalten!\" \/>\n<meta property=\"og:url\" content=\"https:\/\/www.victor.it\/de\/kollektionen\/collezione-contemporary\/\" \/>\n<meta property=\"og:site_name\" content=\"Nastrificio Victor\" \/>\n<meta property=\"article:modified_time\" content=\"2026-03-04T17:12:53+00:00\" \/>\n<meta name=\"twitter:card\" content=\"summary_large_image\" \/>\n<script type=\"application\/ld+json\" class=\"yoast-schema-graph\">{\"@context\":\"https:\/\/schema.org\",\"@graph\":[{\"@type\":\"WebPage\",\"@id\":\"https:\/\/www.victor.it\/de\/kollektionen\/collezione-contemporary\/\",\"url\":\"https:\/\/www.victor.it\/de\/kollektionen\/collezione-contemporary\/\",\"name\":\"Vorschau Herbst-\/Winterkollektion Contemporary | Kontaktieren Sie uns\",\"isPartOf\":{\"@id\":\"https:\/\/www.victor.it\/de\/#website\"},\"datePublished\":\"2024-07-04T11:07:09+00:00\",\"dateModified\":\"2026-03-04T17:12:53+00:00\",\"description\":\"Fordern Sie eine Vorschau unserer neuen Herbst-\/Winterkollektion Contemporary an und sehen Sie sich diese an. Kontaktieren Sie einen Vertreter, um die komplette Kollektion zu erhalten!\",\"breadcrumb\":{\"@id\":\"https:\/\/www.victor.it\/de\/kollektionen\/collezione-contemporary\/#breadcrumb\"},\"inLanguage\":\"de\",\"potentialAction\":[{\"@type\":\"ReadAction\",\"target\":[\"https:\/\/www.victor.it\/de\/kollektionen\/collezione-contemporary\/\"]}]},{\"@type\":\"BreadcrumbList\",\"@id\":\"https:\/\/www.victor.it\/de\/kollektionen\/collezione-contemporary\/#breadcrumb\",\"itemListElement\":[{\"@type\":\"ListItem\",\"position\":1,\"name\":\"Home\",\"item\":\"https:\/\/www.victor.it\/de\/home-2\/\"},{\"@type\":\"ListItem\",\"position\":2,\"name\":\"Kollektionen\",\"item\":\"https:\/\/www.victor.it\/de\/kollektionen\/\"},{\"@type\":\"ListItem\",\"position\":3,\"name\":\"Kollektionen Contemporary\u200b\"}]},{\"@type\":\"WebSite\",\"@id\":\"https:\/\/www.victor.it\/de\/#website\",\"url\":\"https:\/\/www.victor.it\/de\/\",\"name\":\"Nastrificio Victor\",\"description\":\"B\u00e4nder, Kordeln, Elastische B\u00e4nder, Schn\u00fcrsenkel f\u00fcr die Modeindustrie\",\"potentialAction\":[{\"@type\":\"SearchAction\",\"target\":{\"@type\":\"EntryPoint\",\"urlTemplate\":\"https:\/\/www.victor.it\/de\/?s={search_term_string}\"},\"query-input\":{\"@type\":\"PropertyValueSpecification\",\"valueRequired\":true,\"valueName\":\"search_term_string\"}}],\"inLanguage\":\"de\"}]}<\/script>\n<!-- \/ Yoast SEO plugin. -->","yoast_head_json":{"title":"Vorschau Herbst-\/Winterkollektion Contemporary | Kontaktieren Sie uns","description":"Fordern Sie eine Vorschau unserer neuen Herbst-\/Winterkollektion Contemporary an und sehen Sie sich diese an. Kontaktieren Sie einen Vertreter, um die komplette Kollektion zu erhalten!","robots":{"index":"index","follow":"follow","max-snippet":"max-snippet:-1","max-image-preview":"max-image-preview:large","max-video-preview":"max-video-preview:-1"},"canonical":"https:\/\/www.victor.it\/de\/kollektionen\/collezione-contemporary\/","og_locale":"de_DE","og_type":"article","og_title":"Vorschau Herbst-\/Winterkollektion Contemporary | Kontaktieren Sie uns","og_description":"Fordern Sie eine Vorschau unserer neuen Herbst-\/Winterkollektion Contemporary an und sehen Sie sich diese an. Kontaktieren Sie einen Vertreter, um die komplette Kollektion zu erhalten!","og_url":"https:\/\/www.victor.it\/de\/kollektionen\/collezione-contemporary\/","og_site_name":"Nastrificio Victor","article_modified_time":"2026-03-04T17:12:53+00:00","twitter_card":"summary_large_image","schema":{"@context":"https:\/\/schema.org","@graph":[{"@type":"WebPage","@id":"https:\/\/www.victor.it\/de\/kollektionen\/collezione-contemporary\/","url":"https:\/\/www.victor.it\/de\/kollektionen\/collezione-contemporary\/","name":"Vorschau Herbst-\/Winterkollektion Contemporary | Kontaktieren Sie uns","isPartOf":{"@id":"https:\/\/www.victor.it\/de\/#website"},"datePublished":"2024-07-04T11:07:09+00:00","dateModified":"2026-03-04T17:12:53+00:00","description":"Fordern Sie eine Vorschau unserer neuen Herbst-\/Winterkollektion Contemporary an und sehen Sie sich diese an. Kontaktieren Sie einen Vertreter, um die komplette Kollektion zu erhalten!","breadcrumb":{"@id":"https:\/\/www.victor.it\/de\/kollektionen\/collezione-contemporary\/#breadcrumb"},"inLanguage":"de","potentialAction":[{"@type":"ReadAction","target":["https:\/\/www.victor.it\/de\/kollektionen\/collezione-contemporary\/"]}]},{"@type":"BreadcrumbList","@id":"https:\/\/www.victor.it\/de\/kollektionen\/collezione-contemporary\/#breadcrumb","itemListElement":[{"@type":"ListItem","position":1,"name":"Home","item":"https:\/\/www.victor.it\/de\/home-2\/"},{"@type":"ListItem","position":2,"name":"Kollektionen","item":"https:\/\/www.victor.it\/de\/kollektionen\/"},{"@type":"ListItem","position":3,"name":"Kollektionen Contemporary\u200b"}]},{"@type":"WebSite","@id":"https:\/\/www.victor.it\/de\/#website","url":"https:\/\/www.victor.it\/de\/","name":"Nastrificio Victor","description":"B\u00e4nder, Kordeln, Elastische B\u00e4nder, Schn\u00fcrsenkel f\u00fcr die Modeindustrie","potentialAction":[{"@type":"SearchAction","target":{"@type":"EntryPoint","urlTemplate":"https:\/\/www.victor.it\/de\/?s={search_term_string}"},"query-input":{"@type":"PropertyValueSpecification","valueRequired":true,"valueName":"search_term_string"}}],"inLanguage":"de"}]}},"_links":{"self":[{"href":"https:\/\/www.victor.it\/de\/wp-json\/wp\/v2\/pages\/99859","targetHints":{"allow":["GET"]}}],"collection":[{"href":"https:\/\/www.victor.it\/de\/wp-json\/wp\/v2\/pages"}],"about":[{"href":"https:\/\/www.victor.it\/de\/wp-json\/wp\/v2\/types\/page"}],"author":[{"embeddable":true,"href":"https:\/\/www.victor.it\/de\/wp-json\/wp\/v2\/users\/1"}],"replies":[{"embeddable":true,"href":"https:\/\/www.victor.it\/de\/wp-json\/wp\/v2\/comments?post=99859"}],"version-history":[{"count":2,"href":"https:\/\/www.victor.it\/de\/wp-json\/wp\/v2\/pages\/99859\/revisions"}],"predecessor-version":[{"id":100659,"href":"https:\/\/www.victor.it\/de\/wp-json\/wp\/v2\/pages\/99859\/revisions\/100659"}],"up":[{"embeddable":true,"href":"https:\/\/www.victor.it\/de\/wp-json\/wp\/v2\/pages\/99855"}],"wp:attachment":[{"href":"https:\/\/www.victor.it\/de\/wp-json\/wp\/v2\/media?parent=99859"}],"curies":[{"name":"wp","href":"https:\/\/api.w.org\/{rel}","templated":true}]}}