{"id":99868,"date":"2024-04-12T16:36:19","date_gmt":"2024-04-12T16:36:19","guid":{"rendered":"https:\/\/www.victor.it\/certificazioni-2\/"},"modified":"2026-03-04T17:13:09","modified_gmt":"2026-03-04T17:13:09","slug":"zertifizierungen","status":"publish","type":"page","link":"https:\/\/www.victor.it\/de\/zertifizierungen\/","title":{"rendered":"Zertifizierungen"},"content":{"rendered":"\t\t<div data-elementor-type=\"wp-page\" data-elementor-id=\"99868\" class=\"elementor elementor-99868 elementor-529\" data-elementor-post-type=\"page\">\n\t\t\t\t<div class=\"elementor-element elementor-element-adc159b e-con-full e-flex e-con e-parent\" data-id=\"adc159b\" data-element_type=\"container\" data-e-type=\"container\">\n\t\t<div class=\"elementor-element elementor-element-b829c25 e-con-full e-flex e-con e-child\" data-id=\"b829c25\" data-element_type=\"container\" data-e-type=\"container\">\n\t\t\t\t<div class=\"elementor-element elementor-element-234bf97 elementor-widget elementor-widget-heading\" data-id=\"234bf97\" data-element_type=\"widget\" data-e-type=\"widget\" data-widget_type=\"heading.default\">\n\t\t\t\t<div class=\"elementor-widget-container\">\n\t\t\t\t\t<h2 class=\"elementor-heading-title elementor-size-default\">Zertifizierungen<\/h2>\t\t\t\t<\/div>\n\t\t\t\t<\/div>\n\t\t\t\t<div class=\"elementor-element elementor-element-d606cd2 elementor-widget elementor-widget-heading\" data-id=\"d606cd2\" data-element_type=\"widget\" data-e-type=\"widget\" data-widget_type=\"heading.default\">\n\t\t\t\t<div class=\"elementor-widget-container\">\n\t\t\t\t\t<h1 class=\"elementor-heading-title elementor-size-default\">Qualit\u00e4t und Nachhaltigkeit sind seit jeher Teil unser Produktionshistorie\n<\/h1>\t\t\t\t<\/div>\n\t\t\t\t<\/div>\n\t\t\t\t<div class=\"elementor-element elementor-element-66a659f elementor-widget elementor-widget-text-editor\" data-id=\"66a659f\" data-element_type=\"widget\" data-e-type=\"widget\" data-widget_type=\"text-editor.default\">\n\t\t\t\t<div class=\"elementor-widget-container\">\n\t\t\t\t\t\t\t\t\t<p>Auf diesen Werten begr\u00fcnden sich unsere unternehmerische Vision, die Produktionsentscheidungen und unser st\u00e4ndiges Bestreben zur Beibehaltung der Produkt- und Systemzertifizierungen.<\/p>\t\t\t\t\t\t\t\t<\/div>\n\t\t\t\t<\/div>\n\t\t\t\t<\/div>\n\t\t\t\t<\/div>\n\t\t<div class=\"elementor-element elementor-element-c23fc66 e-con-full e-flex e-con e-child\" data-id=\"c23fc66\" data-element_type=\"container\" data-e-type=\"container\">\n\t\t\t\t<div class=\"elementor-element elementor-element-c2abf04 elementor-widget elementor-widget-heading\" data-id=\"c2abf04\" data-element_type=\"widget\" data-e-type=\"widget\" data-widget_type=\"heading.default\">\n\t\t\t\t<div class=\"elementor-widget-container\">\n\t\t\t\t\t<h2 class=\"elementor-heading-title elementor-size-default\">Die zuletzt erreichten Ziele<\/h2>\t\t\t\t<\/div>\n\t\t\t\t<\/div>\n\t\t<div class=\"elementor-element elementor-element-a24c0e8 e-con-full e-flex e-con e-child\" data-id=\"a24c0e8\" data-element_type=\"container\" data-e-type=\"container\">\n\t\t<div class=\"elementor-element elementor-element-02ea6ef e-con-full e-flex e-con e-child\" data-id=\"02ea6ef\" data-element_type=\"container\" data-e-type=\"container\">\n\t\t\t\t<div class=\"elementor-element elementor-element-1e6e9f6 elementor-widget elementor-widget-image\" data-id=\"1e6e9f6\" data-element_type=\"widget\" data-e-type=\"widget\" data-widget_type=\"image.default\">\n\t\t\t\t<div class=\"elementor-widget-container\">\n\t\t\t\t\t\t\t\t\t\t\t\t\t\t\t<img decoding=\"async\" src=\"https:\/\/www.victor.it\/wp-content\/uploads\/elementor\/thumbs\/OEKOTEX-qzxxbpz1t59b2w473czwz8m83v2tnbpoppmq6albd0.jpg\" title=\"OEKOTEX\" alt=\"OEKOTEX\" loading=\"lazy\" \/>\t\t\t\t\t\t\t\t\t\t\t\t\t\t\t<\/div>\n\t\t\t\t<\/div>\n\t\t\t\t<div class=\"elementor-element elementor-element-9c660fe elementor-widget elementor-widget-heading\" data-id=\"9c660fe\" data-element_type=\"widget\" data-e-type=\"widget\" data-widget_type=\"heading.default\">\n\t\t\t\t<div class=\"elementor-widget-container\">\n\t\t\t\t\t<h3 class=\"elementor-heading-title elementor-size-default\">Oeko Tex<\/h3>\t\t\t\t<\/div>\n\t\t\t\t<\/div>\n\t\t\t\t<div class=\"elementor-element elementor-element-b0ff513 elementor-widget elementor-widget-text-editor\" data-id=\"b0ff513\" data-element_type=\"widget\" data-e-type=\"widget\" data-widget_type=\"text-editor.default\">\n\t\t\t\t<div class=\"elementor-widget-container\">\n\t\t\t\t\t\t\t\t\t<p>Nastrificio Victor ist stolz auf die fortdauernde Erlangung der Oeko-Tex-Zertifizierung f\u00fcr die Produktklassen I und II, die die Qualit\u00e4t der Textilprodukte f\u00fcr die Herstellung von Kinderkleidung und -produkten und f\u00fcr Produkte mit Hautkontakt bescheinigt. <\/p>\t\t\t\t\t\t\t\t<\/div>\n\t\t\t\t<\/div>\n\t\t\t\t<\/div>\n\t\t<div class=\"elementor-element elementor-element-0df9b41 e-con-full e-flex e-con e-child\" data-id=\"0df9b41\" data-element_type=\"container\" data-e-type=\"container\">\n\t\t\t\t<div class=\"elementor-element elementor-element-890e5ba elementor-widget elementor-widget-image\" data-id=\"890e5ba\" data-element_type=\"widget\" data-e-type=\"widget\" data-widget_type=\"image.default\">\n\t\t\t\t<div class=\"elementor-widget-container\">\n\t\t\t\t\t\t\t\t\t\t\t\t\t\t\t<img fetchpriority=\"high\" decoding=\"async\" width=\"500\" height=\"250\" src=\"https:\/\/www.victor.it\/wp-content\/uploads\/2024\/04\/GRS.jpg\" class=\"attachment-2048x2048 size-2048x2048 wp-image-574\" alt=\"\" srcset=\"https:\/\/www.victor.it\/wp-content\/uploads\/2024\/04\/GRS.jpg 500w, https:\/\/www.victor.it\/wp-content\/uploads\/2024\/04\/GRS-300x150.jpg 300w\" sizes=\"(max-width: 500px) 100vw, 500px\" \/>\t\t\t\t\t\t\t\t\t\t\t\t\t\t\t<\/div>\n\t\t\t\t<\/div>\n\t\t\t\t<div class=\"elementor-element elementor-element-55fc727 elementor-widget elementor-widget-heading\" data-id=\"55fc727\" data-element_type=\"widget\" data-e-type=\"widget\" data-widget_type=\"heading.default\">\n\t\t\t\t<div class=\"elementor-widget-container\">\n\t\t\t\t\t<h3 class=\"elementor-heading-title elementor-size-default\">GRS<\/h3>\t\t\t\t<\/div>\n\t\t\t\t<\/div>\n\t\t\t\t<div class=\"elementor-element elementor-element-e9cc882 elementor-widget elementor-widget-text-editor\" data-id=\"e9cc882\" data-element_type=\"widget\" data-e-type=\"widget\" data-widget_type=\"text-editor.default\">\n\t\t\t\t<div class=\"elementor-widget-container\">\n\t\t\t\t\t\t\t\t\t<p>Unter dem Gesichtspunkt einer verantwortungsvollen Entwicklung der Nachhaltigkeit und der Kreislaufwirtschaft im Textilsektor verwenden wir Pre- und Post-Consumer recycelte Garne und gew\u00e4hrleisten dabei die Einhaltung \u00f6kologischer und sozialer Kriterien. Unsere Produkte sind GRS-zertifiziert (\u201eGlobal Recycled Standard\u201c), damit werden sowohl die verwendeten Rohstoffe als auch der gesamte Produktionsprozess garantiert. <\/p>\t\t\t\t\t\t\t\t<\/div>\n\t\t\t\t<\/div>\n\t\t\t\t<\/div>\n\t\t<div class=\"elementor-element elementor-element-1ec5101 e-con-full e-flex e-con e-child\" data-id=\"1ec5101\" data-element_type=\"container\" data-e-type=\"container\">\n\t\t\t\t<div class=\"elementor-element elementor-element-8436c5a elementor-widget elementor-widget-image\" data-id=\"8436c5a\" data-element_type=\"widget\" data-e-type=\"widget\" data-widget_type=\"image.default\">\n\t\t\t\t<div class=\"elementor-widget-container\">\n\t\t\t\t\t\t\t\t\t\t\t\t\t\t\t<img decoding=\"async\" width=\"500\" height=\"250\" src=\"https:\/\/www.victor.it\/wp-content\/uploads\/2025\/07\/ISO25.avif\" class=\"attachment-2048x2048 size-2048x2048 wp-image-99168 not-transparent\" alt=\"\" srcset=\"https:\/\/www.victor.it\/wp-content\/uploads\/2025\/07\/ISO25.avif 500w, https:\/\/www.victor.it\/wp-content\/uploads\/2025\/07\/ISO25-300x150.avif 300w\" sizes=\"(max-width: 500px) 100vw, 500px\" data-has-transparency=\"false\" data-dominant-color=\"eeeeef\" style=\"--dominant-color: #eeeeef\" \/>\t\t\t\t\t\t\t\t\t\t\t\t\t\t\t<\/div>\n\t\t\t\t<\/div>\n\t\t\t\t<div class=\"elementor-element elementor-element-21ae47e elementor-widget elementor-widget-heading\" data-id=\"21ae47e\" data-element_type=\"widget\" data-e-type=\"widget\" data-widget_type=\"heading.default\">\n\t\t\t\t<div class=\"elementor-widget-container\">\n\t\t\t\t\t<h3 class=\"elementor-heading-title elementor-size-default\"> ISO 45001, ISO 14001<\/h3>\t\t\t\t<\/div>\n\t\t\t\t<\/div>\n\t\t\t\t<div class=\"elementor-element elementor-element-1574369 elementor-widget elementor-widget-text-editor\" data-id=\"1574369\" data-element_type=\"widget\" data-e-type=\"widget\" data-widget_type=\"text-editor.default\">\n\t\t\t\t<div class=\"elementor-widget-container\">\n\t\t\t\t\t\t\t\t\t<p>Unser Unternehmen ist nach ISO 45001 f\u00fcr das Managementsystem f\u00fcr Gesundheit und Sicherheit am Arbeitsplatz und nach ISO 14001 f\u00fcr das Umweltmanagementsystem zertifiziert.<\/p>\t\t\t\t\t\t\t\t<\/div>\n\t\t\t\t<\/div>\n\t\t\t\t<\/div>\n\t\t\t\t<\/div>\n\t\t\t\t<\/div>\n\t\t\t\t<\/div>\n\t\t","protected":false},"excerpt":{"rendered":"<p>Zertifizierungen Qualit\u00e4t und Nachhaltigkeit sind seit jeher Teil unser Produktionshistorie Auf diesen Werten begr\u00fcnden sich unsere unternehmerische Vision, die Produktionsentscheidungen und unser st\u00e4ndiges Bestreben zur Beibehaltung der Produkt- und Systemzertifizierungen. Die zuletzt erreichten Ziele Oeko Tex Nastrificio Victor ist stolz auf die fortdauernde Erlangung der Oeko-Tex-Zertifizierung f\u00fcr die Produktklassen I und II, die die Qualit\u00e4t [&hellip;]<\/p>\n","protected":false},"author":1,"featured_media":0,"parent":0,"menu_order":95,"comment_status":"closed","ping_status":"closed","template":"elementor_theme","meta":{"_acf_changed":false,"footnotes":""},"class_list":["post-99868","page","type-page","status-publish","hentry"],"acf":[],"yoast_head":"<!-- This site is optimized with the Yoast SEO plugin v27.2 - https:\/\/yoast.com\/product\/yoast-seo-wordpress\/ -->\n<title>Zertifizierungen f\u00fcr B\u00e4nder, Kordeln, Gummib\u00e4nder, Schn\u00fcre, Borten<\/title>\n<meta name=\"description\" content=\"Siamo certificati GRS e OEKO-TEX. Lavoriamo fibre naturali, sintetiche e riciclate per ottenere nastri, cordoni ed elastici unici.\" \/>\n<meta name=\"robots\" content=\"index, follow, max-snippet:-1, max-image-preview:large, max-video-preview:-1\" \/>\n<link rel=\"canonical\" href=\"https:\/\/www.victor.it\/de\/zertifizierungen\/\" \/>\n<meta property=\"og:locale\" content=\"de_DE\" \/>\n<meta property=\"og:type\" content=\"article\" \/>\n<meta property=\"og:title\" content=\"Zertifizierungen f\u00fcr B\u00e4nder, Kordeln, Gummib\u00e4nder, Schn\u00fcre, Borten\" \/>\n<meta property=\"og:description\" content=\"Siamo certificati GRS e OEKO-TEX. Lavoriamo fibre naturali, sintetiche e riciclate per ottenere nastri, cordoni ed elastici unici.\" \/>\n<meta property=\"og:url\" content=\"https:\/\/www.victor.it\/de\/zertifizierungen\/\" \/>\n<meta property=\"og:site_name\" content=\"Nastrificio Victor\" \/>\n<meta property=\"article:modified_time\" content=\"2026-03-04T17:13:09+00:00\" \/>\n<meta property=\"og:image\" content=\"https:\/\/www.victor.it\/wp-content\/uploads\/elementor\/thumbs\/OEKOTEX-qzxxbpz1t59b2w473czwz8m83v2tnbpoppmq6albd0.jpg\" \/>\n<meta name=\"twitter:card\" content=\"summary_large_image\" \/>\n<meta name=\"twitter:label1\" content=\"Gesch\u00e4tzte Lesezeit\" \/>\n\t<meta name=\"twitter:data1\" content=\"1\u00a0Minute\" \/>\n<script type=\"application\/ld+json\" class=\"yoast-schema-graph\">{\"@context\":\"https:\/\/schema.org\",\"@graph\":[{\"@type\":\"WebPage\",\"@id\":\"https:\/\/www.victor.it\/de\/zertifizierungen\/\",\"url\":\"https:\/\/www.victor.it\/de\/zertifizierungen\/\",\"name\":\"Zertifizierungen f\u00fcr B\u00e4nder, Kordeln, Gummib\u00e4nder, Schn\u00fcre, Borten\",\"isPartOf\":{\"@id\":\"https:\/\/www.victor.it\/de\/#website\"},\"primaryImageOfPage\":{\"@id\":\"https:\/\/www.victor.it\/de\/zertifizierungen\/#primaryimage\"},\"image\":{\"@id\":\"https:\/\/www.victor.it\/de\/zertifizierungen\/#primaryimage\"},\"thumbnailUrl\":\"https:\/\/www.victor.it\/wp-content\/uploads\/elementor\/thumbs\/OEKOTEX-qzxxbpz1t59b2w473czwz8m83v2tnbpoppmq6albd0.jpg\",\"datePublished\":\"2024-04-12T16:36:19+00:00\",\"dateModified\":\"2026-03-04T17:13:09+00:00\",\"description\":\"Siamo certificati GRS e OEKO-TEX. Lavoriamo fibre naturali, sintetiche e riciclate per ottenere nastri, cordoni ed elastici unici.\",\"breadcrumb\":{\"@id\":\"https:\/\/www.victor.it\/de\/zertifizierungen\/#breadcrumb\"},\"inLanguage\":\"de\",\"potentialAction\":[{\"@type\":\"ReadAction\",\"target\":[\"https:\/\/www.victor.it\/de\/zertifizierungen\/\"]}]},{\"@type\":\"ImageObject\",\"inLanguage\":\"de\",\"@id\":\"https:\/\/www.victor.it\/de\/zertifizierungen\/#primaryimage\",\"url\":\"https:\/\/www.victor.it\/wp-content\/uploads\/elementor\/thumbs\/OEKOTEX-qzxxbpz1t59b2w473czwz8m83v2tnbpoppmq6albd0.jpg\",\"contentUrl\":\"https:\/\/www.victor.it\/wp-content\/uploads\/elementor\/thumbs\/OEKOTEX-qzxxbpz1t59b2w473czwz8m83v2tnbpoppmq6albd0.jpg\"},{\"@type\":\"BreadcrumbList\",\"@id\":\"https:\/\/www.victor.it\/de\/zertifizierungen\/#breadcrumb\",\"itemListElement\":[{\"@type\":\"ListItem\",\"position\":1,\"name\":\"Home\",\"item\":\"https:\/\/www.victor.it\/de\/home-2\/\"},{\"@type\":\"ListItem\",\"position\":2,\"name\":\"Zertifizierungen\"}]},{\"@type\":\"WebSite\",\"@id\":\"https:\/\/www.victor.it\/de\/#website\",\"url\":\"https:\/\/www.victor.it\/de\/\",\"name\":\"Nastrificio Victor\",\"description\":\"B\u00e4nder, Kordeln, Elastische B\u00e4nder, Schn\u00fcrsenkel f\u00fcr die Modeindustrie\",\"potentialAction\":[{\"@type\":\"SearchAction\",\"target\":{\"@type\":\"EntryPoint\",\"urlTemplate\":\"https:\/\/www.victor.it\/de\/?s={search_term_string}\"},\"query-input\":{\"@type\":\"PropertyValueSpecification\",\"valueRequired\":true,\"valueName\":\"search_term_string\"}}],\"inLanguage\":\"de\"}]}<\/script>\n<!-- \/ Yoast SEO plugin. -->","yoast_head_json":{"title":"Zertifizierungen f\u00fcr B\u00e4nder, Kordeln, Gummib\u00e4nder, Schn\u00fcre, Borten","description":"Siamo certificati GRS e OEKO-TEX. Lavoriamo fibre naturali, sintetiche e riciclate per ottenere nastri, cordoni ed elastici unici.","robots":{"index":"index","follow":"follow","max-snippet":"max-snippet:-1","max-image-preview":"max-image-preview:large","max-video-preview":"max-video-preview:-1"},"canonical":"https:\/\/www.victor.it\/de\/zertifizierungen\/","og_locale":"de_DE","og_type":"article","og_title":"Zertifizierungen f\u00fcr B\u00e4nder, Kordeln, Gummib\u00e4nder, Schn\u00fcre, Borten","og_description":"Siamo certificati GRS e OEKO-TEX. Lavoriamo fibre naturali, sintetiche e riciclate per ottenere nastri, cordoni ed elastici unici.","og_url":"https:\/\/www.victor.it\/de\/zertifizierungen\/","og_site_name":"Nastrificio Victor","article_modified_time":"2026-03-04T17:13:09+00:00","og_image":[{"url":"https:\/\/www.victor.it\/wp-content\/uploads\/elementor\/thumbs\/OEKOTEX-qzxxbpz1t59b2w473czwz8m83v2tnbpoppmq6albd0.jpg","type":"","width":"","height":""}],"twitter_card":"summary_large_image","twitter_misc":{"Gesch\u00e4tzte Lesezeit":"1\u00a0Minute"},"schema":{"@context":"https:\/\/schema.org","@graph":[{"@type":"WebPage","@id":"https:\/\/www.victor.it\/de\/zertifizierungen\/","url":"https:\/\/www.victor.it\/de\/zertifizierungen\/","name":"Zertifizierungen f\u00fcr B\u00e4nder, Kordeln, Gummib\u00e4nder, Schn\u00fcre, Borten","isPartOf":{"@id":"https:\/\/www.victor.it\/de\/#website"},"primaryImageOfPage":{"@id":"https:\/\/www.victor.it\/de\/zertifizierungen\/#primaryimage"},"image":{"@id":"https:\/\/www.victor.it\/de\/zertifizierungen\/#primaryimage"},"thumbnailUrl":"https:\/\/www.victor.it\/wp-content\/uploads\/elementor\/thumbs\/OEKOTEX-qzxxbpz1t59b2w473czwz8m83v2tnbpoppmq6albd0.jpg","datePublished":"2024-04-12T16:36:19+00:00","dateModified":"2026-03-04T17:13:09+00:00","description":"Siamo certificati GRS e OEKO-TEX. Lavoriamo fibre naturali, sintetiche e riciclate per ottenere nastri, cordoni ed elastici unici.","breadcrumb":{"@id":"https:\/\/www.victor.it\/de\/zertifizierungen\/#breadcrumb"},"inLanguage":"de","potentialAction":[{"@type":"ReadAction","target":["https:\/\/www.victor.it\/de\/zertifizierungen\/"]}]},{"@type":"ImageObject","inLanguage":"de","@id":"https:\/\/www.victor.it\/de\/zertifizierungen\/#primaryimage","url":"https:\/\/www.victor.it\/wp-content\/uploads\/elementor\/thumbs\/OEKOTEX-qzxxbpz1t59b2w473czwz8m83v2tnbpoppmq6albd0.jpg","contentUrl":"https:\/\/www.victor.it\/wp-content\/uploads\/elementor\/thumbs\/OEKOTEX-qzxxbpz1t59b2w473czwz8m83v2tnbpoppmq6albd0.jpg"},{"@type":"BreadcrumbList","@id":"https:\/\/www.victor.it\/de\/zertifizierungen\/#breadcrumb","itemListElement":[{"@type":"ListItem","position":1,"name":"Home","item":"https:\/\/www.victor.it\/de\/home-2\/"},{"@type":"ListItem","position":2,"name":"Zertifizierungen"}]},{"@type":"WebSite","@id":"https:\/\/www.victor.it\/de\/#website","url":"https:\/\/www.victor.it\/de\/","name":"Nastrificio Victor","description":"B\u00e4nder, Kordeln, Elastische B\u00e4nder, Schn\u00fcrsenkel f\u00fcr die Modeindustrie","potentialAction":[{"@type":"SearchAction","target":{"@type":"EntryPoint","urlTemplate":"https:\/\/www.victor.it\/de\/?s={search_term_string}"},"query-input":{"@type":"PropertyValueSpecification","valueRequired":true,"valueName":"search_term_string"}}],"inLanguage":"de"}]}},"_links":{"self":[{"href":"https:\/\/www.victor.it\/de\/wp-json\/wp\/v2\/pages\/99868","targetHints":{"allow":["GET"]}}],"collection":[{"href":"https:\/\/www.victor.it\/de\/wp-json\/wp\/v2\/pages"}],"about":[{"href":"https:\/\/www.victor.it\/de\/wp-json\/wp\/v2\/types\/page"}],"author":[{"embeddable":true,"href":"https:\/\/www.victor.it\/de\/wp-json\/wp\/v2\/users\/1"}],"replies":[{"embeddable":true,"href":"https:\/\/www.victor.it\/de\/wp-json\/wp\/v2\/comments?post=99868"}],"version-history":[{"count":4,"href":"https:\/\/www.victor.it\/de\/wp-json\/wp\/v2\/pages\/99868\/revisions"}],"predecessor-version":[{"id":99939,"href":"https:\/\/www.victor.it\/de\/wp-json\/wp\/v2\/pages\/99868\/revisions\/99939"}],"wp:attachment":[{"href":"https:\/\/www.victor.it\/de\/wp-json\/wp\/v2\/media?parent=99868"}],"curies":[{"name":"wp","href":"https:\/\/api.w.org\/{rel}","templated":true}]}}