{"id":99871,"date":"2024-03-21T15:37:30","date_gmt":"2024-03-21T15:37:30","guid":{"rendered":"https:\/\/www.victor.it\/politiche-sociali-2\/"},"modified":"2026-03-13T08:17:32","modified_gmt":"2026-03-13T08:17:32","slug":"soziale-verantwortung","status":"publish","type":"page","link":"https:\/\/www.victor.it\/de\/soziale-verantwortung\/","title":{"rendered":"Soziale Verantwortung"},"content":{"rendered":"\t\t<div data-elementor-type=\"wp-page\" data-elementor-id=\"99871\" class=\"elementor elementor-99871 elementor-46\" data-elementor-post-type=\"page\">\n\t\t\t\t<div class=\"elementor-element elementor-element-05368b6 e-con-full e-flex e-con e-parent\" data-id=\"05368b6\" data-element_type=\"container\" data-e-type=\"container\">\n\t\t<div class=\"elementor-element elementor-element-7b2b9f1 e-con-full e-flex e-con e-child\" data-id=\"7b2b9f1\" data-element_type=\"container\" data-e-type=\"container\">\n\t\t\t\t<div class=\"elementor-element elementor-element-ba8a21b elementor-widget elementor-widget-heading\" data-id=\"ba8a21b\" data-element_type=\"widget\" data-e-type=\"widget\" data-widget_type=\"heading.default\">\n\t\t\t\t<div class=\"elementor-widget-container\">\n\t\t\t\t\t<h2 class=\"elementor-heading-title elementor-size-default\">Soziale Verantwortung<\/h2>\t\t\t\t<\/div>\n\t\t\t\t<\/div>\n\t\t\t\t<div class=\"elementor-element elementor-element-aa3d489 elementor-widget elementor-widget-heading\" data-id=\"aa3d489\" data-element_type=\"widget\" data-e-type=\"widget\" data-widget_type=\"heading.default\">\n\t\t\t\t<div class=\"elementor-widget-container\">\n\t\t\t\t\t<h1 class=\"elementor-heading-title elementor-size-default\">Wir verfolgen ein nachhaltiges Gesch\u00e4ftsmodell, zu unserer T\u00e4tigkeit geh\u00f6ren daher auch soziale und \u00f6kologische Aspekte.<\/h1>\t\t\t\t<\/div>\n\t\t\t\t<\/div>\n\t\t\t\t<div class=\"elementor-element elementor-element-8f4c2a4 elementor-widget elementor-widget-text-editor\" data-id=\"8f4c2a4\" data-element_type=\"widget\" data-e-type=\"widget\" data-widget_type=\"text-editor.default\">\n\t\t\t\t<div class=\"elementor-widget-container\">\n\t\t\t\t\t\t\t\t\t<p>\u00dcber unsere betriebliche Sozialpolitik zeigen wir unser Engagement gegen\u00fcber allen internen und externen Stakeholdern wie Mitarbeiter, Kunden, Lieferanten, die Gemeinschaft und die Region, in der wir t\u00e4tig sind.<\/p>\t\t\t\t\t\t\t\t<\/div>\n\t\t\t\t<\/div>\n\t\t\t\t<\/div>\n\t\t\t\t<\/div>\n\t\t<div class=\"elementor-element elementor-element-775d0fd e-con-full e-flex e-con e-child\" data-id=\"775d0fd\" data-element_type=\"container\" data-e-type=\"container\">\n\t\t<div class=\"elementor-element elementor-element-552f42b e-flex e-con-boxed e-con e-child\" data-id=\"552f42b\" data-element_type=\"container\" data-e-type=\"container\" id=\"sociale\">\n\t\t\t\t\t<div class=\"e-con-inner\">\n\t\t\t\t<div class=\"elementor-element elementor-element-ad68604 elementor-widget elementor-widget-image\" data-id=\"ad68604\" data-element_type=\"widget\" data-e-type=\"widget\" data-widget_type=\"image.default\">\n\t\t\t\t<div class=\"elementor-widget-container\">\n\t\t\t\t\t\t\t\t\t\t\t\t\t\t\t<img decoding=\"async\" src=\"https:\/\/www.victor.it\/wp-content\/uploads\/elementor\/thumbs\/Nastrificio_Victor_19-uai-1200x675-1-qzxxbpzk2ywphjqm44hq1lciuvmqm27oi1rd3c6hs8.jpg\" title=\"Nastrificio_Victor_19-uai-1200&#215;675\" alt=\"Lorem Ipsum\u00a0is simply dummy text of the printing and typesetting industry.\u00a0Lorem Ipsum\u00a0has been the industry&#039;s standard dummy text ever since the 1500s, whe\" loading=\"lazy\" \/>\t\t\t\t\t\t\t\t\t\t\t\t\t\t\t<\/div>\n\t\t\t\t<\/div>\n\t\t\t\t\t<\/div>\n\t\t\t\t<\/div>\n\t\t<div class=\"elementor-element elementor-element-0cc6b58 e-con-full e-flex e-con e-child\" data-id=\"0cc6b58\" data-element_type=\"container\" data-e-type=\"container\" id=\"ambientale\">\n\t\t<div class=\"elementor-element elementor-element-8498a4d e-flex e-con-boxed e-con e-child\" data-id=\"8498a4d\" data-element_type=\"container\" data-e-type=\"container\">\n\t\t\t\t\t<div class=\"e-con-inner\">\n\t\t<div class=\"elementor-element elementor-element-e561208 e-con-full e-flex e-con e-child\" data-id=\"e561208\" data-element_type=\"container\" data-e-type=\"container\">\n\t\t\t\t<div class=\"elementor-element elementor-element-b7af1f3 elementor-widget elementor-widget-text-editor\" data-id=\"b7af1f3\" data-element_type=\"widget\" data-e-type=\"widget\" data-widget_type=\"text-editor.default\">\n\t\t\t\t<div class=\"elementor-widget-container\">\n\t\t\t\t\t\t\t\t\tNastrificio Victor S.p.A. hat sich verpflichtet, eine Sozialpolitik zu unterst\u00fctzen und zu f\u00f6rdern, die mit internationalen Standards und nationalen Vorschriften \u00fcbereinstimmt. Das Unternehmen erf\u00fcllt die Anforderungen der Norm SA8000, um menschenw\u00fcrdige Arbeitsbedingungen zu gew\u00e4hrleisten, Ausbeutung und Diskriminierung zu verhindern und das Wohlergehen der Mitarbeiter zu f\u00f6rdern. Dar\u00fcber hinaus wendet es ein Gesundheits- und Sicherheitsmanagementsystem an, das der Norm UNI ISO 45001 entspricht und f\u00fcr ein sicheres und gesundes Arbeitsumfeld sorgt. Was die Umwelt betrifft, so wendet Nastrificio Victor die Norm UNI-EN ISO 14001 an und bem\u00fcht sich um nachhaltige Praktiken und eine Verringerung der Umweltauswirkungen. Das Unternehmen \u00fcberwacht st\u00e4ndig seine sozialen und \u00f6kologischen Leistungen, verbessert kontinuierlich seine Prozesse und integriert ethische Werte in seine Unternehmenskultur. Dieses Engagement spiegelt den Wunsch des Unternehmens wider, zu einer gerechteren und nachhaltigeren Gesellschaft beizutragen und sich an den Bestimmungen der ILO-Konventionen und den UN-Standards zur sozialen Verantwortung zu orientieren.     \t\t\t\t\t\t\t\t<\/div>\n\t\t\t\t<\/div>\n\t\t\t\t<div class=\"elementor-element elementor-element-d0f6dcc elementor-widget elementor-widget-button\" data-id=\"d0f6dcc\" data-element_type=\"widget\" data-e-type=\"widget\" data-widget_type=\"button.default\">\n\t\t\t\t<div class=\"elementor-widget-container\">\n\t\t\t\t\t\t\t\t\t<div class=\"elementor-button-wrapper\">\n\t\t\t\t\t<a class=\"elementor-button elementor-button-link elementor-size-sm elementor-animation-float\" href=\"https:\/\/www.victor.it\/wp-content\/uploads\/2025\/01\/PSGI-politica-SGI-rev-02.pdf\" target=\"_blank\">\n\t\t\t\t\t\t<span class=\"elementor-button-content-wrapper\">\n\t\t\t\t\t\t\t\t\t<span class=\"elementor-button-text\">herunterladen<\/span>\n\t\t\t\t\t<\/span>\n\t\t\t\t\t<\/a>\n\t\t\t\t<\/div>\n\t\t\t\t\t\t\t\t<\/div>\n\t\t\t\t<\/div>\n\t\t\t\t<\/div>\n\t\t\t\t\t<\/div>\n\t\t\t\t<\/div>\n\t\t\t\t<\/div>\n\t\t<div class=\"elementor-element elementor-element-4aedd2b e-flex e-con-boxed e-con e-child\" data-id=\"4aedd2b\" data-element_type=\"container\" data-e-type=\"container\">\n\t\t\t\t\t<div class=\"e-con-inner\">\n\t\t\t\t<div class=\"elementor-element elementor-element-4eb28be elementor-widget elementor-widget-image\" data-id=\"4eb28be\" data-element_type=\"widget\" data-e-type=\"widget\" data-widget_type=\"image.default\">\n\t\t\t\t<div class=\"elementor-widget-container\">\n\t\t\t\t\t\t\t\t\t\t\t\t\t\t\t<img decoding=\"async\" src=\"https:\/\/www.victor.it\/wp-content\/uploads\/elementor\/thumbs\/Nastrificio_Victor_05-qzxxbpzk2ywphjqm44hq1lciuvmqm27oi1rd3c6hs8.jpg\" title=\"04 &#8211; Orditorio\" alt=\"04 - Orditorio\" loading=\"lazy\" \/>\t\t\t\t\t\t\t\t\t\t\t\t\t\t\t<\/div>\n\t\t\t\t<\/div>\n\t\t\t\t\t<\/div>\n\t\t\t\t<\/div>\n\t\t\t\t<\/div>\n\t\t\t\t<\/div>\n\t\t","protected":false},"excerpt":{"rendered":"<p>Soziale Verantwortung Wir verfolgen ein nachhaltiges Gesch\u00e4ftsmodell, zu unserer T\u00e4tigkeit geh\u00f6ren daher auch soziale und \u00f6kologische Aspekte. \u00dcber unsere betriebliche Sozialpolitik zeigen wir unser Engagement gegen\u00fcber allen internen und externen Stakeholdern wie Mitarbeiter, Kunden, Lieferanten, die Gemeinschaft und die Region, in der wir t\u00e4tig sind. Nastrificio Victor S.p.A. hat sich verpflichtet, eine Sozialpolitik zu unterst\u00fctzen [&hellip;]<\/p>\n","protected":false},"author":1,"featured_media":0,"parent":0,"menu_order":100,"comment_status":"closed","ping_status":"closed","template":"elementor_theme","meta":{"_acf_changed":false,"footnotes":""},"class_list":["post-99871","page","type-page","status-publish","hentry"],"acf":[],"yoast_head":"<!-- This site is optimized with the Yoast SEO plugin v27.2 - https:\/\/yoast.com\/product\/yoast-seo-wordpress\/ -->\n<title>Unsere Sozialpolitik | Nastrificio Victor<\/title>\n<meta name=\"description\" content=\"Le politiche sociali sono il nostro modo di dimostrare l\u2019impegno in ambito salute e sicurezza dei lavoratori, ambientale e sociale.\" \/>\n<meta name=\"robots\" content=\"index, follow, max-snippet:-1, max-image-preview:large, max-video-preview:-1\" \/>\n<link rel=\"canonical\" href=\"https:\/\/www.victor.it\/de\/soziale-verantwortung\/\" \/>\n<meta property=\"og:locale\" content=\"de_DE\" \/>\n<meta property=\"og:type\" content=\"article\" \/>\n<meta property=\"og:title\" content=\"Unsere Sozialpolitik | Nastrificio Victor\" \/>\n<meta property=\"og:description\" content=\"Le politiche sociali sono il nostro modo di dimostrare l\u2019impegno in ambito salute e sicurezza dei lavoratori, ambientale e sociale.\" \/>\n<meta property=\"og:url\" content=\"https:\/\/www.victor.it\/de\/soziale-verantwortung\/\" \/>\n<meta property=\"og:site_name\" content=\"Nastrificio Victor\" \/>\n<meta property=\"article:modified_time\" content=\"2026-03-13T08:17:32+00:00\" \/>\n<meta property=\"og:image\" content=\"https:\/\/www.victor.it\/wp-content\/uploads\/elementor\/thumbs\/Nastrificio_Victor_19-uai-1200x675-1-qzxxbpzk2ywphjqm44hq1lciuvmqm27oi1rcq3vpu0.jpg\" \/>\n<meta name=\"twitter:card\" content=\"summary_large_image\" \/>\n<meta name=\"twitter:label1\" content=\"Gesch\u00e4tzte Lesezeit\" \/>\n\t<meta name=\"twitter:data1\" content=\"2\u00a0Minuten\" \/>\n<script type=\"application\/ld+json\" class=\"yoast-schema-graph\">{\"@context\":\"https:\/\/schema.org\",\"@graph\":[{\"@type\":\"WebPage\",\"@id\":\"https:\/\/www.victor.it\/de\/soziale-verantwortung\/\",\"url\":\"https:\/\/www.victor.it\/de\/soziale-verantwortung\/\",\"name\":\"Unsere Sozialpolitik | Nastrificio Victor\",\"isPartOf\":{\"@id\":\"https:\/\/www.victor.it\/de\/#website\"},\"primaryImageOfPage\":{\"@id\":\"https:\/\/www.victor.it\/de\/soziale-verantwortung\/#primaryimage\"},\"image\":{\"@id\":\"https:\/\/www.victor.it\/de\/soziale-verantwortung\/#primaryimage\"},\"thumbnailUrl\":\"https:\/\/www.victor.it\/wp-content\/uploads\/elementor\/thumbs\/Nastrificio_Victor_19-uai-1200x675-1-qzxxbpzk2ywphjqm44hq1lciuvmqm27oi1rcq3vpu0.jpg\",\"datePublished\":\"2024-03-21T15:37:30+00:00\",\"dateModified\":\"2026-03-13T08:17:32+00:00\",\"description\":\"Le politiche sociali sono il nostro modo di dimostrare l\u2019impegno in ambito salute e sicurezza dei lavoratori, ambientale e sociale.\",\"breadcrumb\":{\"@id\":\"https:\/\/www.victor.it\/de\/soziale-verantwortung\/#breadcrumb\"},\"inLanguage\":\"de\",\"potentialAction\":[{\"@type\":\"ReadAction\",\"target\":[\"https:\/\/www.victor.it\/de\/soziale-verantwortung\/\"]}]},{\"@type\":\"ImageObject\",\"inLanguage\":\"de\",\"@id\":\"https:\/\/www.victor.it\/de\/soziale-verantwortung\/#primaryimage\",\"url\":\"https:\/\/www.victor.it\/wp-content\/uploads\/elementor\/thumbs\/Nastrificio_Victor_19-uai-1200x675-1-qzxxbpzk2ywphjqm44hq1lciuvmqm27oi1rcq3vpu0.jpg\",\"contentUrl\":\"https:\/\/www.victor.it\/wp-content\/uploads\/elementor\/thumbs\/Nastrificio_Victor_19-uai-1200x675-1-qzxxbpzk2ywphjqm44hq1lciuvmqm27oi1rcq3vpu0.jpg\"},{\"@type\":\"BreadcrumbList\",\"@id\":\"https:\/\/www.victor.it\/de\/soziale-verantwortung\/#breadcrumb\",\"itemListElement\":[{\"@type\":\"ListItem\",\"position\":1,\"name\":\"Home\",\"item\":\"https:\/\/www.victor.it\/de\/home-2\/\"},{\"@type\":\"ListItem\",\"position\":2,\"name\":\"Soziale Verantwortung\"}]},{\"@type\":\"WebSite\",\"@id\":\"https:\/\/www.victor.it\/de\/#website\",\"url\":\"https:\/\/www.victor.it\/de\/\",\"name\":\"Nastrificio Victor\",\"description\":\"B\u00e4nder, Kordeln, Elastische B\u00e4nder, Schn\u00fcrsenkel f\u00fcr die Modeindustrie\",\"potentialAction\":[{\"@type\":\"SearchAction\",\"target\":{\"@type\":\"EntryPoint\",\"urlTemplate\":\"https:\/\/www.victor.it\/de\/?s={search_term_string}\"},\"query-input\":{\"@type\":\"PropertyValueSpecification\",\"valueRequired\":true,\"valueName\":\"search_term_string\"}}],\"inLanguage\":\"de\"}]}<\/script>\n<!-- \/ Yoast SEO plugin. -->","yoast_head_json":{"title":"Unsere Sozialpolitik | Nastrificio Victor","description":"Le politiche sociali sono il nostro modo di dimostrare l\u2019impegno in ambito salute e sicurezza dei lavoratori, ambientale e sociale.","robots":{"index":"index","follow":"follow","max-snippet":"max-snippet:-1","max-image-preview":"max-image-preview:large","max-video-preview":"max-video-preview:-1"},"canonical":"https:\/\/www.victor.it\/de\/soziale-verantwortung\/","og_locale":"de_DE","og_type":"article","og_title":"Unsere Sozialpolitik | Nastrificio Victor","og_description":"Le politiche sociali sono il nostro modo di dimostrare l\u2019impegno in ambito salute e sicurezza dei lavoratori, ambientale e sociale.","og_url":"https:\/\/www.victor.it\/de\/soziale-verantwortung\/","og_site_name":"Nastrificio Victor","article_modified_time":"2026-03-13T08:17:32+00:00","og_image":[{"url":"https:\/\/www.victor.it\/wp-content\/uploads\/elementor\/thumbs\/Nastrificio_Victor_19-uai-1200x675-1-qzxxbpzk2ywphjqm44hq1lciuvmqm27oi1rcq3vpu0.jpg","type":"","width":"","height":""}],"twitter_card":"summary_large_image","twitter_misc":{"Gesch\u00e4tzte Lesezeit":"2\u00a0Minuten"},"schema":{"@context":"https:\/\/schema.org","@graph":[{"@type":"WebPage","@id":"https:\/\/www.victor.it\/de\/soziale-verantwortung\/","url":"https:\/\/www.victor.it\/de\/soziale-verantwortung\/","name":"Unsere Sozialpolitik | Nastrificio Victor","isPartOf":{"@id":"https:\/\/www.victor.it\/de\/#website"},"primaryImageOfPage":{"@id":"https:\/\/www.victor.it\/de\/soziale-verantwortung\/#primaryimage"},"image":{"@id":"https:\/\/www.victor.it\/de\/soziale-verantwortung\/#primaryimage"},"thumbnailUrl":"https:\/\/www.victor.it\/wp-content\/uploads\/elementor\/thumbs\/Nastrificio_Victor_19-uai-1200x675-1-qzxxbpzk2ywphjqm44hq1lciuvmqm27oi1rcq3vpu0.jpg","datePublished":"2024-03-21T15:37:30+00:00","dateModified":"2026-03-13T08:17:32+00:00","description":"Le politiche sociali sono il nostro modo di dimostrare l\u2019impegno in ambito salute e sicurezza dei lavoratori, ambientale e sociale.","breadcrumb":{"@id":"https:\/\/www.victor.it\/de\/soziale-verantwortung\/#breadcrumb"},"inLanguage":"de","potentialAction":[{"@type":"ReadAction","target":["https:\/\/www.victor.it\/de\/soziale-verantwortung\/"]}]},{"@type":"ImageObject","inLanguage":"de","@id":"https:\/\/www.victor.it\/de\/soziale-verantwortung\/#primaryimage","url":"https:\/\/www.victor.it\/wp-content\/uploads\/elementor\/thumbs\/Nastrificio_Victor_19-uai-1200x675-1-qzxxbpzk2ywphjqm44hq1lciuvmqm27oi1rcq3vpu0.jpg","contentUrl":"https:\/\/www.victor.it\/wp-content\/uploads\/elementor\/thumbs\/Nastrificio_Victor_19-uai-1200x675-1-qzxxbpzk2ywphjqm44hq1lciuvmqm27oi1rcq3vpu0.jpg"},{"@type":"BreadcrumbList","@id":"https:\/\/www.victor.it\/de\/soziale-verantwortung\/#breadcrumb","itemListElement":[{"@type":"ListItem","position":1,"name":"Home","item":"https:\/\/www.victor.it\/de\/home-2\/"},{"@type":"ListItem","position":2,"name":"Soziale Verantwortung"}]},{"@type":"WebSite","@id":"https:\/\/www.victor.it\/de\/#website","url":"https:\/\/www.victor.it\/de\/","name":"Nastrificio Victor","description":"B\u00e4nder, Kordeln, Elastische B\u00e4nder, Schn\u00fcrsenkel f\u00fcr die Modeindustrie","potentialAction":[{"@type":"SearchAction","target":{"@type":"EntryPoint","urlTemplate":"https:\/\/www.victor.it\/de\/?s={search_term_string}"},"query-input":{"@type":"PropertyValueSpecification","valueRequired":true,"valueName":"search_term_string"}}],"inLanguage":"de"}]}},"_links":{"self":[{"href":"https:\/\/www.victor.it\/de\/wp-json\/wp\/v2\/pages\/99871","targetHints":{"allow":["GET"]}}],"collection":[{"href":"https:\/\/www.victor.it\/de\/wp-json\/wp\/v2\/pages"}],"about":[{"href":"https:\/\/www.victor.it\/de\/wp-json\/wp\/v2\/types\/page"}],"author":[{"embeddable":true,"href":"https:\/\/www.victor.it\/de\/wp-json\/wp\/v2\/users\/1"}],"replies":[{"embeddable":true,"href":"https:\/\/www.victor.it\/de\/wp-json\/wp\/v2\/comments?post=99871"}],"version-history":[{"count":6,"href":"https:\/\/www.victor.it\/de\/wp-json\/wp\/v2\/pages\/99871\/revisions"}],"predecessor-version":[{"id":101476,"href":"https:\/\/www.victor.it\/de\/wp-json\/wp\/v2\/pages\/99871\/revisions\/101476"}],"wp:attachment":[{"href":"https:\/\/www.victor.it\/de\/wp-json\/wp\/v2\/media?parent=99871"}],"curies":[{"name":"wp","href":"https:\/\/api.w.org\/{rel}","templated":true}]}}