{"id":100020,"date":"2025-09-17T13:51:05","date_gmt":"2025-09-17T13:51:05","guid":{"rendered":"https:\/\/www.victor.it\/prodotto\/kordel-aus-baumwolle-und-lurex\/"},"modified":"2025-09-17T13:51:05","modified_gmt":"2025-09-17T13:51:05","slug":"kordel-aus-baumwolle-und-lurex","status":"publish","type":"product","link":"https:\/\/www.victor.it\/de\/produkt\/kordel-aus-baumwolle-und-lurex\/","title":{"rendered":"Kordel aus Baumwolle und Lurex"},"content":{"rendered":"<p><strong>Zusammensetzung: <\/strong>Baumwolle und Lurex<br \/>\n<strong>Beschreibung: <\/strong>Baumwollkordel mit goldenem Lurexgarn.<\/p>\n","protected":false},"excerpt":{"rendered":"<p>Zusammensetzung: Baumwolle und Lurex Beschreibung: Baumwollkordel mit goldenem Lurexgarn.<\/p>\n","protected":false},"featured_media":100021,"comment_status":"open","ping_status":"closed","template":"","meta":{"_acf_changed":false},"pronto-per-tinta":[],"tipologia-di-prodotto":[],"product_brand":[],"product_cat":[248,260,263],"product_tag":[],"class_list":{"0":"post-100020","1":"product","2":"type-product","3":"status-publish","4":"has-post-thumbnail","6":"product_cat-lurex","7":"product_cat-baumwolle","8":"product_cat-kordeln","10":"first","11":"instock","12":"shipping-taxable","13":"product-type-simple"},"acf":[],"yoast_head":"<!-- This site is optimized with the Yoast SEO plugin v27.5 - https:\/\/yoast.com\/product\/yoast-seo-wordpress\/ -->\n<title>Kordel aus Baumwolle und Lurex - Nastrificio Victor<\/title>\n<meta name=\"robots\" content=\"index, follow, max-snippet:-1, max-image-preview:large, max-video-preview:-1\" \/>\n<link rel=\"canonical\" href=\"https:\/\/www.victor.it\/de\/produkt\/kordel-aus-baumwolle-und-lurex\/\" \/>\n<meta property=\"og:locale\" content=\"de_DE\" \/>\n<meta property=\"og:type\" content=\"article\" \/>\n<meta property=\"og:title\" content=\"Kordel aus Baumwolle und Lurex - Nastrificio Victor\" \/>\n<meta property=\"og:description\" content=\"Zusammensetzung: Baumwolle und Lurex Beschreibung: Baumwollkordel mit goldenem Lurexgarn.\" \/>\n<meta property=\"og:url\" content=\"https:\/\/www.victor.it\/de\/produkt\/kordel-aus-baumwolle-und-lurex\/\" \/>\n<meta property=\"og:site_name\" content=\"Nastrificio Victor\" \/>\n<meta property=\"og:image\" content=\"https:\/\/www.victor.it\/wp-content\/uploads\/2025\/09\/W1197-Cordone-in-cotone-e-lurex-1.avif\" \/>\n\t<meta property=\"og:image:width\" content=\"1500\" \/>\n\t<meta property=\"og:image:height\" content=\"1500\" \/>\n\t<meta property=\"og:image:type\" content=\"image\/jpeg\" \/>\n<meta name=\"twitter:card\" content=\"summary_large_image\" \/>\n<script type=\"application\/ld+json\" class=\"yoast-schema-graph\">{\"@context\":\"https:\\\/\\\/schema.org\",\"@graph\":[{\"@type\":\"WebPage\",\"@id\":\"https:\\\/\\\/www.victor.it\\\/de\\\/produkt\\\/kordel-aus-baumwolle-und-lurex\\\/\",\"url\":\"https:\\\/\\\/www.victor.it\\\/de\\\/produkt\\\/kordel-aus-baumwolle-und-lurex\\\/\",\"name\":\"Kordel aus Baumwolle und Lurex - Nastrificio Victor\",\"isPartOf\":{\"@id\":\"https:\\\/\\\/www.victor.it\\\/de\\\/#website\"},\"primaryImageOfPage\":{\"@id\":\"https:\\\/\\\/www.victor.it\\\/de\\\/produkt\\\/kordel-aus-baumwolle-und-lurex\\\/#primaryimage\"},\"image\":{\"@id\":\"https:\\\/\\\/www.victor.it\\\/de\\\/produkt\\\/kordel-aus-baumwolle-und-lurex\\\/#primaryimage\"},\"thumbnailUrl\":\"https:\\\/\\\/www.victor.it\\\/wp-content\\\/uploads\\\/2025\\\/09\\\/W1197-Cordone-in-cotone-e-lurex-1.avif\",\"datePublished\":\"2025-09-17T13:51:05+00:00\",\"breadcrumb\":{\"@id\":\"https:\\\/\\\/www.victor.it\\\/de\\\/produkt\\\/kordel-aus-baumwolle-und-lurex\\\/#breadcrumb\"},\"inLanguage\":\"de\",\"potentialAction\":[{\"@type\":\"ReadAction\",\"target\":[\"https:\\\/\\\/www.victor.it\\\/de\\\/produkt\\\/kordel-aus-baumwolle-und-lurex\\\/\"]}]},{\"@type\":\"ImageObject\",\"inLanguage\":\"de\",\"@id\":\"https:\\\/\\\/www.victor.it\\\/de\\\/produkt\\\/kordel-aus-baumwolle-und-lurex\\\/#primaryimage\",\"url\":\"https:\\\/\\\/www.victor.it\\\/wp-content\\\/uploads\\\/2025\\\/09\\\/W1197-Cordone-in-cotone-e-lurex-1.avif\",\"contentUrl\":\"https:\\\/\\\/www.victor.it\\\/wp-content\\\/uploads\\\/2025\\\/09\\\/W1197-Cordone-in-cotone-e-lurex-1.avif\",\"width\":1500,\"height\":1500,\"caption\":\"Cordone bianco in cotone e lurex oro W1197\"},{\"@type\":\"BreadcrumbList\",\"@id\":\"https:\\\/\\\/www.victor.it\\\/de\\\/produkt\\\/kordel-aus-baumwolle-und-lurex\\\/#breadcrumb\",\"itemListElement\":[{\"@type\":\"ListItem\",\"position\":1,\"name\":\"Home\",\"item\":\"https:\\\/\\\/www.victor.it\\\/de\\\/home-2\\\/\"},{\"@type\":\"ListItem\",\"position\":2,\"name\":\"Produkte\",\"item\":\"https:\\\/\\\/www.victor.it\\\/de\\\/shop\\\/\"},{\"@type\":\"ListItem\",\"position\":3,\"name\":\"Kordel aus Baumwolle und Lurex\"}]},{\"@type\":\"WebSite\",\"@id\":\"https:\\\/\\\/www.victor.it\\\/de\\\/#website\",\"url\":\"https:\\\/\\\/www.victor.it\\\/de\\\/\",\"name\":\"Nastrificio Victor\",\"description\":\"B\u00e4nder, Kordeln, Elastische B\u00e4nder, Schn\u00fcrsenkel f\u00fcr die Modeindustrie\",\"potentialAction\":[{\"@type\":\"SearchAction\",\"target\":{\"@type\":\"EntryPoint\",\"urlTemplate\":\"https:\\\/\\\/www.victor.it\\\/de\\\/?s={search_term_string}\"},\"query-input\":{\"@type\":\"PropertyValueSpecification\",\"valueRequired\":true,\"valueName\":\"search_term_string\"}}],\"inLanguage\":\"de\"}]}<\/script>\n<!-- \/ Yoast SEO plugin. -->","yoast_head_json":{"title":"Kordel aus Baumwolle und Lurex - Nastrificio Victor","robots":{"index":"index","follow":"follow","max-snippet":"max-snippet:-1","max-image-preview":"max-image-preview:large","max-video-preview":"max-video-preview:-1"},"canonical":"https:\/\/www.victor.it\/de\/produkt\/kordel-aus-baumwolle-und-lurex\/","og_locale":"de_DE","og_type":"article","og_title":"Kordel aus Baumwolle und Lurex - Nastrificio Victor","og_description":"Zusammensetzung: Baumwolle und Lurex Beschreibung: Baumwollkordel mit goldenem Lurexgarn.","og_url":"https:\/\/www.victor.it\/de\/produkt\/kordel-aus-baumwolle-und-lurex\/","og_site_name":"Nastrificio Victor","og_image":[{"width":1500,"height":1500,"url":"https:\/\/www.victor.it\/wp-content\/uploads\/2025\/09\/W1197-Cordone-in-cotone-e-lurex-1.avif","type":"image\/jpeg"}],"twitter_card":"summary_large_image","schema":{"@context":"https:\/\/schema.org","@graph":[{"@type":"WebPage","@id":"https:\/\/www.victor.it\/de\/produkt\/kordel-aus-baumwolle-und-lurex\/","url":"https:\/\/www.victor.it\/de\/produkt\/kordel-aus-baumwolle-und-lurex\/","name":"Kordel aus Baumwolle und Lurex - Nastrificio Victor","isPartOf":{"@id":"https:\/\/www.victor.it\/de\/#website"},"primaryImageOfPage":{"@id":"https:\/\/www.victor.it\/de\/produkt\/kordel-aus-baumwolle-und-lurex\/#primaryimage"},"image":{"@id":"https:\/\/www.victor.it\/de\/produkt\/kordel-aus-baumwolle-und-lurex\/#primaryimage"},"thumbnailUrl":"https:\/\/www.victor.it\/wp-content\/uploads\/2025\/09\/W1197-Cordone-in-cotone-e-lurex-1.avif","datePublished":"2025-09-17T13:51:05+00:00","breadcrumb":{"@id":"https:\/\/www.victor.it\/de\/produkt\/kordel-aus-baumwolle-und-lurex\/#breadcrumb"},"inLanguage":"de","potentialAction":[{"@type":"ReadAction","target":["https:\/\/www.victor.it\/de\/produkt\/kordel-aus-baumwolle-und-lurex\/"]}]},{"@type":"ImageObject","inLanguage":"de","@id":"https:\/\/www.victor.it\/de\/produkt\/kordel-aus-baumwolle-und-lurex\/#primaryimage","url":"https:\/\/www.victor.it\/wp-content\/uploads\/2025\/09\/W1197-Cordone-in-cotone-e-lurex-1.avif","contentUrl":"https:\/\/www.victor.it\/wp-content\/uploads\/2025\/09\/W1197-Cordone-in-cotone-e-lurex-1.avif","width":1500,"height":1500,"caption":"Cordone bianco in cotone e lurex oro W1197"},{"@type":"BreadcrumbList","@id":"https:\/\/www.victor.it\/de\/produkt\/kordel-aus-baumwolle-und-lurex\/#breadcrumb","itemListElement":[{"@type":"ListItem","position":1,"name":"Home","item":"https:\/\/www.victor.it\/de\/home-2\/"},{"@type":"ListItem","position":2,"name":"Produkte","item":"https:\/\/www.victor.it\/de\/shop\/"},{"@type":"ListItem","position":3,"name":"Kordel aus Baumwolle und Lurex"}]},{"@type":"WebSite","@id":"https:\/\/www.victor.it\/de\/#website","url":"https:\/\/www.victor.it\/de\/","name":"Nastrificio Victor","description":"B\u00e4nder, Kordeln, Elastische B\u00e4nder, Schn\u00fcrsenkel f\u00fcr die Modeindustrie","potentialAction":[{"@type":"SearchAction","target":{"@type":"EntryPoint","urlTemplate":"https:\/\/www.victor.it\/de\/?s={search_term_string}"},"query-input":{"@type":"PropertyValueSpecification","valueRequired":true,"valueName":"search_term_string"}}],"inLanguage":"de"}]}},"_links":{"self":[{"href":"https:\/\/www.victor.it\/de\/wp-json\/wp\/v2\/product\/100020","targetHints":{"allow":["GET"]}}],"collection":[{"href":"https:\/\/www.victor.it\/de\/wp-json\/wp\/v2\/product"}],"about":[{"href":"https:\/\/www.victor.it\/de\/wp-json\/wp\/v2\/types\/product"}],"replies":[{"embeddable":true,"href":"https:\/\/www.victor.it\/de\/wp-json\/wp\/v2\/comments?post=100020"}],"version-history":[{"count":0,"href":"https:\/\/www.victor.it\/de\/wp-json\/wp\/v2\/product\/100020\/revisions"}],"wp:featuredmedia":[{"embeddable":true,"href":"https:\/\/www.victor.it\/de\/wp-json\/wp\/v2\/media\/100021"}],"wp:attachment":[{"href":"https:\/\/www.victor.it\/de\/wp-json\/wp\/v2\/media?parent=100020"}],"wp:term":[{"taxonomy":"pronto-per-tinta","embeddable":true,"href":"https:\/\/www.victor.it\/de\/wp-json\/wp\/v2\/pronto-per-tinta?post=100020"},{"taxonomy":"tipologia-di-prodotto","embeddable":true,"href":"https:\/\/www.victor.it\/de\/wp-json\/wp\/v2\/tipologia-di-prodotto?post=100020"},{"taxonomy":"product_brand","embeddable":true,"href":"https:\/\/www.victor.it\/de\/wp-json\/wp\/v2\/product_brand?post=100020"},{"taxonomy":"product_cat","embeddable":true,"href":"https:\/\/www.victor.it\/de\/wp-json\/wp\/v2\/product_cat?post=100020"},{"taxonomy":"product_tag","embeddable":true,"href":"https:\/\/www.victor.it\/de\/wp-json\/wp\/v2\/product_tag?post=100020"}],"curies":[{"name":"wp","href":"https:\/\/api.w.org\/{rel}","templated":true}]}}