{"id":100142,"date":"2025-09-17T09:37:53","date_gmt":"2025-09-17T09:37:53","guid":{"rendered":"https:\/\/www.victor.it\/prodotto\/einfassbaender\/"},"modified":"2025-09-17T09:37:53","modified_gmt":"2025-09-17T09:37:53","slug":"einfassbaender","status":"publish","type":"product","link":"https:\/\/www.victor.it\/de\/produkt\/einfassbaender\/","title":{"rendered":"Einfassb\u00e4nder"},"content":{"rendered":"<p><strong>Zusammensetzung: <\/strong>Polyester<br \/>\n<strong>Beschreibung: <\/strong>Einfassb\u00e4nder mit dreifarbiger.<\/p>\n","protected":false},"excerpt":{"rendered":"<p>Zusammensetzung: Polyester Beschreibung: Einfassb\u00e4nder mit dreifarbiger.<\/p>\n","protected":false},"featured_media":100143,"comment_status":"open","ping_status":"closed","template":"","meta":{"_acf_changed":false},"pronto-per-tinta":[],"tipologia-di-prodotto":[],"product_brand":[],"product_cat":[239,243],"product_tag":[],"class_list":{"0":"post-100142","1":"product","2":"type-product","3":"status-publish","4":"has-post-thumbnail","6":"product_cat-polyester","7":"product_cat-baender","9":"first","10":"instock","11":"shipping-taxable","12":"product-type-simple"},"acf":[],"yoast_head":"<!-- This site is optimized with the Yoast SEO plugin v27.5 - https:\/\/yoast.com\/product\/yoast-seo-wordpress\/ -->\n<title>Einfassb\u00e4nder - Nastrificio Victor<\/title>\n<meta name=\"robots\" content=\"index, follow, max-snippet:-1, max-image-preview:large, max-video-preview:-1\" \/>\n<link rel=\"canonical\" href=\"https:\/\/www.victor.it\/de\/produkt\/einfassbaender\/\" \/>\n<meta property=\"og:locale\" content=\"de_DE\" \/>\n<meta property=\"og:type\" content=\"article\" \/>\n<meta property=\"og:title\" content=\"Einfassb\u00e4nder - Nastrificio Victor\" \/>\n<meta property=\"og:description\" content=\"Zusammensetzung: Polyester Beschreibung: Einfassb\u00e4nder mit dreifarbiger.\" \/>\n<meta property=\"og:url\" content=\"https:\/\/www.victor.it\/de\/produkt\/einfassbaender\/\" \/>\n<meta property=\"og:site_name\" content=\"Nastrificio Victor\" \/>\n<meta property=\"og:image\" content=\"https:\/\/www.victor.it\/wp-content\/uploads\/2025\/09\/W1167-Nastro-scarto-ago-1.avif\" \/>\n\t<meta property=\"og:image:width\" content=\"1500\" \/>\n\t<meta property=\"og:image:height\" content=\"1500\" \/>\n\t<meta property=\"og:image:type\" content=\"image\/jpeg\" \/>\n<meta name=\"twitter:card\" content=\"summary_large_image\" \/>\n<script type=\"application\/ld+json\" class=\"yoast-schema-graph\">{\"@context\":\"https:\\\/\\\/schema.org\",\"@graph\":[{\"@type\":\"WebPage\",\"@id\":\"https:\\\/\\\/www.victor.it\\\/de\\\/produkt\\\/einfassbaender\\\/\",\"url\":\"https:\\\/\\\/www.victor.it\\\/de\\\/produkt\\\/einfassbaender\\\/\",\"name\":\"Einfassb\u00e4nder - Nastrificio Victor\",\"isPartOf\":{\"@id\":\"https:\\\/\\\/www.victor.it\\\/de\\\/#website\"},\"primaryImageOfPage\":{\"@id\":\"https:\\\/\\\/www.victor.it\\\/de\\\/produkt\\\/einfassbaender\\\/#primaryimage\"},\"image\":{\"@id\":\"https:\\\/\\\/www.victor.it\\\/de\\\/produkt\\\/einfassbaender\\\/#primaryimage\"},\"thumbnailUrl\":\"https:\\\/\\\/www.victor.it\\\/wp-content\\\/uploads\\\/2025\\\/09\\\/W1167-Nastro-scarto-ago-1.avif\",\"datePublished\":\"2025-09-17T09:37:53+00:00\",\"breadcrumb\":{\"@id\":\"https:\\\/\\\/www.victor.it\\\/de\\\/produkt\\\/einfassbaender\\\/#breadcrumb\"},\"inLanguage\":\"de\",\"potentialAction\":[{\"@type\":\"ReadAction\",\"target\":[\"https:\\\/\\\/www.victor.it\\\/de\\\/produkt\\\/einfassbaender\\\/\"]}]},{\"@type\":\"ImageObject\",\"inLanguage\":\"de\",\"@id\":\"https:\\\/\\\/www.victor.it\\\/de\\\/produkt\\\/einfassbaender\\\/#primaryimage\",\"url\":\"https:\\\/\\\/www.victor.it\\\/wp-content\\\/uploads\\\/2025\\\/09\\\/W1167-Nastro-scarto-ago-1.avif\",\"contentUrl\":\"https:\\\/\\\/www.victor.it\\\/wp-content\\\/uploads\\\/2025\\\/09\\\/W1167-Nastro-scarto-ago-1.avif\",\"width\":1500,\"height\":1500,\"caption\":\"Nastro scarto ago verde con righe bordeaux blu e bianco W1167\"},{\"@type\":\"BreadcrumbList\",\"@id\":\"https:\\\/\\\/www.victor.it\\\/de\\\/produkt\\\/einfassbaender\\\/#breadcrumb\",\"itemListElement\":[{\"@type\":\"ListItem\",\"position\":1,\"name\":\"Home\",\"item\":\"https:\\\/\\\/www.victor.it\\\/de\\\/home-2\\\/\"},{\"@type\":\"ListItem\",\"position\":2,\"name\":\"Produkte\",\"item\":\"https:\\\/\\\/www.victor.it\\\/de\\\/shop\\\/\"},{\"@type\":\"ListItem\",\"position\":3,\"name\":\"Einfassb\u00e4nder\"}]},{\"@type\":\"WebSite\",\"@id\":\"https:\\\/\\\/www.victor.it\\\/de\\\/#website\",\"url\":\"https:\\\/\\\/www.victor.it\\\/de\\\/\",\"name\":\"Nastrificio Victor\",\"description\":\"B\u00e4nder, Kordeln, Elastische B\u00e4nder, Schn\u00fcrsenkel f\u00fcr die Modeindustrie\",\"potentialAction\":[{\"@type\":\"SearchAction\",\"target\":{\"@type\":\"EntryPoint\",\"urlTemplate\":\"https:\\\/\\\/www.victor.it\\\/de\\\/?s={search_term_string}\"},\"query-input\":{\"@type\":\"PropertyValueSpecification\",\"valueRequired\":true,\"valueName\":\"search_term_string\"}}],\"inLanguage\":\"de\"}]}<\/script>\n<!-- \/ Yoast SEO plugin. -->","yoast_head_json":{"title":"Einfassb\u00e4nder - Nastrificio Victor","robots":{"index":"index","follow":"follow","max-snippet":"max-snippet:-1","max-image-preview":"max-image-preview:large","max-video-preview":"max-video-preview:-1"},"canonical":"https:\/\/www.victor.it\/de\/produkt\/einfassbaender\/","og_locale":"de_DE","og_type":"article","og_title":"Einfassb\u00e4nder - Nastrificio Victor","og_description":"Zusammensetzung: Polyester Beschreibung: Einfassb\u00e4nder mit dreifarbiger.","og_url":"https:\/\/www.victor.it\/de\/produkt\/einfassbaender\/","og_site_name":"Nastrificio Victor","og_image":[{"width":1500,"height":1500,"url":"https:\/\/www.victor.it\/wp-content\/uploads\/2025\/09\/W1167-Nastro-scarto-ago-1.avif","type":"image\/jpeg"}],"twitter_card":"summary_large_image","schema":{"@context":"https:\/\/schema.org","@graph":[{"@type":"WebPage","@id":"https:\/\/www.victor.it\/de\/produkt\/einfassbaender\/","url":"https:\/\/www.victor.it\/de\/produkt\/einfassbaender\/","name":"Einfassb\u00e4nder - Nastrificio Victor","isPartOf":{"@id":"https:\/\/www.victor.it\/de\/#website"},"primaryImageOfPage":{"@id":"https:\/\/www.victor.it\/de\/produkt\/einfassbaender\/#primaryimage"},"image":{"@id":"https:\/\/www.victor.it\/de\/produkt\/einfassbaender\/#primaryimage"},"thumbnailUrl":"https:\/\/www.victor.it\/wp-content\/uploads\/2025\/09\/W1167-Nastro-scarto-ago-1.avif","datePublished":"2025-09-17T09:37:53+00:00","breadcrumb":{"@id":"https:\/\/www.victor.it\/de\/produkt\/einfassbaender\/#breadcrumb"},"inLanguage":"de","potentialAction":[{"@type":"ReadAction","target":["https:\/\/www.victor.it\/de\/produkt\/einfassbaender\/"]}]},{"@type":"ImageObject","inLanguage":"de","@id":"https:\/\/www.victor.it\/de\/produkt\/einfassbaender\/#primaryimage","url":"https:\/\/www.victor.it\/wp-content\/uploads\/2025\/09\/W1167-Nastro-scarto-ago-1.avif","contentUrl":"https:\/\/www.victor.it\/wp-content\/uploads\/2025\/09\/W1167-Nastro-scarto-ago-1.avif","width":1500,"height":1500,"caption":"Nastro scarto ago verde con righe bordeaux blu e bianco W1167"},{"@type":"BreadcrumbList","@id":"https:\/\/www.victor.it\/de\/produkt\/einfassbaender\/#breadcrumb","itemListElement":[{"@type":"ListItem","position":1,"name":"Home","item":"https:\/\/www.victor.it\/de\/home-2\/"},{"@type":"ListItem","position":2,"name":"Produkte","item":"https:\/\/www.victor.it\/de\/shop\/"},{"@type":"ListItem","position":3,"name":"Einfassb\u00e4nder"}]},{"@type":"WebSite","@id":"https:\/\/www.victor.it\/de\/#website","url":"https:\/\/www.victor.it\/de\/","name":"Nastrificio Victor","description":"B\u00e4nder, Kordeln, Elastische B\u00e4nder, Schn\u00fcrsenkel f\u00fcr die Modeindustrie","potentialAction":[{"@type":"SearchAction","target":{"@type":"EntryPoint","urlTemplate":"https:\/\/www.victor.it\/de\/?s={search_term_string}"},"query-input":{"@type":"PropertyValueSpecification","valueRequired":true,"valueName":"search_term_string"}}],"inLanguage":"de"}]}},"_links":{"self":[{"href":"https:\/\/www.victor.it\/de\/wp-json\/wp\/v2\/product\/100142","targetHints":{"allow":["GET"]}}],"collection":[{"href":"https:\/\/www.victor.it\/de\/wp-json\/wp\/v2\/product"}],"about":[{"href":"https:\/\/www.victor.it\/de\/wp-json\/wp\/v2\/types\/product"}],"replies":[{"embeddable":true,"href":"https:\/\/www.victor.it\/de\/wp-json\/wp\/v2\/comments?post=100142"}],"version-history":[{"count":0,"href":"https:\/\/www.victor.it\/de\/wp-json\/wp\/v2\/product\/100142\/revisions"}],"wp:featuredmedia":[{"embeddable":true,"href":"https:\/\/www.victor.it\/de\/wp-json\/wp\/v2\/media\/100143"}],"wp:attachment":[{"href":"https:\/\/www.victor.it\/de\/wp-json\/wp\/v2\/media?parent=100142"}],"wp:term":[{"taxonomy":"pronto-per-tinta","embeddable":true,"href":"https:\/\/www.victor.it\/de\/wp-json\/wp\/v2\/pronto-per-tinta?post=100142"},{"taxonomy":"tipologia-di-prodotto","embeddable":true,"href":"https:\/\/www.victor.it\/de\/wp-json\/wp\/v2\/tipologia-di-prodotto?post=100142"},{"taxonomy":"product_brand","embeddable":true,"href":"https:\/\/www.victor.it\/de\/wp-json\/wp\/v2\/product_brand?post=100142"},{"taxonomy":"product_cat","embeddable":true,"href":"https:\/\/www.victor.it\/de\/wp-json\/wp\/v2\/product_cat?post=100142"},{"taxonomy":"product_tag","embeddable":true,"href":"https:\/\/www.victor.it\/de\/wp-json\/wp\/v2\/product_tag?post=100142"}],"curies":[{"name":"wp","href":"https:\/\/api.w.org\/{rel}","templated":true}]}}