{"id":100462,"date":"2024-12-09T16:30:58","date_gmt":"2024-12-09T16:30:58","guid":{"rendered":"https:\/\/www.victor.it\/prodotto\/einteiliger-schlauch-aus-polyester\/"},"modified":"2024-12-09T16:30:58","modified_gmt":"2024-12-09T16:30:58","slug":"einteiliger-schlauch-aus-polyester","status":"publish","type":"product","link":"https:\/\/www.victor.it\/de\/produkt\/einteiliger-schlauch-aus-polyester\/","title":{"rendered":"Einteiliger Schlauch aus Polyester"},"content":{"rendered":"<p><strong>Zusammensetzung<\/strong>: Polyester<br \/>\nBeschreibung: Einlagiger Schlauch aus Polyester <\/p>\n","protected":false},"excerpt":{"rendered":"<p>Zusammensetzung: Polyester Beschreibung: Einlagiger Schlauch aus Polyester<\/p>\n","protected":false},"featured_media":100463,"comment_status":"open","ping_status":"closed","template":"","meta":{"_acf_changed":false},"pronto-per-tinta":[],"tipologia-di-prodotto":[],"product_brand":[],"product_cat":[230,239],"product_tag":[],"class_list":{"0":"post-100462","1":"product","2":"type-product","3":"status-publish","4":"has-post-thumbnail","6":"product_cat-roehrenfoermig","7":"product_cat-polyester","9":"first","10":"instock","11":"shipping-taxable","12":"product-type-simple"},"acf":[],"yoast_head":"<!-- This site is optimized with the Yoast SEO plugin v27.5 - https:\/\/yoast.com\/product\/yoast-seo-wordpress\/ -->\n<title>Einteiliger Schlauch aus Polyester - Nastrificio Victor<\/title>\n<meta name=\"robots\" content=\"index, follow, max-snippet:-1, max-image-preview:large, max-video-preview:-1\" \/>\n<link rel=\"canonical\" href=\"https:\/\/www.victor.it\/de\/produkt\/einteiliger-schlauch-aus-polyester\/\" \/>\n<meta property=\"og:locale\" content=\"de_DE\" \/>\n<meta property=\"og:type\" content=\"article\" \/>\n<meta property=\"og:title\" content=\"Einteiliger Schlauch aus Polyester - Nastrificio Victor\" \/>\n<meta property=\"og:description\" content=\"Zusammensetzung: Polyester Beschreibung: Einlagiger Schlauch aus Polyester\" \/>\n<meta property=\"og:url\" content=\"https:\/\/www.victor.it\/de\/produkt\/einteiliger-schlauch-aus-polyester\/\" \/>\n<meta property=\"og:site_name\" content=\"Nastrificio Victor\" \/>\n<meta property=\"og:image\" content=\"https:\/\/www.victor.it\/wp-content\/uploads\/2024\/12\/W1084-Tubolare-in-poliestere-1.jpg\" \/>\n\t<meta property=\"og:image:width\" content=\"1200\" \/>\n\t<meta property=\"og:image:height\" content=\"1200\" \/>\n\t<meta property=\"og:image:type\" content=\"image\/jpeg\" \/>\n<meta name=\"twitter:card\" content=\"summary_large_image\" \/>\n<script type=\"application\/ld+json\" class=\"yoast-schema-graph\">{\"@context\":\"https:\\\/\\\/schema.org\",\"@graph\":[{\"@type\":\"WebPage\",\"@id\":\"https:\\\/\\\/www.victor.it\\\/de\\\/produkt\\\/einteiliger-schlauch-aus-polyester\\\/\",\"url\":\"https:\\\/\\\/www.victor.it\\\/de\\\/produkt\\\/einteiliger-schlauch-aus-polyester\\\/\",\"name\":\"Einteiliger Schlauch aus Polyester - Nastrificio Victor\",\"isPartOf\":{\"@id\":\"https:\\\/\\\/www.victor.it\\\/de\\\/#website\"},\"primaryImageOfPage\":{\"@id\":\"https:\\\/\\\/www.victor.it\\\/de\\\/produkt\\\/einteiliger-schlauch-aus-polyester\\\/#primaryimage\"},\"image\":{\"@id\":\"https:\\\/\\\/www.victor.it\\\/de\\\/produkt\\\/einteiliger-schlauch-aus-polyester\\\/#primaryimage\"},\"thumbnailUrl\":\"https:\\\/\\\/www.victor.it\\\/wp-content\\\/uploads\\\/2024\\\/12\\\/W1084-Tubolare-in-poliestere-1.jpg\",\"datePublished\":\"2024-12-09T16:30:58+00:00\",\"breadcrumb\":{\"@id\":\"https:\\\/\\\/www.victor.it\\\/de\\\/produkt\\\/einteiliger-schlauch-aus-polyester\\\/#breadcrumb\"},\"inLanguage\":\"de\",\"potentialAction\":[{\"@type\":\"ReadAction\",\"target\":[\"https:\\\/\\\/www.victor.it\\\/de\\\/produkt\\\/einteiliger-schlauch-aus-polyester\\\/\"]}]},{\"@type\":\"ImageObject\",\"inLanguage\":\"de\",\"@id\":\"https:\\\/\\\/www.victor.it\\\/de\\\/produkt\\\/einteiliger-schlauch-aus-polyester\\\/#primaryimage\",\"url\":\"https:\\\/\\\/www.victor.it\\\/wp-content\\\/uploads\\\/2024\\\/12\\\/W1084-Tubolare-in-poliestere-1.jpg\",\"contentUrl\":\"https:\\\/\\\/www.victor.it\\\/wp-content\\\/uploads\\\/2024\\\/12\\\/W1084-Tubolare-in-poliestere-1.jpg\",\"width\":1200,\"height\":1200,\"caption\":\"Tubolare in poliestere azzurro W1084\"},{\"@type\":\"BreadcrumbList\",\"@id\":\"https:\\\/\\\/www.victor.it\\\/de\\\/produkt\\\/einteiliger-schlauch-aus-polyester\\\/#breadcrumb\",\"itemListElement\":[{\"@type\":\"ListItem\",\"position\":1,\"name\":\"Home\",\"item\":\"https:\\\/\\\/www.victor.it\\\/de\\\/home-2\\\/\"},{\"@type\":\"ListItem\",\"position\":2,\"name\":\"Produkte\",\"item\":\"https:\\\/\\\/www.victor.it\\\/de\\\/shop\\\/\"},{\"@type\":\"ListItem\",\"position\":3,\"name\":\"Einteiliger Schlauch aus Polyester\"}]},{\"@type\":\"WebSite\",\"@id\":\"https:\\\/\\\/www.victor.it\\\/de\\\/#website\",\"url\":\"https:\\\/\\\/www.victor.it\\\/de\\\/\",\"name\":\"Nastrificio Victor\",\"description\":\"B\u00e4nder, Kordeln, Elastische B\u00e4nder, Schn\u00fcrsenkel f\u00fcr die Modeindustrie\",\"potentialAction\":[{\"@type\":\"SearchAction\",\"target\":{\"@type\":\"EntryPoint\",\"urlTemplate\":\"https:\\\/\\\/www.victor.it\\\/de\\\/?s={search_term_string}\"},\"query-input\":{\"@type\":\"PropertyValueSpecification\",\"valueRequired\":true,\"valueName\":\"search_term_string\"}}],\"inLanguage\":\"de\"}]}<\/script>\n<!-- \/ Yoast SEO plugin. -->","yoast_head_json":{"title":"Einteiliger Schlauch aus Polyester - Nastrificio Victor","robots":{"index":"index","follow":"follow","max-snippet":"max-snippet:-1","max-image-preview":"max-image-preview:large","max-video-preview":"max-video-preview:-1"},"canonical":"https:\/\/www.victor.it\/de\/produkt\/einteiliger-schlauch-aus-polyester\/","og_locale":"de_DE","og_type":"article","og_title":"Einteiliger Schlauch aus Polyester - Nastrificio Victor","og_description":"Zusammensetzung: Polyester Beschreibung: Einlagiger Schlauch aus Polyester","og_url":"https:\/\/www.victor.it\/de\/produkt\/einteiliger-schlauch-aus-polyester\/","og_site_name":"Nastrificio Victor","og_image":[{"width":1200,"height":1200,"url":"https:\/\/www.victor.it\/wp-content\/uploads\/2024\/12\/W1084-Tubolare-in-poliestere-1.jpg","type":"image\/jpeg"}],"twitter_card":"summary_large_image","schema":{"@context":"https:\/\/schema.org","@graph":[{"@type":"WebPage","@id":"https:\/\/www.victor.it\/de\/produkt\/einteiliger-schlauch-aus-polyester\/","url":"https:\/\/www.victor.it\/de\/produkt\/einteiliger-schlauch-aus-polyester\/","name":"Einteiliger Schlauch aus Polyester - Nastrificio Victor","isPartOf":{"@id":"https:\/\/www.victor.it\/de\/#website"},"primaryImageOfPage":{"@id":"https:\/\/www.victor.it\/de\/produkt\/einteiliger-schlauch-aus-polyester\/#primaryimage"},"image":{"@id":"https:\/\/www.victor.it\/de\/produkt\/einteiliger-schlauch-aus-polyester\/#primaryimage"},"thumbnailUrl":"https:\/\/www.victor.it\/wp-content\/uploads\/2024\/12\/W1084-Tubolare-in-poliestere-1.jpg","datePublished":"2024-12-09T16:30:58+00:00","breadcrumb":{"@id":"https:\/\/www.victor.it\/de\/produkt\/einteiliger-schlauch-aus-polyester\/#breadcrumb"},"inLanguage":"de","potentialAction":[{"@type":"ReadAction","target":["https:\/\/www.victor.it\/de\/produkt\/einteiliger-schlauch-aus-polyester\/"]}]},{"@type":"ImageObject","inLanguage":"de","@id":"https:\/\/www.victor.it\/de\/produkt\/einteiliger-schlauch-aus-polyester\/#primaryimage","url":"https:\/\/www.victor.it\/wp-content\/uploads\/2024\/12\/W1084-Tubolare-in-poliestere-1.jpg","contentUrl":"https:\/\/www.victor.it\/wp-content\/uploads\/2024\/12\/W1084-Tubolare-in-poliestere-1.jpg","width":1200,"height":1200,"caption":"Tubolare in poliestere azzurro W1084"},{"@type":"BreadcrumbList","@id":"https:\/\/www.victor.it\/de\/produkt\/einteiliger-schlauch-aus-polyester\/#breadcrumb","itemListElement":[{"@type":"ListItem","position":1,"name":"Home","item":"https:\/\/www.victor.it\/de\/home-2\/"},{"@type":"ListItem","position":2,"name":"Produkte","item":"https:\/\/www.victor.it\/de\/shop\/"},{"@type":"ListItem","position":3,"name":"Einteiliger Schlauch aus Polyester"}]},{"@type":"WebSite","@id":"https:\/\/www.victor.it\/de\/#website","url":"https:\/\/www.victor.it\/de\/","name":"Nastrificio Victor","description":"B\u00e4nder, Kordeln, Elastische B\u00e4nder, Schn\u00fcrsenkel f\u00fcr die Modeindustrie","potentialAction":[{"@type":"SearchAction","target":{"@type":"EntryPoint","urlTemplate":"https:\/\/www.victor.it\/de\/?s={search_term_string}"},"query-input":{"@type":"PropertyValueSpecification","valueRequired":true,"valueName":"search_term_string"}}],"inLanguage":"de"}]}},"_links":{"self":[{"href":"https:\/\/www.victor.it\/de\/wp-json\/wp\/v2\/product\/100462","targetHints":{"allow":["GET"]}}],"collection":[{"href":"https:\/\/www.victor.it\/de\/wp-json\/wp\/v2\/product"}],"about":[{"href":"https:\/\/www.victor.it\/de\/wp-json\/wp\/v2\/types\/product"}],"replies":[{"embeddable":true,"href":"https:\/\/www.victor.it\/de\/wp-json\/wp\/v2\/comments?post=100462"}],"version-history":[{"count":0,"href":"https:\/\/www.victor.it\/de\/wp-json\/wp\/v2\/product\/100462\/revisions"}],"wp:featuredmedia":[{"embeddable":true,"href":"https:\/\/www.victor.it\/de\/wp-json\/wp\/v2\/media\/100463"}],"wp:attachment":[{"href":"https:\/\/www.victor.it\/de\/wp-json\/wp\/v2\/media?parent=100462"}],"wp:term":[{"taxonomy":"pronto-per-tinta","embeddable":true,"href":"https:\/\/www.victor.it\/de\/wp-json\/wp\/v2\/pronto-per-tinta?post=100462"},{"taxonomy":"tipologia-di-prodotto","embeddable":true,"href":"https:\/\/www.victor.it\/de\/wp-json\/wp\/v2\/tipologia-di-prodotto?post=100462"},{"taxonomy":"product_brand","embeddable":true,"href":"https:\/\/www.victor.it\/de\/wp-json\/wp\/v2\/product_brand?post=100462"},{"taxonomy":"product_cat","embeddable":true,"href":"https:\/\/www.victor.it\/de\/wp-json\/wp\/v2\/product_cat?post=100462"},{"taxonomy":"product_tag","embeddable":true,"href":"https:\/\/www.victor.it\/de\/wp-json\/wp\/v2\/product_tag?post=100462"}],"curies":[{"name":"wp","href":"https:\/\/api.w.org\/{rel}","templated":true}]}}