{"id":100619,"date":"2024-05-27T07:59:57","date_gmt":"2024-05-27T07:59:57","guid":{"rendered":"https:\/\/www.victor.it\/prodotto\/elastisches-jacquardgewebe-mit-einfachem-fischgraetenmuster\/"},"modified":"2024-05-27T07:59:57","modified_gmt":"2024-05-27T07:59:57","slug":"elastisches-jacquardgewebe-mit-einfachem-fischgraetenmuster","status":"publish","type":"product","link":"https:\/\/www.victor.it\/de\/produkt\/elastisches-jacquardgewebe-mit-einfachem-fischgraetenmuster\/","title":{"rendered":"Elastisches Jacquardgewebe mit einfachem Fischgr\u00e4tenmuster"},"content":{"rendered":"<p><strong>Zusammensetzung<\/strong>: Polyester, Elastan<br \/>\n<strong>Beschreibung<\/strong>: Einfacher Jacquard-Gummiband<\/p>\n","protected":false},"excerpt":{"rendered":"<p>Zusammensetzung: Polyester, Elastan Beschreibung: Einfacher Jacquard-Gummiband<\/p>\n","protected":false},"featured_media":1248,"comment_status":"open","ping_status":"closed","template":"","meta":{"_acf_changed":false},"pronto-per-tinta":[59],"tipologia-di-prodotto":[63],"product_brand":[],"product_cat":[239,254],"product_tag":[],"class_list":{"0":"post-100619","1":"product","2":"type-product","3":"status-publish","4":"has-post-thumbnail","6":"pronto-per-tinta-no","7":"tipologia-di-prodotto-elastico","8":"product_cat-polyester","9":"product_cat-elastische-gewebe","11":"first","12":"instock","13":"shipping-taxable","14":"product-type-simple"},"acf":[],"yoast_head":"<!-- This site is optimized with the Yoast SEO plugin v27.2 - https:\/\/yoast.com\/product\/yoast-seo-wordpress\/ -->\n<title>Elastisches Jacquardgewebe mit einfachem Fischgr\u00e4tenmuster - Nastrificio Victor<\/title>\n<meta name=\"robots\" content=\"index, follow, max-snippet:-1, max-image-preview:large, max-video-preview:-1\" \/>\n<link rel=\"canonical\" href=\"https:\/\/www.victor.it\/de\/produkt\/elastisches-jacquardgewebe-mit-einfachem-fischgraetenmuster\/\" \/>\n<meta property=\"og:locale\" content=\"de_DE\" \/>\n<meta property=\"og:type\" content=\"article\" \/>\n<meta property=\"og:title\" content=\"Elastisches Jacquardgewebe mit einfachem Fischgr\u00e4tenmuster - Nastrificio Victor\" \/>\n<meta property=\"og:description\" content=\"Zusammensetzung: Polyester, Elastan Beschreibung: Einfacher Jacquard-Gummiband\" \/>\n<meta property=\"og:url\" content=\"https:\/\/www.victor.it\/de\/produkt\/elastisches-jacquardgewebe-mit-einfachem-fischgraetenmuster\/\" \/>\n<meta property=\"og:site_name\" content=\"Nastrificio Victor\" \/>\n<meta property=\"og:image\" content=\"https:\/\/www.victor.it\/wp-content\/uploads\/2024\/05\/W1030-Elastico-jacquard-1.jpg\" \/>\n\t<meta property=\"og:image:width\" content=\"1200\" \/>\n\t<meta property=\"og:image:height\" content=\"1200\" \/>\n\t<meta property=\"og:image:type\" content=\"image\/jpeg\" \/>\n<meta name=\"twitter:card\" content=\"summary_large_image\" \/>\n<script type=\"application\/ld+json\" class=\"yoast-schema-graph\">{\"@context\":\"https:\/\/schema.org\",\"@graph\":[{\"@type\":\"WebPage\",\"@id\":\"https:\/\/www.victor.it\/de\/produkt\/elastisches-jacquardgewebe-mit-einfachem-fischgraetenmuster\/\",\"url\":\"https:\/\/www.victor.it\/de\/produkt\/elastisches-jacquardgewebe-mit-einfachem-fischgraetenmuster\/\",\"name\":\"Elastisches Jacquardgewebe mit einfachem Fischgr\u00e4tenmuster - Nastrificio Victor\",\"isPartOf\":{\"@id\":\"https:\/\/www.victor.it\/de\/#website\"},\"primaryImageOfPage\":{\"@id\":\"https:\/\/www.victor.it\/de\/produkt\/elastisches-jacquardgewebe-mit-einfachem-fischgraetenmuster\/#primaryimage\"},\"image\":{\"@id\":\"https:\/\/www.victor.it\/de\/produkt\/elastisches-jacquardgewebe-mit-einfachem-fischgraetenmuster\/#primaryimage\"},\"thumbnailUrl\":\"https:\/\/www.victor.it\/wp-content\/uploads\/2024\/05\/W1030-Elastico-jacquard-1.jpg\",\"datePublished\":\"2024-05-27T07:59:57+00:00\",\"breadcrumb\":{\"@id\":\"https:\/\/www.victor.it\/de\/produkt\/elastisches-jacquardgewebe-mit-einfachem-fischgraetenmuster\/#breadcrumb\"},\"inLanguage\":\"de\",\"potentialAction\":[{\"@type\":\"ReadAction\",\"target\":[\"https:\/\/www.victor.it\/de\/produkt\/elastisches-jacquardgewebe-mit-einfachem-fischgraetenmuster\/\"]}]},{\"@type\":\"ImageObject\",\"inLanguage\":\"de\",\"@id\":\"https:\/\/www.victor.it\/de\/produkt\/elastisches-jacquardgewebe-mit-einfachem-fischgraetenmuster\/#primaryimage\",\"url\":\"https:\/\/www.victor.it\/wp-content\/uploads\/2024\/05\/W1030-Elastico-jacquard-1.jpg\",\"contentUrl\":\"https:\/\/www.victor.it\/wp-content\/uploads\/2024\/05\/W1030-Elastico-jacquard-1.jpg\",\"width\":1200,\"height\":1200,\"caption\":\"Elastico jacquard W1030\"},{\"@type\":\"BreadcrumbList\",\"@id\":\"https:\/\/www.victor.it\/de\/produkt\/elastisches-jacquardgewebe-mit-einfachem-fischgraetenmuster\/#breadcrumb\",\"itemListElement\":[{\"@type\":\"ListItem\",\"position\":1,\"name\":\"Home\",\"item\":\"https:\/\/www.victor.it\/de\/home-2\/\"},{\"@type\":\"ListItem\",\"position\":2,\"name\":\"Produkte\",\"item\":\"https:\/\/www.victor.it\/de\/shop\/\"},{\"@type\":\"ListItem\",\"position\":3,\"name\":\"Elastisches Jacquardgewebe mit einfachem Fischgr\u00e4tenmuster\"}]},{\"@type\":\"WebSite\",\"@id\":\"https:\/\/www.victor.it\/de\/#website\",\"url\":\"https:\/\/www.victor.it\/de\/\",\"name\":\"Nastrificio Victor\",\"description\":\"B\u00e4nder, Kordeln, Elastische B\u00e4nder, Schn\u00fcrsenkel f\u00fcr die Modeindustrie\",\"potentialAction\":[{\"@type\":\"SearchAction\",\"target\":{\"@type\":\"EntryPoint\",\"urlTemplate\":\"https:\/\/www.victor.it\/de\/?s={search_term_string}\"},\"query-input\":{\"@type\":\"PropertyValueSpecification\",\"valueRequired\":true,\"valueName\":\"search_term_string\"}}],\"inLanguage\":\"de\"}]}<\/script>\n<!-- \/ Yoast SEO plugin. -->","yoast_head_json":{"title":"Elastisches Jacquardgewebe mit einfachem Fischgr\u00e4tenmuster - Nastrificio Victor","robots":{"index":"index","follow":"follow","max-snippet":"max-snippet:-1","max-image-preview":"max-image-preview:large","max-video-preview":"max-video-preview:-1"},"canonical":"https:\/\/www.victor.it\/de\/produkt\/elastisches-jacquardgewebe-mit-einfachem-fischgraetenmuster\/","og_locale":"de_DE","og_type":"article","og_title":"Elastisches Jacquardgewebe mit einfachem Fischgr\u00e4tenmuster - Nastrificio Victor","og_description":"Zusammensetzung: Polyester, Elastan Beschreibung: Einfacher Jacquard-Gummiband","og_url":"https:\/\/www.victor.it\/de\/produkt\/elastisches-jacquardgewebe-mit-einfachem-fischgraetenmuster\/","og_site_name":"Nastrificio Victor","og_image":[{"width":1200,"height":1200,"url":"https:\/\/www.victor.it\/wp-content\/uploads\/2024\/05\/W1030-Elastico-jacquard-1.jpg","type":"image\/jpeg"}],"twitter_card":"summary_large_image","schema":{"@context":"https:\/\/schema.org","@graph":[{"@type":"WebPage","@id":"https:\/\/www.victor.it\/de\/produkt\/elastisches-jacquardgewebe-mit-einfachem-fischgraetenmuster\/","url":"https:\/\/www.victor.it\/de\/produkt\/elastisches-jacquardgewebe-mit-einfachem-fischgraetenmuster\/","name":"Elastisches Jacquardgewebe mit einfachem Fischgr\u00e4tenmuster - Nastrificio Victor","isPartOf":{"@id":"https:\/\/www.victor.it\/de\/#website"},"primaryImageOfPage":{"@id":"https:\/\/www.victor.it\/de\/produkt\/elastisches-jacquardgewebe-mit-einfachem-fischgraetenmuster\/#primaryimage"},"image":{"@id":"https:\/\/www.victor.it\/de\/produkt\/elastisches-jacquardgewebe-mit-einfachem-fischgraetenmuster\/#primaryimage"},"thumbnailUrl":"https:\/\/www.victor.it\/wp-content\/uploads\/2024\/05\/W1030-Elastico-jacquard-1.jpg","datePublished":"2024-05-27T07:59:57+00:00","breadcrumb":{"@id":"https:\/\/www.victor.it\/de\/produkt\/elastisches-jacquardgewebe-mit-einfachem-fischgraetenmuster\/#breadcrumb"},"inLanguage":"de","potentialAction":[{"@type":"ReadAction","target":["https:\/\/www.victor.it\/de\/produkt\/elastisches-jacquardgewebe-mit-einfachem-fischgraetenmuster\/"]}]},{"@type":"ImageObject","inLanguage":"de","@id":"https:\/\/www.victor.it\/de\/produkt\/elastisches-jacquardgewebe-mit-einfachem-fischgraetenmuster\/#primaryimage","url":"https:\/\/www.victor.it\/wp-content\/uploads\/2024\/05\/W1030-Elastico-jacquard-1.jpg","contentUrl":"https:\/\/www.victor.it\/wp-content\/uploads\/2024\/05\/W1030-Elastico-jacquard-1.jpg","width":1200,"height":1200,"caption":"Elastico jacquard W1030"},{"@type":"BreadcrumbList","@id":"https:\/\/www.victor.it\/de\/produkt\/elastisches-jacquardgewebe-mit-einfachem-fischgraetenmuster\/#breadcrumb","itemListElement":[{"@type":"ListItem","position":1,"name":"Home","item":"https:\/\/www.victor.it\/de\/home-2\/"},{"@type":"ListItem","position":2,"name":"Produkte","item":"https:\/\/www.victor.it\/de\/shop\/"},{"@type":"ListItem","position":3,"name":"Elastisches Jacquardgewebe mit einfachem Fischgr\u00e4tenmuster"}]},{"@type":"WebSite","@id":"https:\/\/www.victor.it\/de\/#website","url":"https:\/\/www.victor.it\/de\/","name":"Nastrificio Victor","description":"B\u00e4nder, Kordeln, Elastische B\u00e4nder, Schn\u00fcrsenkel f\u00fcr die Modeindustrie","potentialAction":[{"@type":"SearchAction","target":{"@type":"EntryPoint","urlTemplate":"https:\/\/www.victor.it\/de\/?s={search_term_string}"},"query-input":{"@type":"PropertyValueSpecification","valueRequired":true,"valueName":"search_term_string"}}],"inLanguage":"de"}]}},"_links":{"self":[{"href":"https:\/\/www.victor.it\/de\/wp-json\/wp\/v2\/product\/100619","targetHints":{"allow":["GET"]}}],"collection":[{"href":"https:\/\/www.victor.it\/de\/wp-json\/wp\/v2\/product"}],"about":[{"href":"https:\/\/www.victor.it\/de\/wp-json\/wp\/v2\/types\/product"}],"replies":[{"embeddable":true,"href":"https:\/\/www.victor.it\/de\/wp-json\/wp\/v2\/comments?post=100619"}],"version-history":[{"count":0,"href":"https:\/\/www.victor.it\/de\/wp-json\/wp\/v2\/product\/100619\/revisions"}],"wp:featuredmedia":[{"embeddable":true,"href":"https:\/\/www.victor.it\/de\/wp-json\/wp\/v2\/media\/1248"}],"wp:attachment":[{"href":"https:\/\/www.victor.it\/de\/wp-json\/wp\/v2\/media?parent=100619"}],"wp:term":[{"taxonomy":"pronto-per-tinta","embeddable":true,"href":"https:\/\/www.victor.it\/de\/wp-json\/wp\/v2\/pronto-per-tinta?post=100619"},{"taxonomy":"tipologia-di-prodotto","embeddable":true,"href":"https:\/\/www.victor.it\/de\/wp-json\/wp\/v2\/tipologia-di-prodotto?post=100619"},{"taxonomy":"product_brand","embeddable":true,"href":"https:\/\/www.victor.it\/de\/wp-json\/wp\/v2\/product_brand?post=100619"},{"taxonomy":"product_cat","embeddable":true,"href":"https:\/\/www.victor.it\/de\/wp-json\/wp\/v2\/product_cat?post=100619"},{"taxonomy":"product_tag","embeddable":true,"href":"https:\/\/www.victor.it\/de\/wp-json\/wp\/v2\/product_tag?post=100619"}],"curies":[{"name":"wp","href":"https:\/\/api.w.org\/{rel}","templated":true}]}}