{"id":100729,"date":"2024-07-18T13:38:51","date_gmt":"2024-07-18T13:38:51","guid":{"rendered":"https:\/\/www.victor.it\/qualite\/"},"modified":"2026-03-13T09:10:59","modified_gmt":"2026-03-13T09:10:59","slug":"qualite","status":"publish","type":"page","link":"https:\/\/www.victor.it\/fr\/qualite\/","title":{"rendered":"Qualit\u00e9"},"content":{"rendered":"\t\t<div data-elementor-type=\"wp-page\" data-elementor-id=\"100729\" class=\"elementor elementor-100729 elementor-1744\" data-elementor-post-type=\"page\">\n\t\t\t\t<div class=\"elementor-element elementor-element-01c2d29 e-con-full e-flex e-con e-parent\" data-id=\"01c2d29\" data-element_type=\"container\" data-e-type=\"container\">\n\t\t<div class=\"elementor-element elementor-element-955b968 e-con-full e-flex e-con e-child\" data-id=\"955b968\" data-element_type=\"container\" data-e-type=\"container\">\n\t\t\t\t<div class=\"elementor-element elementor-element-f603425 elementor-widget elementor-widget-heading\" data-id=\"f603425\" data-element_type=\"widget\" data-e-type=\"widget\" data-widget_type=\"heading.default\">\n\t\t\t\t<div class=\"elementor-widget-container\">\n\t\t\t\t\t<h2 class=\"elementor-heading-title elementor-size-default\">Qualit\u00e9<\/h2>\t\t\t\t<\/div>\n\t\t\t\t<\/div>\n\t\t\t\t<div class=\"elementor-element elementor-element-1b8b9eb elementor-widget elementor-widget-heading\" data-id=\"1b8b9eb\" data-element_type=\"widget\" data-e-type=\"widget\" data-widget_type=\"heading.default\">\n\t\t\t\t<div class=\"elementor-widget-container\">\n\t\t\t\t\t<h1 class=\"elementor-heading-title elementor-size-default\">Production de rubans tiss\u00e9s de haute qualit\u00e9<\/h1>\t\t\t\t<\/div>\n\t\t\t\t<\/div>\n\t\t\t\t<div class=\"elementor-element elementor-element-3f78a48 elementor-widget elementor-widget-text-editor\" data-id=\"3f78a48\" data-element_type=\"widget\" data-e-type=\"widget\" data-widget_type=\"text-editor.default\">\n\t\t\t\t<div class=\"elementor-widget-container\">\n\t\t\t\t\t\t\t\t\t<p>La recherche de la qualit\u00e9 guide au quotidien l\u2019ensemble de nos processus, de l\u2019approvisionnement en mati\u00e8res premi\u00e8res jusqu\u2019au conditionnement de la commande finie. Cet engagement se traduit par des processus de production \u00e9troitement surveill\u00e9s et la s\u00e9lection de fournisseurs issus de fili\u00e8res certifi\u00e9es. Cette philosophie de production nous permet de garantir des produits d\u2019excellence, tout en soutenant l\u2019\u00e9conomie de notre territoire, ainsi que les entreprises vertueuses avec lesquelles nous collaborons, et d\u2019op\u00e9rer de mani\u00e8re durable.  <\/p>\t\t\t\t\t\t\t\t<\/div>\n\t\t\t\t<\/div>\n\t\t\t\t<\/div>\n\t\t\t\t<\/div>\n\t\t<div class=\"elementor-element elementor-element-ed62501 e-con-full e-flex e-con e-child\" data-id=\"ed62501\" data-element_type=\"container\" data-e-type=\"container\">\n\t\t<div class=\"elementor-element elementor-element-f8c19fb list-service e-con-full e-flex e-con e-child\" data-id=\"f8c19fb\" data-element_type=\"container\" data-e-type=\"container\" data-settings=\"{&quot;background_background&quot;:&quot;classic&quot;}\">\n\t\t<div class=\"elementor-element elementor-element-5cc3931 e-con-full e-flex e-con e-child\" data-id=\"5cc3931\" data-element_type=\"container\" data-e-type=\"container\">\n\t\t\t\t<div class=\"elementor-element elementor-element-9533357 elementor-view-default elementor-widget elementor-widget-icon\" data-id=\"9533357\" data-element_type=\"widget\" data-e-type=\"widget\" data-widget_type=\"icon.default\">\n\t\t\t\t<div class=\"elementor-widget-container\">\n\t\t\t\t\t\t\t<div class=\"elementor-icon-wrapper\">\n\t\t\t<div class=\"elementor-icon\">\n\t\t\t<svg aria-hidden=\"true\" class=\"e-font-icon-svg e-fas-star\" viewBox=\"0 0 576 512\" xmlns=\"http:\/\/www.w3.org\/2000\/svg\"><path d=\"M259.3 17.8L194 150.2 47.9 171.5c-26.2 3.8-36.7 36.1-17.7 54.6l105.7 103-25 145.5c-4.5 26.3 23.2 46 46.4 33.7L288 439.6l130.7 68.7c23.2 12.2 50.9-7.4 46.4-33.7l-25-145.5 105.7-103c19-18.5 8.5-50.8-17.7-54.6L382 150.2 316.7 17.8c-11.7-23.6-45.6-23.9-57.4 0z\"><\/path><\/svg>\t\t\t<\/div>\n\t\t<\/div>\n\t\t\t\t\t\t<\/div>\n\t\t\t\t<\/div>\n\t\t\t\t<div class=\"elementor-element elementor-element-ad7cb5a elementor-widget elementor-widget-heading\" data-id=\"ad7cb5a\" data-element_type=\"widget\" data-e-type=\"widget\" data-widget_type=\"heading.default\">\n\t\t\t\t<div class=\"elementor-widget-container\">\n\t\t\t\t\t<h2 class=\"elementor-heading-title elementor-size-default\">FOURNITURES<\/h2>\t\t\t\t<\/div>\n\t\t\t\t<\/div>\n\t\t\t\t<div class=\"elementor-element elementor-element-d1fcb77 elementor-widget elementor-widget-text-editor\" data-id=\"d1fcb77\" data-element_type=\"widget\" data-e-type=\"widget\" data-widget_type=\"text-editor.default\">\n\t\t\t\t<div class=\"elementor-widget-container\">\n\t\t\t\t\t\t\t\t\t<p>100 % de nos approvisionnements en mati\u00e8res premi\u00e8res et en fils proviennent de fili\u00e8res contr\u00f4l\u00e9es et certifi\u00e9es.<\/p>\t\t\t\t\t\t\t\t<\/div>\n\t\t\t\t<\/div>\n\t\t\t\t<\/div>\n\t\t<div class=\"elementor-element elementor-element-e29bc70 e-con-full e-flex e-con e-child\" data-id=\"e29bc70\" data-element_type=\"container\" data-e-type=\"container\">\n\t\t\t\t<div class=\"elementor-element elementor-element-eba5c9d elementor-view-default elementor-widget elementor-widget-icon\" data-id=\"eba5c9d\" data-element_type=\"widget\" data-e-type=\"widget\" data-widget_type=\"icon.default\">\n\t\t\t\t<div class=\"elementor-widget-container\">\n\t\t\t\t\t\t\t<div class=\"elementor-icon-wrapper\">\n\t\t\t<div class=\"elementor-icon\">\n\t\t\t<svg aria-hidden=\"true\" class=\"e-font-icon-svg e-fas-star\" viewBox=\"0 0 576 512\" xmlns=\"http:\/\/www.w3.org\/2000\/svg\"><path d=\"M259.3 17.8L194 150.2 47.9 171.5c-26.2 3.8-36.7 36.1-17.7 54.6l105.7 103-25 145.5c-4.5 26.3 23.2 46 46.4 33.7L288 439.6l130.7 68.7c23.2 12.2 50.9-7.4 46.4-33.7l-25-145.5 105.7-103c19-18.5 8.5-50.8-17.7-54.6L382 150.2 316.7 17.8c-11.7-23.6-45.6-23.9-57.4 0z\"><\/path><\/svg>\t\t\t<\/div>\n\t\t<\/div>\n\t\t\t\t\t\t<\/div>\n\t\t\t\t<\/div>\n\t\t\t\t<div class=\"elementor-element elementor-element-8fd543d elementor-widget elementor-widget-heading\" data-id=\"8fd543d\" data-element_type=\"widget\" data-e-type=\"widget\" data-widget_type=\"heading.default\">\n\t\t\t\t<div class=\"elementor-widget-container\">\n\t\t\t\t\t<h2 class=\"elementor-heading-title elementor-size-default\">MATI\u00c8RES PREMI\u00c8RES CERTIFI\u00c9ES<\/h2>\t\t\t\t<\/div>\n\t\t\t\t<\/div>\n\t\t\t\t<div class=\"elementor-element elementor-element-d3cdbd5 elementor-widget elementor-widget-text-editor\" data-id=\"d3cdbd5\" data-element_type=\"widget\" data-e-type=\"widget\" data-widget_type=\"text-editor.default\">\n\t\t\t\t<div class=\"elementor-widget-container\">\n\t\t\t\t\t\t\t\t\t<p>Nous utilisons des mati\u00e8res premi\u00e8res certifi\u00e9es telles que le polyamide recycl\u00e9 et le coton GOTS.<\/p>\t\t\t\t\t\t\t\t<\/div>\n\t\t\t\t<\/div>\n\t\t\t\t<\/div>\n\t\t<div class=\"elementor-element elementor-element-ea3c595 e-con-full e-flex e-con e-child\" data-id=\"ea3c595\" data-element_type=\"container\" data-e-type=\"container\">\n\t\t\t\t<div class=\"elementor-element elementor-element-bee3449 elementor-view-default elementor-widget elementor-widget-icon\" data-id=\"bee3449\" data-element_type=\"widget\" data-e-type=\"widget\" data-widget_type=\"icon.default\">\n\t\t\t\t<div class=\"elementor-widget-container\">\n\t\t\t\t\t\t\t<div class=\"elementor-icon-wrapper\">\n\t\t\t<div class=\"elementor-icon\">\n\t\t\t<svg aria-hidden=\"true\" class=\"e-font-icon-svg e-fas-star\" viewBox=\"0 0 576 512\" xmlns=\"http:\/\/www.w3.org\/2000\/svg\"><path d=\"M259.3 17.8L194 150.2 47.9 171.5c-26.2 3.8-36.7 36.1-17.7 54.6l105.7 103-25 145.5c-4.5 26.3 23.2 46 46.4 33.7L288 439.6l130.7 68.7c23.2 12.2 50.9-7.4 46.4-33.7l-25-145.5 105.7-103c19-18.5 8.5-50.8-17.7-54.6L382 150.2 316.7 17.8c-11.7-23.6-45.6-23.9-57.4 0z\"><\/path><\/svg>\t\t\t<\/div>\n\t\t<\/div>\n\t\t\t\t\t\t<\/div>\n\t\t\t\t<\/div>\n\t\t\t\t<div class=\"elementor-element elementor-element-a95e70e elementor-widget elementor-widget-heading\" data-id=\"a95e70e\" data-element_type=\"widget\" data-e-type=\"widget\" data-widget_type=\"heading.default\">\n\t\t\t\t<div class=\"elementor-widget-container\">\n\t\t\t\t\t<h2 class=\"elementor-heading-title elementor-size-default\">PRODUCTION MADE IN ITALY<\/h2>\t\t\t\t<\/div>\n\t\t\t\t<\/div>\n\t\t\t\t<div class=\"elementor-element elementor-element-4c3bb5b elementor-widget elementor-widget-text-editor\" data-id=\"4c3bb5b\" data-element_type=\"widget\" data-e-type=\"widget\" data-widget_type=\"text-editor.default\">\n\t\t\t\t<div class=\"elementor-widget-container\">\n\t\t\t\t\t\t\t\t\t<p>La production est enti\u00e8rement r\u00e9alis\u00e9e au sein de notre usine de Piove di Sacco, dans la r\u00e9gion de la V\u00e9n\u00e9tie.<\/p>\t\t\t\t\t\t\t\t<\/div>\n\t\t\t\t<\/div>\n\t\t\t\t<\/div>\n\t\t\t\t<\/div>\n\t\t\t\t<\/div>\n\t\t<div class=\"elementor-element elementor-element-37f8b1e e-con-full e-flex e-con e-parent\" data-id=\"37f8b1e\" data-element_type=\"container\" data-e-type=\"container\">\n\t\t<div class=\"elementor-element elementor-element-e2c784a e-con-full e-flex e-con e-child\" data-id=\"e2c784a\" data-element_type=\"container\" data-e-type=\"container\">\n\t\t<div class=\"elementor-element elementor-element-d426a82 e-con-full e-flex e-con e-child\" data-id=\"d426a82\" data-element_type=\"container\" data-e-type=\"container\">\n\t\t\t\t<div class=\"elementor-element elementor-element-bbcd033 elementor-widget elementor-widget-heading\" data-id=\"bbcd033\" data-element_type=\"widget\" data-e-type=\"widget\" data-widget_type=\"heading.default\">\n\t\t\t\t<div class=\"elementor-widget-container\">\n\t\t\t\t\t<h2 class=\"elementor-heading-title elementor-size-default\">Contr\u00f4le qualit\u00e9 interne<\/h2>\t\t\t\t<\/div>\n\t\t\t\t<\/div>\n\t\t\t\t<div class=\"elementor-element elementor-element-ca72244 elementor-widget elementor-widget-text-editor\" data-id=\"ca72244\" data-element_type=\"widget\" data-e-type=\"widget\" data-widget_type=\"text-editor.default\">\n\t\t\t\t<div class=\"elementor-widget-container\">\n\t\t\t\t\t\t\t\t\tAu c\u0153ur de notre processus de fabrication, nous int\u00e9grons plusieurs \u00e9tapes de contr\u00f4le qualit\u00e9. Nous v\u00e9rifions la tenue des couleurs des fils d\u00e8s leur r\u00e9ception et proc\u00e9dons \u00e0 de nombreux contr\u00f4les visuels ainsi qu\u2019\u00e0 des tests de stabilit\u00e9 dimensionnelle pour les articles produits. Ce processus s\u2019appuie sur notre engagement constant \u00e0 maintenir nos certifications textiles.  \n\t\t\t\t\t\t\t\t<\/div>\n\t\t\t\t<\/div>\n\t\t\t\t<\/div>\n\t\t<div class=\"elementor-element elementor-element-7c4fbe1 e-con-full e-flex e-con e-child\" data-id=\"7c4fbe1\" data-element_type=\"container\" data-e-type=\"container\">\n\t\t\t\t<div class=\"elementor-element elementor-element-40bc809 elementor-widget elementor-widget-image\" data-id=\"40bc809\" data-element_type=\"widget\" data-e-type=\"widget\" data-widget_type=\"image.default\">\n\t\t\t\t<div class=\"elementor-widget-container\">\n\t\t\t\t\t\t\t\t\t\t\t\t\t\t\t<img fetchpriority=\"high\" decoding=\"async\" width=\"800\" height=\"532\" src=\"https:\/\/www.victor.it\/wp-content\/uploads\/2024\/07\/controllo-qualita.jpg\" class=\"attachment-large size-large wp-image-1974\" alt=\"\" srcset=\"https:\/\/www.victor.it\/wp-content\/uploads\/2024\/07\/controllo-qualita.jpg 800w, https:\/\/www.victor.it\/wp-content\/uploads\/2024\/07\/controllo-qualita-300x200.jpg 300w, https:\/\/www.victor.it\/wp-content\/uploads\/2024\/07\/controllo-qualita-768x511.jpg 768w, https:\/\/www.victor.it\/wp-content\/uploads\/2024\/07\/controllo-qualita-600x399.jpg 600w\" sizes=\"(max-width: 800px) 100vw, 800px\" \/>\t\t\t\t\t\t\t\t\t\t\t\t\t\t\t<\/div>\n\t\t\t\t<\/div>\n\t\t\t\t<\/div>\n\t\t\t\t<\/div>\n\t\t<div class=\"elementor-element elementor-element-6cdfdb8 e-con-full e-flex e-con e-child\" data-id=\"6cdfdb8\" data-element_type=\"container\" data-e-type=\"container\">\n\t\t<div class=\"elementor-element elementor-element-a59ad47 e-con-full e-flex e-con e-child\" data-id=\"a59ad47\" data-element_type=\"container\" data-e-type=\"container\">\n\t\t\t\t<div class=\"elementor-element elementor-element-69d18e3 elementor-widget elementor-widget-image\" data-id=\"69d18e3\" data-element_type=\"widget\" data-e-type=\"widget\" data-widget_type=\"image.default\">\n\t\t\t\t<div class=\"elementor-widget-container\">\n\t\t\t\t\t\t\t\t\t\t\t\t\t\t\t<img decoding=\"async\" width=\"800\" height=\"534\" src=\"https:\/\/www.victor.it\/wp-content\/uploads\/2024\/10\/nastrificio-victor-sostenibilita-1024x683.jpg\" class=\"attachment-large size-large wp-image-97613\" alt=\"Sostenibilit\u00e0 pannelli solari Nastrificio Victor\" srcset=\"https:\/\/www.victor.it\/wp-content\/uploads\/2024\/10\/nastrificio-victor-sostenibilita-1024x683.jpg 1024w, https:\/\/www.victor.it\/wp-content\/uploads\/2024\/10\/nastrificio-victor-sostenibilita-300x200.jpg 300w, https:\/\/www.victor.it\/wp-content\/uploads\/2024\/10\/nastrificio-victor-sostenibilita-768x512.jpg 768w, https:\/\/www.victor.it\/wp-content\/uploads\/2024\/10\/nastrificio-victor-sostenibilita-600x400.jpg 600w, https:\/\/www.victor.it\/wp-content\/uploads\/2024\/10\/nastrificio-victor-sostenibilita.jpg 1200w\" sizes=\"(max-width: 800px) 100vw, 800px\" \/>\t\t\t\t\t\t\t\t\t\t\t\t\t\t\t<\/div>\n\t\t\t\t<\/div>\n\t\t\t\t<\/div>\n\t\t<div class=\"elementor-element elementor-element-8937be4 e-con-full e-flex e-con e-child\" data-id=\"8937be4\" data-element_type=\"container\" data-e-type=\"container\">\n\t\t\t\t<div class=\"elementor-element elementor-element-4825835 elementor-widget elementor-widget-heading\" data-id=\"4825835\" data-element_type=\"widget\" data-e-type=\"widget\" data-widget_type=\"heading.default\">\n\t\t\t\t<div class=\"elementor-widget-container\">\n\t\t\t\t\t<h2 class=\"elementor-heading-title elementor-size-default\">Notre qualit\u00e9 est durable !<\/h2>\t\t\t\t<\/div>\n\t\t\t\t<\/div>\n\t\t\t\t<div class=\"elementor-element elementor-element-d0ae862 elementor-widget elementor-widget-text-editor\" data-id=\"d0ae862\" data-element_type=\"widget\" data-e-type=\"widget\" data-widget_type=\"text-editor.default\">\n\t\t\t\t<div class=\"elementor-widget-container\">\n\t\t\t\t\t\t\t\t\tNous avons adopt\u00e9 des solutions \u00e9nerg\u00e9tiques durables pour nos activit\u00e9s de production. Gr\u00e2ce \u00e0 l\u2019installation de notre syst\u00e8me photovolta\u00efque d\u2019une puissance install\u00e9e de 225 kW, nous sommes en mesure de produire une part significative de l\u2019\u00e9nergie n\u00e9cessaire \u00e0 nos besoins internes, r\u00e9duisant ainsi notre d\u00e9pendance aux sources d\u2019\u00e9nergie non renouvelables. Ce syst\u00e8me nous permet de produire une \u00e9nergie propre, contribuant ainsi \u00e0 une production plus efficiente et responsable.  \t\t\t\t\t\t\t\t<\/div>\n\t\t\t\t<\/div>\n\t\t\t\t<\/div>\n\t\t\t\t<\/div>\n\t\t\t\t<\/div>\n\t\t\t\t<\/div>\n\t\t","protected":false},"excerpt":{"rendered":"<p>Qualit\u00e9 Production de rubans tiss\u00e9s de haute qualit\u00e9 La recherche de la qualit\u00e9 guide au quotidien l\u2019ensemble de nos processus, de l\u2019approvisionnement en mati\u00e8res premi\u00e8res jusqu\u2019au conditionnement de la commande finie. Cet engagement se traduit par des processus de production \u00e9troitement surveill\u00e9s et la s\u00e9lection de fournisseurs issus de fili\u00e8res certifi\u00e9es. Cette philosophie de production [&hellip;]<\/p>\n","protected":false},"author":1,"featured_media":0,"parent":0,"menu_order":30,"comment_status":"closed","ping_status":"closed","template":"","meta":{"_acf_changed":false,"footnotes":""},"class_list":["post-100729","page","type-page","status-publish","hentry"],"acf":[],"yoast_head":"<!-- This site is optimized with the Yoast SEO plugin v27.2 - https:\/\/yoast.com\/product\/yoast-seo-wordpress\/ -->\n<title>Qualit\u00e9 Made in Italy : rubans, bandes, cordons, \u00e9lastiques, lacets, passepoils<\/title>\n<meta name=\"description\" content=\"Nous travaillons en visant la qualit\u00e9 maximale avec une grande vari\u00e9t\u00e9 de fibres afin d&#039;obtenir des milliers de rubans, cordons et \u00e9lastiques diff\u00e9rents 100 % made in Italy.\" \/>\n<meta name=\"robots\" content=\"index, follow, max-snippet:-1, max-image-preview:large, max-video-preview:-1\" \/>\n<link rel=\"canonical\" href=\"https:\/\/www.victor.it\/fr\/qualite\/\" \/>\n<meta property=\"og:locale\" content=\"fr_FR\" \/>\n<meta property=\"og:type\" content=\"article\" \/>\n<meta property=\"og:title\" content=\"Qualit\u00e9 Made in Italy : rubans, bandes, cordons, \u00e9lastiques, lacets, passepoils\" \/>\n<meta property=\"og:description\" content=\"Nous travaillons en visant la qualit\u00e9 maximale avec une grande vari\u00e9t\u00e9 de fibres afin d&#039;obtenir des milliers de rubans, cordons et \u00e9lastiques diff\u00e9rents 100 % made in Italy.\" \/>\n<meta property=\"og:url\" content=\"https:\/\/www.victor.it\/fr\/qualite\/\" \/>\n<meta property=\"og:site_name\" content=\"Nastrificio Victor\" \/>\n<meta property=\"article:modified_time\" content=\"2026-03-13T09:10:59+00:00\" \/>\n<meta property=\"og:image\" content=\"https:\/\/www.victor.it\/wp-content\/uploads\/2024\/07\/controllo-qualita.jpg\" \/>\n\t<meta property=\"og:image:width\" content=\"800\" \/>\n\t<meta property=\"og:image:height\" content=\"532\" \/>\n\t<meta property=\"og:image:type\" content=\"image\/jpeg\" \/>\n<meta name=\"twitter:card\" content=\"summary_large_image\" \/>\n<meta name=\"twitter:label1\" content=\"Dur\u00e9e de lecture estim\u00e9e\" \/>\n\t<meta name=\"twitter:data1\" content=\"2 minutes\" \/>\n<script type=\"application\/ld+json\" class=\"yoast-schema-graph\">{\"@context\":\"https:\/\/schema.org\",\"@graph\":[{\"@type\":\"WebPage\",\"@id\":\"https:\/\/www.victor.it\/fr\/qualite\/\",\"url\":\"https:\/\/www.victor.it\/fr\/qualite\/\",\"name\":\"Qualit\u00e9 Made in Italy : rubans, bandes, cordons, \u00e9lastiques, lacets, passepoils\",\"isPartOf\":{\"@id\":\"https:\/\/www.victor.it\/fr\/#website\"},\"primaryImageOfPage\":{\"@id\":\"https:\/\/www.victor.it\/fr\/qualite\/#primaryimage\"},\"image\":{\"@id\":\"https:\/\/www.victor.it\/fr\/qualite\/#primaryimage\"},\"thumbnailUrl\":\"https:\/\/www.victor.it\/wp-content\/uploads\/2024\/07\/controllo-qualita.jpg\",\"datePublished\":\"2024-07-18T13:38:51+00:00\",\"dateModified\":\"2026-03-13T09:10:59+00:00\",\"description\":\"Nous travaillons en visant la qualit\u00e9 maximale avec une grande vari\u00e9t\u00e9 de fibres afin d'obtenir des milliers de rubans, cordons et \u00e9lastiques diff\u00e9rents 100 % made in Italy.\",\"breadcrumb\":{\"@id\":\"https:\/\/www.victor.it\/fr\/qualite\/#breadcrumb\"},\"inLanguage\":\"fr-FR\",\"potentialAction\":[{\"@type\":\"ReadAction\",\"target\":[\"https:\/\/www.victor.it\/fr\/qualite\/\"]}]},{\"@type\":\"ImageObject\",\"inLanguage\":\"fr-FR\",\"@id\":\"https:\/\/www.victor.it\/fr\/qualite\/#primaryimage\",\"url\":\"https:\/\/www.victor.it\/wp-content\/uploads\/2024\/07\/controllo-qualita.jpg\",\"contentUrl\":\"https:\/\/www.victor.it\/wp-content\/uploads\/2024\/07\/controllo-qualita.jpg\"},{\"@type\":\"BreadcrumbList\",\"@id\":\"https:\/\/www.victor.it\/fr\/qualite\/#breadcrumb\",\"itemListElement\":[{\"@type\":\"ListItem\",\"position\":1,\"name\":\"Home\",\"item\":\"https:\/\/www.victor.it\/fr\/home-2\/\"},{\"@type\":\"ListItem\",\"position\":2,\"name\":\"Qualit\u00e9\"}]},{\"@type\":\"WebSite\",\"@id\":\"https:\/\/www.victor.it\/fr\/#website\",\"url\":\"https:\/\/www.victor.it\/fr\/\",\"name\":\"Nastrificio Victor\",\"description\":\"Rubans, bandes, cordons, \u00e9lastiques, lacets pour la mode\",\"potentialAction\":[{\"@type\":\"SearchAction\",\"target\":{\"@type\":\"EntryPoint\",\"urlTemplate\":\"https:\/\/www.victor.it\/fr\/?s={search_term_string}\"},\"query-input\":{\"@type\":\"PropertyValueSpecification\",\"valueRequired\":true,\"valueName\":\"search_term_string\"}}],\"inLanguage\":\"fr-FR\"}]}<\/script>\n<!-- \/ Yoast SEO plugin. -->","yoast_head_json":{"title":"Qualit\u00e9 Made in Italy : rubans, bandes, cordons, \u00e9lastiques, lacets, passepoils","description":"Nous travaillons en visant la qualit\u00e9 maximale avec une grande vari\u00e9t\u00e9 de fibres afin d'obtenir des milliers de rubans, cordons et \u00e9lastiques diff\u00e9rents 100 % made in Italy.","robots":{"index":"index","follow":"follow","max-snippet":"max-snippet:-1","max-image-preview":"max-image-preview:large","max-video-preview":"max-video-preview:-1"},"canonical":"https:\/\/www.victor.it\/fr\/qualite\/","og_locale":"fr_FR","og_type":"article","og_title":"Qualit\u00e9 Made in Italy : rubans, bandes, cordons, \u00e9lastiques, lacets, passepoils","og_description":"Nous travaillons en visant la qualit\u00e9 maximale avec une grande vari\u00e9t\u00e9 de fibres afin d'obtenir des milliers de rubans, cordons et \u00e9lastiques diff\u00e9rents 100 % made in Italy.","og_url":"https:\/\/www.victor.it\/fr\/qualite\/","og_site_name":"Nastrificio Victor","article_modified_time":"2026-03-13T09:10:59+00:00","og_image":[{"width":800,"height":532,"url":"https:\/\/www.victor.it\/wp-content\/uploads\/2024\/07\/controllo-qualita.jpg","type":"image\/jpeg"}],"twitter_card":"summary_large_image","twitter_misc":{"Dur\u00e9e de lecture estim\u00e9e":"2 minutes"},"schema":{"@context":"https:\/\/schema.org","@graph":[{"@type":"WebPage","@id":"https:\/\/www.victor.it\/fr\/qualite\/","url":"https:\/\/www.victor.it\/fr\/qualite\/","name":"Qualit\u00e9 Made in Italy : rubans, bandes, cordons, \u00e9lastiques, lacets, passepoils","isPartOf":{"@id":"https:\/\/www.victor.it\/fr\/#website"},"primaryImageOfPage":{"@id":"https:\/\/www.victor.it\/fr\/qualite\/#primaryimage"},"image":{"@id":"https:\/\/www.victor.it\/fr\/qualite\/#primaryimage"},"thumbnailUrl":"https:\/\/www.victor.it\/wp-content\/uploads\/2024\/07\/controllo-qualita.jpg","datePublished":"2024-07-18T13:38:51+00:00","dateModified":"2026-03-13T09:10:59+00:00","description":"Nous travaillons en visant la qualit\u00e9 maximale avec une grande vari\u00e9t\u00e9 de fibres afin d'obtenir des milliers de rubans, cordons et \u00e9lastiques diff\u00e9rents 100 % made in Italy.","breadcrumb":{"@id":"https:\/\/www.victor.it\/fr\/qualite\/#breadcrumb"},"inLanguage":"fr-FR","potentialAction":[{"@type":"ReadAction","target":["https:\/\/www.victor.it\/fr\/qualite\/"]}]},{"@type":"ImageObject","inLanguage":"fr-FR","@id":"https:\/\/www.victor.it\/fr\/qualite\/#primaryimage","url":"https:\/\/www.victor.it\/wp-content\/uploads\/2024\/07\/controllo-qualita.jpg","contentUrl":"https:\/\/www.victor.it\/wp-content\/uploads\/2024\/07\/controllo-qualita.jpg"},{"@type":"BreadcrumbList","@id":"https:\/\/www.victor.it\/fr\/qualite\/#breadcrumb","itemListElement":[{"@type":"ListItem","position":1,"name":"Home","item":"https:\/\/www.victor.it\/fr\/home-2\/"},{"@type":"ListItem","position":2,"name":"Qualit\u00e9"}]},{"@type":"WebSite","@id":"https:\/\/www.victor.it\/fr\/#website","url":"https:\/\/www.victor.it\/fr\/","name":"Nastrificio Victor","description":"Rubans, bandes, cordons, \u00e9lastiques, lacets pour la mode","potentialAction":[{"@type":"SearchAction","target":{"@type":"EntryPoint","urlTemplate":"https:\/\/www.victor.it\/fr\/?s={search_term_string}"},"query-input":{"@type":"PropertyValueSpecification","valueRequired":true,"valueName":"search_term_string"}}],"inLanguage":"fr-FR"}]}},"_links":{"self":[{"href":"https:\/\/www.victor.it\/fr\/wp-json\/wp\/v2\/pages\/100729","targetHints":{"allow":["GET"]}}],"collection":[{"href":"https:\/\/www.victor.it\/fr\/wp-json\/wp\/v2\/pages"}],"about":[{"href":"https:\/\/www.victor.it\/fr\/wp-json\/wp\/v2\/types\/page"}],"author":[{"embeddable":true,"href":"https:\/\/www.victor.it\/fr\/wp-json\/wp\/v2\/users\/1"}],"replies":[{"embeddable":true,"href":"https:\/\/www.victor.it\/fr\/wp-json\/wp\/v2\/comments?post=100729"}],"version-history":[{"count":4,"href":"https:\/\/www.victor.it\/fr\/wp-json\/wp\/v2\/pages\/100729\/revisions"}],"predecessor-version":[{"id":101491,"href":"https:\/\/www.victor.it\/fr\/wp-json\/wp\/v2\/pages\/100729\/revisions\/101491"}],"wp:attachment":[{"href":"https:\/\/www.victor.it\/fr\/wp-json\/wp\/v2\/media?parent=100729"}],"curies":[{"name":"wp","href":"https:\/\/api.w.org\/{rel}","templated":true}]}}