{"id":100744,"date":"2024-03-21T15:37:37","date_gmt":"2024-03-21T15:37:37","guid":{"rendered":"https:\/\/www.victor.it\/collection\/"},"modified":"2026-03-10T14:59:30","modified_gmt":"2026-03-10T14:59:30","slug":"collection","status":"publish","type":"page","link":"https:\/\/www.victor.it\/fr\/collection\/","title":{"rendered":"Collection"},"content":{"rendered":"\t\t<div data-elementor-type=\"wp-page\" data-elementor-id=\"100744\" class=\"elementor elementor-100744 elementor-43\" data-elementor-post-type=\"page\">\n\t\t\t\t<div class=\"elementor-element elementor-element-0529355 e-con-full e-flex e-con e-parent\" data-id=\"0529355\" data-element_type=\"container\" data-e-type=\"container\">\n\t\t<div class=\"elementor-element elementor-element-df27c9c e-con-full e-flex e-con e-child\" data-id=\"df27c9c\" data-element_type=\"container\" data-e-type=\"container\">\n\t\t\t\t<div class=\"elementor-element elementor-element-eb0678e elementor-widget elementor-widget-heading\" data-id=\"eb0678e\" data-element_type=\"widget\" data-e-type=\"widget\" data-widget_type=\"heading.default\">\n\t\t\t\t<div class=\"elementor-widget-container\">\n\t\t\t\t\t<h2 class=\"elementor-heading-title elementor-size-default\">Nouvelle collection<\/h2>\t\t\t\t<\/div>\n\t\t\t\t<\/div>\n\t\t\t\t<div class=\"elementor-element elementor-element-f321de8 elementor-widget elementor-widget-heading\" data-id=\"f321de8\" data-element_type=\"widget\" data-e-type=\"widget\" data-widget_type=\"heading.default\">\n\t\t\t\t<div class=\"elementor-widget-container\">\n\t\t\t\t\t<h1 class=\"elementor-heading-title elementor-size-default\">Notre s\u00e9lection de rubans tiss\u00e9s<\/h1>\t\t\t\t<\/div>\n\t\t\t\t<\/div>\n\t\t\t\t<div class=\"elementor-element elementor-element-6ef638d elementor-widget elementor-widget-text-editor\" data-id=\"6ef638d\" data-element_type=\"widget\" data-e-type=\"widget\" data-widget_type=\"text-editor.default\">\n\t\t\t\t<div class=\"elementor-widget-container\">\n\t\t\t\t\t\t\t\t\t<p>Nastrificio Victor accompagne ses clients dans le choix des produits les plus adapt\u00e9s \u00e0 leurs cr\u00e9ations, en d\u00e9voilant de nouvelles collections deux fois par an. Les fibres, les couleurs et les tendances saisonni\u00e8res font l\u2019objet d\u2019une s\u00e9lection rigoureuse issue d\u2019une recherche approfondie dans l\u2019univers de la mode, garantissant des solutions parfaitement en phase avec les derni\u00e8res nouveaut\u00e9s du secteur. Nos collections sont pr\u00e9sent\u00e9es via des cahiers de tendances par nos agents \u00e0 travers le monde ou peuvent \u00eatre consult\u00e9es en format num\u00e9rique dans la section d\u00e9di\u00e9e de notre site web. <\/p><p>Nos collections sont pr\u00e9sent\u00e9es via des cahiers de tendances saisonniers, diffus\u00e9s par nos agents \u00e0 travers le monde ou peuvent \u00eatre consult\u00e9es en format num\u00e9rique dans la section d\u00e9di\u00e9e de notre site web.<\/p>\t\t\t\t\t\t\t\t<\/div>\n\t\t\t\t<\/div>\n\t\t\t\t<\/div>\n\t\t\t\t<\/div>\n\t\t<div class=\"elementor-element elementor-element-1c901b0 e-flex e-con-boxed e-con e-parent\" data-id=\"1c901b0\" data-element_type=\"container\" data-e-type=\"container\" data-settings=\"{&quot;background_background&quot;:&quot;classic&quot;}\">\n\t\t\t\t\t<div class=\"e-con-inner\">\n\t\t\t\t<div class=\"elementor-element elementor-element-14d7e9c elementor-widget elementor-widget-heading\" data-id=\"14d7e9c\" data-element_type=\"widget\" data-e-type=\"widget\" data-widget_type=\"heading.default\">\n\t\t\t\t<div class=\"elementor-widget-container\">\n\t\t\t\t\t<h2 class=\"elementor-heading-title elementor-size-default\"><strong>NOUVEAUT\u00c9S<\/strong> <br>La nouvelle collection SS 27 est disponible !<\/h2>\t\t\t\t<\/div>\n\t\t\t\t<\/div>\n\t\t<div class=\"elementor-element elementor-element-2886db9 e-con-full e-flex e-con e-child\" data-id=\"2886db9\" data-element_type=\"container\" data-e-type=\"container\">\n\t\t<div class=\"elementor-element elementor-element-8acf196 e-flex e-con-boxed e-con e-child\" data-id=\"8acf196\" data-element_type=\"container\" data-e-type=\"container\">\n\t\t\t\t\t<div class=\"e-con-inner\">\n\t\t\t\t<div class=\"elementor-element elementor-element-8e90645 elementor-widget elementor-widget-image\" data-id=\"8e90645\" data-element_type=\"widget\" data-e-type=\"widget\" data-widget_type=\"image.default\">\n\t\t\t\t<div class=\"elementor-widget-container\">\n\t\t\t\t\t\t\t\t\t\t\t\t\t\t\t\t<a href=\"https:\/\/www.victor.it\/collezioni\/collezione-sport\/\">\n\t\t\t\t\t\t\t<img fetchpriority=\"high\" decoding=\"async\" width=\"800\" height=\"924\" src=\"https:\/\/www.victor.it\/wp-content\/uploads\/2026\/01\/SPORT-copertina-ss27-887x1024.avif\" class=\"attachment-large size-large wp-image-99774 not-transparent\" alt=\"\" srcset=\"https:\/\/www.victor.it\/wp-content\/uploads\/2026\/01\/SPORT-copertina-ss27-887x1024.avif 887w, https:\/\/www.victor.it\/wp-content\/uploads\/2026\/01\/SPORT-copertina-ss27-260x300.avif 260w, https:\/\/www.victor.it\/wp-content\/uploads\/2026\/01\/SPORT-copertina-ss27-768x887.avif 768w, https:\/\/www.victor.it\/wp-content\/uploads\/2026\/01\/SPORT-copertina-ss27-1330x1536.avif 1330w, https:\/\/www.victor.it\/wp-content\/uploads\/2026\/01\/SPORT-copertina-ss27-1773x2048.avif 1773w, https:\/\/www.victor.it\/wp-content\/uploads\/2026\/01\/SPORT-copertina-ss27-600x693.avif 600w, https:\/\/www.victor.it\/wp-content\/uploads\/2026\/01\/SPORT-copertina-ss27.avif 2000w\" sizes=\"(max-width: 800px) 100vw, 800px\" data-has-transparency=\"false\" data-dominant-color=\"8f7a77\" style=\"--dominant-color: #8f7a77\" \/>\t\t\t\t\t\t\t\t<\/a>\n\t\t\t\t\t\t\t\t\t\t\t\t\t\t\t<\/div>\n\t\t\t\t<\/div>\n\t\t\t\t<div class=\"elementor-element elementor-element-eed815d elementor-widget elementor-widget-heading\" data-id=\"eed815d\" data-element_type=\"widget\" data-e-type=\"widget\" data-widget_type=\"heading.default\">\n\t\t\t\t<div class=\"elementor-widget-container\">\n\t\t\t\t\t<h2 class=\"elementor-heading-title elementor-size-default\">Spring Summer 27 \u2013 Sport<\/h2>\t\t\t\t<\/div>\n\t\t\t\t<\/div>\n\t\t\t\t<div class=\"elementor-element elementor-element-f3adf03 elementor-widget elementor-widget-button\" data-id=\"f3adf03\" data-element_type=\"widget\" data-e-type=\"widget\" data-widget_type=\"button.default\">\n\t\t\t\t<div class=\"elementor-widget-container\">\n\t\t\t\t\t\t\t\t\t<div class=\"elementor-button-wrapper\">\n\t\t\t\t\t<a class=\"elementor-button elementor-button-link elementor-size-sm elementor-animation-float\" href=\"https:\/\/www.victor.it\/fr\/collection\/collection-sport\/\">\n\t\t\t\t\t\t<span class=\"elementor-button-content-wrapper\">\n\t\t\t\t\t\t\t\t\t<span class=\"elementor-button-text\">d\u00e9couvrez-la en avant-premi\u00e8re en ligne<\/span>\n\t\t\t\t\t<\/span>\n\t\t\t\t\t<\/a>\n\t\t\t\t<\/div>\n\t\t\t\t\t\t\t\t<\/div>\n\t\t\t\t<\/div>\n\t\t\t\t\t<\/div>\n\t\t\t\t<\/div>\n\t\t<div class=\"elementor-element elementor-element-35a0baa e-flex e-con-boxed e-con e-child\" data-id=\"35a0baa\" data-element_type=\"container\" data-e-type=\"container\">\n\t\t\t\t\t<div class=\"e-con-inner\">\n\t\t\t\t<div class=\"elementor-element elementor-element-05d937b elementor-widget elementor-widget-image\" data-id=\"05d937b\" data-element_type=\"widget\" data-e-type=\"widget\" data-widget_type=\"image.default\">\n\t\t\t\t<div class=\"elementor-widget-container\">\n\t\t\t\t\t\t\t\t\t\t\t\t\t\t\t\t<a href=\"https:\/\/www.victor.it\/collezioni\/collezione-contemporary\/\">\n\t\t\t\t\t\t\t<img decoding=\"async\" width=\"800\" height=\"924\" src=\"https:\/\/www.victor.it\/wp-content\/uploads\/2026\/01\/CONTEMPORARY-copertina-ss27-887x1024.avif\" class=\"attachment-large size-large wp-image-99776 not-transparent\" alt=\"\" srcset=\"https:\/\/www.victor.it\/wp-content\/uploads\/2026\/01\/CONTEMPORARY-copertina-ss27-887x1024.avif 887w, https:\/\/www.victor.it\/wp-content\/uploads\/2026\/01\/CONTEMPORARY-copertina-ss27-260x300.avif 260w, https:\/\/www.victor.it\/wp-content\/uploads\/2026\/01\/CONTEMPORARY-copertina-ss27-768x887.avif 768w, https:\/\/www.victor.it\/wp-content\/uploads\/2026\/01\/CONTEMPORARY-copertina-ss27-1330x1536.avif 1330w, https:\/\/www.victor.it\/wp-content\/uploads\/2026\/01\/CONTEMPORARY-copertina-ss27-1773x2048.avif 1773w, https:\/\/www.victor.it\/wp-content\/uploads\/2026\/01\/CONTEMPORARY-copertina-ss27-600x693.avif 600w, https:\/\/www.victor.it\/wp-content\/uploads\/2026\/01\/CONTEMPORARY-copertina-ss27.avif 2000w\" sizes=\"(max-width: 800px) 100vw, 800px\" data-has-transparency=\"false\" data-dominant-color=\"71777f\" style=\"--dominant-color: #71777f\" \/>\t\t\t\t\t\t\t\t<\/a>\n\t\t\t\t\t\t\t\t\t\t\t\t\t\t\t<\/div>\n\t\t\t\t<\/div>\n\t\t\t\t<div class=\"elementor-element elementor-element-9ed5b75 elementor-widget elementor-widget-heading\" data-id=\"9ed5b75\" data-element_type=\"widget\" data-e-type=\"widget\" data-widget_type=\"heading.default\">\n\t\t\t\t<div class=\"elementor-widget-container\">\n\t\t\t\t\t<h2 class=\"elementor-heading-title elementor-size-default\">Spring Summer 27 \u2013 Contemporary<\/h2>\t\t\t\t<\/div>\n\t\t\t\t<\/div>\n\t\t\t\t<div class=\"elementor-element elementor-element-ba3f093 elementor-widget elementor-widget-button\" data-id=\"ba3f093\" data-element_type=\"widget\" data-e-type=\"widget\" data-widget_type=\"button.default\">\n\t\t\t\t<div class=\"elementor-widget-container\">\n\t\t\t\t\t\t\t\t\t<div class=\"elementor-button-wrapper\">\n\t\t\t\t\t<a class=\"elementor-button elementor-button-link elementor-size-sm elementor-animation-float\" href=\"https:\/\/www.victor.it\/fr\/collection\/collection-contemporary\/\">\n\t\t\t\t\t\t<span class=\"elementor-button-content-wrapper\">\n\t\t\t\t\t\t\t\t\t<span class=\"elementor-button-text\">d\u00e9couvrez-la en avant-premi\u00e8re en ligne<\/span>\n\t\t\t\t\t<\/span>\n\t\t\t\t\t<\/a>\n\t\t\t\t<\/div>\n\t\t\t\t\t\t\t\t<\/div>\n\t\t\t\t<\/div>\n\t\t\t\t\t<\/div>\n\t\t\t\t<\/div>\n\t\t\t\t<\/div>\n\t\t\t\t\t<\/div>\n\t\t\t\t<\/div>\n\t\t\t\t<\/div>\n\t\t","protected":false},"excerpt":{"rendered":"<p>Nouvelle collection Notre s\u00e9lection de rubans tiss\u00e9s Nastrificio Victor accompagne ses clients dans le choix des produits les plus adapt\u00e9s \u00e0 leurs cr\u00e9ations, en d\u00e9voilant de nouvelles collections deux fois par an. Les fibres, les couleurs et les tendances saisonni\u00e8res font l\u2019objet d\u2019une s\u00e9lection rigoureuse issue d\u2019une recherche approfondie dans l\u2019univers de la mode, garantissant [&hellip;]<\/p>\n","protected":false},"author":1,"featured_media":0,"parent":0,"menu_order":70,"comment_status":"closed","ping_status":"closed","template":"elementor_theme","meta":{"_acf_changed":false,"footnotes":""},"class_list":["post-100744","page","type-page","status-publish","hentry"],"acf":[],"yoast_head":"<!-- This site is optimized with the Yoast SEO plugin v27.2 - https:\/\/yoast.com\/product\/yoast-seo-wordpress\/ -->\n<title>Collections de rubans, cordons, \u00e9lastiques, lacets, passepoils<\/title>\n<meta name=\"description\" content=\"Nastrificio Victor propose tous les six mois de nouvelles collections pour vous inspirer dans le choix des rubans les mieux adapt\u00e9s \u00e0 vos cr\u00e9ations.\" \/>\n<meta name=\"robots\" content=\"index, follow, max-snippet:-1, max-image-preview:large, max-video-preview:-1\" \/>\n<link rel=\"canonical\" href=\"https:\/\/www.victor.it\/fr\/collection\/\" \/>\n<meta property=\"og:locale\" content=\"fr_FR\" \/>\n<meta property=\"og:type\" content=\"article\" \/>\n<meta property=\"og:title\" content=\"Collections de rubans, cordons, \u00e9lastiques, lacets, passepoils\" \/>\n<meta property=\"og:description\" content=\"Nastrificio Victor propose tous les six mois de nouvelles collections pour vous inspirer dans le choix des rubans les mieux adapt\u00e9s \u00e0 vos cr\u00e9ations.\" \/>\n<meta property=\"og:url\" content=\"https:\/\/www.victor.it\/fr\/collection\/\" \/>\n<meta property=\"og:site_name\" content=\"Nastrificio Victor\" \/>\n<meta property=\"article:modified_time\" content=\"2026-03-10T14:59:30+00:00\" \/>\n<meta property=\"og:image\" content=\"https:\/\/www.victor.it\/wp-content\/uploads\/2026\/01\/SPORT-copertina-ss27.avif\" \/>\n\t<meta property=\"og:image:width\" content=\"2000\" \/>\n\t<meta property=\"og:image:height\" content=\"2310\" \/>\n\t<meta property=\"og:image:type\" content=\"image\/jpeg\" \/>\n<meta name=\"twitter:card\" content=\"summary_large_image\" \/>\n<meta name=\"twitter:label1\" content=\"Dur\u00e9e de lecture estim\u00e9e\" \/>\n\t<meta name=\"twitter:data1\" content=\"1 minute\" \/>\n<script type=\"application\/ld+json\" class=\"yoast-schema-graph\">{\"@context\":\"https:\/\/schema.org\",\"@graph\":[{\"@type\":\"WebPage\",\"@id\":\"https:\/\/www.victor.it\/fr\/collection\/\",\"url\":\"https:\/\/www.victor.it\/fr\/collection\/\",\"name\":\"Collections de rubans, cordons, \u00e9lastiques, lacets, passepoils\",\"isPartOf\":{\"@id\":\"https:\/\/www.victor.it\/fr\/#website\"},\"primaryImageOfPage\":{\"@id\":\"https:\/\/www.victor.it\/fr\/collection\/#primaryimage\"},\"image\":{\"@id\":\"https:\/\/www.victor.it\/fr\/collection\/#primaryimage\"},\"thumbnailUrl\":\"https:\/\/www.victor.it\/wp-content\/uploads\/2026\/01\/SPORT-copertina-ss27-887x1024.avif\",\"datePublished\":\"2024-03-21T15:37:37+00:00\",\"dateModified\":\"2026-03-10T14:59:30+00:00\",\"description\":\"Nastrificio Victor propose tous les six mois de nouvelles collections pour vous inspirer dans le choix des rubans les mieux adapt\u00e9s \u00e0 vos cr\u00e9ations.\",\"breadcrumb\":{\"@id\":\"https:\/\/www.victor.it\/fr\/collection\/#breadcrumb\"},\"inLanguage\":\"fr-FR\",\"potentialAction\":[{\"@type\":\"ReadAction\",\"target\":[\"https:\/\/www.victor.it\/fr\/collection\/\"]}]},{\"@type\":\"ImageObject\",\"inLanguage\":\"fr-FR\",\"@id\":\"https:\/\/www.victor.it\/fr\/collection\/#primaryimage\",\"url\":\"https:\/\/www.victor.it\/wp-content\/uploads\/2026\/01\/SPORT-copertina-ss27-887x1024.avif\",\"contentUrl\":\"https:\/\/www.victor.it\/wp-content\/uploads\/2026\/01\/SPORT-copertina-ss27-887x1024.avif\"},{\"@type\":\"BreadcrumbList\",\"@id\":\"https:\/\/www.victor.it\/fr\/collection\/#breadcrumb\",\"itemListElement\":[{\"@type\":\"ListItem\",\"position\":1,\"name\":\"Home\",\"item\":\"https:\/\/www.victor.it\/fr\/home-2\/\"},{\"@type\":\"ListItem\",\"position\":2,\"name\":\"Collection\"}]},{\"@type\":\"WebSite\",\"@id\":\"https:\/\/www.victor.it\/fr\/#website\",\"url\":\"https:\/\/www.victor.it\/fr\/\",\"name\":\"Nastrificio Victor\",\"description\":\"Rubans, bandes, cordons, \u00e9lastiques, lacets pour la mode\",\"potentialAction\":[{\"@type\":\"SearchAction\",\"target\":{\"@type\":\"EntryPoint\",\"urlTemplate\":\"https:\/\/www.victor.it\/fr\/?s={search_term_string}\"},\"query-input\":{\"@type\":\"PropertyValueSpecification\",\"valueRequired\":true,\"valueName\":\"search_term_string\"}}],\"inLanguage\":\"fr-FR\"}]}<\/script>\n<!-- \/ Yoast SEO plugin. -->","yoast_head_json":{"title":"Collections de rubans, cordons, \u00e9lastiques, lacets, passepoils","description":"Nastrificio Victor propose tous les six mois de nouvelles collections pour vous inspirer dans le choix des rubans les mieux adapt\u00e9s \u00e0 vos cr\u00e9ations.","robots":{"index":"index","follow":"follow","max-snippet":"max-snippet:-1","max-image-preview":"max-image-preview:large","max-video-preview":"max-video-preview:-1"},"canonical":"https:\/\/www.victor.it\/fr\/collection\/","og_locale":"fr_FR","og_type":"article","og_title":"Collections de rubans, cordons, \u00e9lastiques, lacets, passepoils","og_description":"Nastrificio Victor propose tous les six mois de nouvelles collections pour vous inspirer dans le choix des rubans les mieux adapt\u00e9s \u00e0 vos cr\u00e9ations.","og_url":"https:\/\/www.victor.it\/fr\/collection\/","og_site_name":"Nastrificio Victor","article_modified_time":"2026-03-10T14:59:30+00:00","og_image":[{"width":2000,"height":2310,"url":"https:\/\/www.victor.it\/wp-content\/uploads\/2026\/01\/SPORT-copertina-ss27.avif","type":"image\/jpeg"}],"twitter_card":"summary_large_image","twitter_misc":{"Dur\u00e9e de lecture estim\u00e9e":"1 minute"},"schema":{"@context":"https:\/\/schema.org","@graph":[{"@type":"WebPage","@id":"https:\/\/www.victor.it\/fr\/collection\/","url":"https:\/\/www.victor.it\/fr\/collection\/","name":"Collections de rubans, cordons, \u00e9lastiques, lacets, passepoils","isPartOf":{"@id":"https:\/\/www.victor.it\/fr\/#website"},"primaryImageOfPage":{"@id":"https:\/\/www.victor.it\/fr\/collection\/#primaryimage"},"image":{"@id":"https:\/\/www.victor.it\/fr\/collection\/#primaryimage"},"thumbnailUrl":"https:\/\/www.victor.it\/wp-content\/uploads\/2026\/01\/SPORT-copertina-ss27-887x1024.avif","datePublished":"2024-03-21T15:37:37+00:00","dateModified":"2026-03-10T14:59:30+00:00","description":"Nastrificio Victor propose tous les six mois de nouvelles collections pour vous inspirer dans le choix des rubans les mieux adapt\u00e9s \u00e0 vos cr\u00e9ations.","breadcrumb":{"@id":"https:\/\/www.victor.it\/fr\/collection\/#breadcrumb"},"inLanguage":"fr-FR","potentialAction":[{"@type":"ReadAction","target":["https:\/\/www.victor.it\/fr\/collection\/"]}]},{"@type":"ImageObject","inLanguage":"fr-FR","@id":"https:\/\/www.victor.it\/fr\/collection\/#primaryimage","url":"https:\/\/www.victor.it\/wp-content\/uploads\/2026\/01\/SPORT-copertina-ss27-887x1024.avif","contentUrl":"https:\/\/www.victor.it\/wp-content\/uploads\/2026\/01\/SPORT-copertina-ss27-887x1024.avif"},{"@type":"BreadcrumbList","@id":"https:\/\/www.victor.it\/fr\/collection\/#breadcrumb","itemListElement":[{"@type":"ListItem","position":1,"name":"Home","item":"https:\/\/www.victor.it\/fr\/home-2\/"},{"@type":"ListItem","position":2,"name":"Collection"}]},{"@type":"WebSite","@id":"https:\/\/www.victor.it\/fr\/#website","url":"https:\/\/www.victor.it\/fr\/","name":"Nastrificio Victor","description":"Rubans, bandes, cordons, \u00e9lastiques, lacets pour la mode","potentialAction":[{"@type":"SearchAction","target":{"@type":"EntryPoint","urlTemplate":"https:\/\/www.victor.it\/fr\/?s={search_term_string}"},"query-input":{"@type":"PropertyValueSpecification","valueRequired":true,"valueName":"search_term_string"}}],"inLanguage":"fr-FR"}]}},"_links":{"self":[{"href":"https:\/\/www.victor.it\/fr\/wp-json\/wp\/v2\/pages\/100744","targetHints":{"allow":["GET"]}}],"collection":[{"href":"https:\/\/www.victor.it\/fr\/wp-json\/wp\/v2\/pages"}],"about":[{"href":"https:\/\/www.victor.it\/fr\/wp-json\/wp\/v2\/types\/page"}],"author":[{"embeddable":true,"href":"https:\/\/www.victor.it\/fr\/wp-json\/wp\/v2\/users\/1"}],"replies":[{"embeddable":true,"href":"https:\/\/www.victor.it\/fr\/wp-json\/wp\/v2\/comments?post=100744"}],"version-history":[{"count":2,"href":"https:\/\/www.victor.it\/fr\/wp-json\/wp\/v2\/pages\/100744\/revisions"}],"predecessor-version":[{"id":100746,"href":"https:\/\/www.victor.it\/fr\/wp-json\/wp\/v2\/pages\/100744\/revisions\/100746"}],"wp:attachment":[{"href":"https:\/\/www.victor.it\/fr\/wp-json\/wp\/v2\/media?parent=100744"}],"curies":[{"name":"wp","href":"https:\/\/api.w.org\/{rel}","templated":true}]}}