{"id":100754,"date":"2024-07-04T11:07:14","date_gmt":"2024-07-04T11:07:14","guid":{"rendered":"https:\/\/www.victor.it\/collection\/collection-sport\/"},"modified":"2026-03-10T15:02:11","modified_gmt":"2026-03-10T15:02:11","slug":"collection-sport","status":"publish","type":"page","link":"https:\/\/www.victor.it\/fr\/collection\/collection-sport\/","title":{"rendered":"Collection Sport\u200b"},"content":{"rendered":"\t\t<div data-elementor-type=\"wp-page\" data-elementor-id=\"100754\" class=\"elementor elementor-100754 elementor-1537\" data-elementor-post-type=\"page\">\n\t\t\t\t<div class=\"elementor-element elementor-element-01cf35f e-con-full e-flex e-con e-parent\" data-id=\"01cf35f\" data-element_type=\"container\" data-e-type=\"container\">\n\t\t<div class=\"elementor-element elementor-element-109944e e-con-full e-flex e-con e-child\" data-id=\"109944e\" data-element_type=\"container\" data-e-type=\"container\">\n\t\t\t\t<div class=\"elementor-element elementor-element-d001178 elementor-widget elementor-widget-heading\" data-id=\"d001178\" data-element_type=\"widget\" data-e-type=\"widget\" data-widget_type=\"heading.default\">\n\t\t\t\t<div class=\"elementor-widget-container\">\n\t\t\t\t\t<h2 class=\"elementor-heading-title elementor-size-default\">Nouvelle collection<\/h2>\t\t\t\t<\/div>\n\t\t\t\t<\/div>\n\t\t\t\t<div class=\"elementor-element elementor-element-aa2f52d elementor-widget elementor-widget-heading\" data-id=\"aa2f52d\" data-element_type=\"widget\" data-e-type=\"widget\" data-widget_type=\"heading.default\">\n\t\t\t\t<div class=\"elementor-widget-container\">\n\t\t\t\t\t<h1 class=\"elementor-heading-title elementor-size-default\">Spring Summer 27 \u2013 Sport<\/h1>\t\t\t\t<\/div>\n\t\t\t\t<\/div>\n\t\t\t\t<\/div>\n\t\t\t\t<\/div>\n\t\t<div class=\"elementor-element elementor-element-dc6baca e-flex e-con-boxed e-con e-parent\" data-id=\"dc6baca\" data-element_type=\"container\" data-e-type=\"container\" data-settings=\"{&quot;background_background&quot;:&quot;classic&quot;}\">\n\t\t\t\t\t<div class=\"e-con-inner\">\n\t\t<div class=\"elementor-element elementor-element-508e3db e-con-full e-flex e-con e-child\" data-id=\"508e3db\" data-element_type=\"container\" data-e-type=\"container\">\n\t\t\t\t<div class=\"elementor-element elementor-element-468b253 elementor-widget elementor-widget-heading\" data-id=\"468b253\" data-element_type=\"widget\" data-e-type=\"widget\" data-widget_type=\"heading.default\">\n\t\t\t\t<div class=\"elementor-widget-container\">\n\t\t\t\t\t<h2 class=\"elementor-heading-title elementor-size-default\">Vous souhaitez d\u00e9couvrir l\u2019avant-premi\u00e8re de notre derni\u00e8re collection en ligne ?<\/h2>\t\t\t\t<\/div>\n\t\t\t\t<\/div>\n\t\t<div class=\"elementor-element elementor-element-b1a1525 e-con-full e-flex e-con e-child\" data-id=\"b1a1525\" data-element_type=\"container\" data-e-type=\"container\">\n\t\t\t\t<div class=\"elementor-element elementor-element-2e9697d elementor-widget elementor-widget-button\" data-id=\"2e9697d\" data-element_type=\"widget\" data-e-type=\"widget\" data-widget_type=\"button.default\">\n\t\t\t\t<div class=\"elementor-widget-container\">\n\t\t\t\t\t\t\t\t\t<div class=\"elementor-button-wrapper\">\n\t\t\t\t\t<a class=\"elementor-button elementor-button-link elementor-size-sm elementor-animation-float\" href=\"https:\/\/www.victor.it\/fr\/login\/\">\n\t\t\t\t\t\t<span class=\"elementor-button-content-wrapper\">\n\t\t\t\t\t\t\t\t\t<span class=\"elementor-button-text\">login<\/span>\n\t\t\t\t\t<\/span>\n\t\t\t\t\t<\/a>\n\t\t\t\t<\/div>\n\t\t\t\t\t\t\t\t<\/div>\n\t\t\t\t<\/div>\n\t\t\t\t<div class=\"elementor-element elementor-element-b2a827a elementor-widget elementor-widget-button\" data-id=\"b2a827a\" data-element_type=\"widget\" data-e-type=\"widget\" data-widget_type=\"button.default\">\n\t\t\t\t<div class=\"elementor-widget-container\">\n\t\t\t\t\t\t\t\t\t<div class=\"elementor-button-wrapper\">\n\t\t\t\t\t<a class=\"elementor-button elementor-button-link elementor-size-sm elementor-animation-float\" href=\"https:\/\/www.victor.it\/fr\/registrieren\/\">\n\t\t\t\t\t\t<span class=\"elementor-button-content-wrapper\">\n\t\t\t\t\t\t\t\t\t<span class=\"elementor-button-text\">S\u2019inscrire<\/span>\n\t\t\t\t\t<\/span>\n\t\t\t\t\t<\/a>\n\t\t\t\t<\/div>\n\t\t\t\t\t\t\t\t<\/div>\n\t\t\t\t<\/div>\n\t\t\t\t<\/div>\n\t\t\t\t<\/div>\n\t\t\t\t\t<\/div>\n\t\t\t\t<\/div>\n\t\t\t\t<\/div>\n\t\t","protected":false},"excerpt":{"rendered":"<p>Nouvelle collection Spring Summer 27 \u2013 Sport Vous souhaitez d\u00e9couvrir l\u2019avant-premi\u00e8re de notre derni\u00e8re collection en ligne ? login S\u2019inscrire La pr\u00e9visualisation a expir\u00e9 ! Contactez l&rsquo;agent local pour plus d&rsquo;informations. Vous serez averti d\u00e8s la sortie de la nouvelle collection. contacter<\/p>\n","protected":false},"author":1,"featured_media":0,"parent":100744,"menu_order":0,"comment_status":"closed","ping_status":"closed","template":"","meta":{"_acf_changed":false,"footnotes":""},"class_list":["post-100754","page","type-page","status-publish","hentry"],"acf":[],"yoast_head":"<!-- This site is optimized with the Yoast SEO plugin v27.2 - https:\/\/yoast.com\/product\/yoast-seo-wordpress\/ -->\n<title>Avant-premi\u00e8re de la collection Automne-Hiver Sport | Contacter un agent<\/title>\n<meta name=\"description\" content=\"Demandez et visualisez l&#039;aper\u00e7u de notre nouvelle collection Automne-Hiver Sport. Contactez un agent pour d\u00e9couvrir la collection compl\u00e8te !\" \/>\n<meta name=\"robots\" content=\"index, follow, max-snippet:-1, max-image-preview:large, max-video-preview:-1\" \/>\n<link rel=\"canonical\" href=\"https:\/\/www.victor.it\/fr\/collection\/collection-sport\/\" \/>\n<meta property=\"og:locale\" content=\"fr_FR\" \/>\n<meta property=\"og:type\" content=\"article\" \/>\n<meta property=\"og:title\" content=\"Avant-premi\u00e8re de la collection Automne-Hiver Sport | Contacter un agent\" \/>\n<meta property=\"og:description\" content=\"Demandez et visualisez l&#039;aper\u00e7u de notre nouvelle collection Automne-Hiver Sport. Contactez un agent pour d\u00e9couvrir la collection compl\u00e8te !\" \/>\n<meta property=\"og:url\" content=\"https:\/\/www.victor.it\/fr\/collection\/collection-sport\/\" \/>\n<meta property=\"og:site_name\" content=\"Nastrificio Victor\" \/>\n<meta property=\"article:modified_time\" content=\"2026-03-10T15:02:11+00:00\" \/>\n<meta name=\"twitter:card\" content=\"summary_large_image\" \/>\n<meta name=\"twitter:label1\" content=\"Dur\u00e9e de lecture estim\u00e9e\" \/>\n\t<meta name=\"twitter:data1\" content=\"1 minute\" \/>\n<script type=\"application\/ld+json\" class=\"yoast-schema-graph\">{\"@context\":\"https:\/\/schema.org\",\"@graph\":[{\"@type\":\"WebPage\",\"@id\":\"https:\/\/www.victor.it\/fr\/collection\/collection-sport\/\",\"url\":\"https:\/\/www.victor.it\/fr\/collection\/collection-sport\/\",\"name\":\"Avant-premi\u00e8re de la collection Automne-Hiver Sport | Contacter un agent\",\"isPartOf\":{\"@id\":\"https:\/\/www.victor.it\/fr\/#website\"},\"datePublished\":\"2024-07-04T11:07:14+00:00\",\"dateModified\":\"2026-03-10T15:02:11+00:00\",\"description\":\"Demandez et visualisez l'aper\u00e7u de notre nouvelle collection Automne-Hiver Sport. Contactez un agent pour d\u00e9couvrir la collection compl\u00e8te !\",\"breadcrumb\":{\"@id\":\"https:\/\/www.victor.it\/fr\/collection\/collection-sport\/#breadcrumb\"},\"inLanguage\":\"fr-FR\",\"potentialAction\":[{\"@type\":\"ReadAction\",\"target\":[\"https:\/\/www.victor.it\/fr\/collection\/collection-sport\/\"]}]},{\"@type\":\"BreadcrumbList\",\"@id\":\"https:\/\/www.victor.it\/fr\/collection\/collection-sport\/#breadcrumb\",\"itemListElement\":[{\"@type\":\"ListItem\",\"position\":1,\"name\":\"Home\",\"item\":\"https:\/\/www.victor.it\/fr\/home-2\/\"},{\"@type\":\"ListItem\",\"position\":2,\"name\":\"Collection\",\"item\":\"https:\/\/www.victor.it\/fr\/collection\/\"},{\"@type\":\"ListItem\",\"position\":3,\"name\":\"Collection Sport\u200b\"}]},{\"@type\":\"WebSite\",\"@id\":\"https:\/\/www.victor.it\/fr\/#website\",\"url\":\"https:\/\/www.victor.it\/fr\/\",\"name\":\"Nastrificio Victor\",\"description\":\"Rubans, bandes, cordons, \u00e9lastiques, lacets pour la mode\",\"potentialAction\":[{\"@type\":\"SearchAction\",\"target\":{\"@type\":\"EntryPoint\",\"urlTemplate\":\"https:\/\/www.victor.it\/fr\/?s={search_term_string}\"},\"query-input\":{\"@type\":\"PropertyValueSpecification\",\"valueRequired\":true,\"valueName\":\"search_term_string\"}}],\"inLanguage\":\"fr-FR\"}]}<\/script>\n<!-- \/ Yoast SEO plugin. -->","yoast_head_json":{"title":"Avant-premi\u00e8re de la collection Automne-Hiver Sport | Contacter un agent","description":"Demandez et visualisez l'aper\u00e7u de notre nouvelle collection Automne-Hiver Sport. Contactez un agent pour d\u00e9couvrir la collection compl\u00e8te !","robots":{"index":"index","follow":"follow","max-snippet":"max-snippet:-1","max-image-preview":"max-image-preview:large","max-video-preview":"max-video-preview:-1"},"canonical":"https:\/\/www.victor.it\/fr\/collection\/collection-sport\/","og_locale":"fr_FR","og_type":"article","og_title":"Avant-premi\u00e8re de la collection Automne-Hiver Sport | Contacter un agent","og_description":"Demandez et visualisez l'aper\u00e7u de notre nouvelle collection Automne-Hiver Sport. Contactez un agent pour d\u00e9couvrir la collection compl\u00e8te !","og_url":"https:\/\/www.victor.it\/fr\/collection\/collection-sport\/","og_site_name":"Nastrificio Victor","article_modified_time":"2026-03-10T15:02:11+00:00","twitter_card":"summary_large_image","twitter_misc":{"Dur\u00e9e de lecture estim\u00e9e":"1 minute"},"schema":{"@context":"https:\/\/schema.org","@graph":[{"@type":"WebPage","@id":"https:\/\/www.victor.it\/fr\/collection\/collection-sport\/","url":"https:\/\/www.victor.it\/fr\/collection\/collection-sport\/","name":"Avant-premi\u00e8re de la collection Automne-Hiver Sport | Contacter un agent","isPartOf":{"@id":"https:\/\/www.victor.it\/fr\/#website"},"datePublished":"2024-07-04T11:07:14+00:00","dateModified":"2026-03-10T15:02:11+00:00","description":"Demandez et visualisez l'aper\u00e7u de notre nouvelle collection Automne-Hiver Sport. Contactez un agent pour d\u00e9couvrir la collection compl\u00e8te !","breadcrumb":{"@id":"https:\/\/www.victor.it\/fr\/collection\/collection-sport\/#breadcrumb"},"inLanguage":"fr-FR","potentialAction":[{"@type":"ReadAction","target":["https:\/\/www.victor.it\/fr\/collection\/collection-sport\/"]}]},{"@type":"BreadcrumbList","@id":"https:\/\/www.victor.it\/fr\/collection\/collection-sport\/#breadcrumb","itemListElement":[{"@type":"ListItem","position":1,"name":"Home","item":"https:\/\/www.victor.it\/fr\/home-2\/"},{"@type":"ListItem","position":2,"name":"Collection","item":"https:\/\/www.victor.it\/fr\/collection\/"},{"@type":"ListItem","position":3,"name":"Collection Sport\u200b"}]},{"@type":"WebSite","@id":"https:\/\/www.victor.it\/fr\/#website","url":"https:\/\/www.victor.it\/fr\/","name":"Nastrificio Victor","description":"Rubans, bandes, cordons, \u00e9lastiques, lacets pour la mode","potentialAction":[{"@type":"SearchAction","target":{"@type":"EntryPoint","urlTemplate":"https:\/\/www.victor.it\/fr\/?s={search_term_string}"},"query-input":{"@type":"PropertyValueSpecification","valueRequired":true,"valueName":"search_term_string"}}],"inLanguage":"fr-FR"}]}},"_links":{"self":[{"href":"https:\/\/www.victor.it\/fr\/wp-json\/wp\/v2\/pages\/100754","targetHints":{"allow":["GET"]}}],"collection":[{"href":"https:\/\/www.victor.it\/fr\/wp-json\/wp\/v2\/pages"}],"about":[{"href":"https:\/\/www.victor.it\/fr\/wp-json\/wp\/v2\/types\/page"}],"author":[{"embeddable":true,"href":"https:\/\/www.victor.it\/fr\/wp-json\/wp\/v2\/users\/1"}],"replies":[{"embeddable":true,"href":"https:\/\/www.victor.it\/fr\/wp-json\/wp\/v2\/comments?post=100754"}],"version-history":[{"count":1,"href":"https:\/\/www.victor.it\/fr\/wp-json\/wp\/v2\/pages\/100754\/revisions"}],"predecessor-version":[{"id":100755,"href":"https:\/\/www.victor.it\/fr\/wp-json\/wp\/v2\/pages\/100754\/revisions\/100755"}],"up":[{"embeddable":true,"href":"https:\/\/www.victor.it\/fr\/wp-json\/wp\/v2\/pages\/100744"}],"wp:attachment":[{"href":"https:\/\/www.victor.it\/fr\/wp-json\/wp\/v2\/media?parent=100754"}],"curies":[{"name":"wp","href":"https:\/\/api.w.org\/{rel}","templated":true}]}}