{"id":100756,"date":"2024-03-21T15:37:32","date_gmt":"2024-03-21T15:37:32","guid":{"rendered":"https:\/\/www.victor.it\/inspirations\/"},"modified":"2026-03-13T12:26:00","modified_gmt":"2026-03-13T12:26:00","slug":"inspirations","status":"publish","type":"page","link":"https:\/\/www.victor.it\/fr\/inspirations\/","title":{"rendered":"Inspirations"},"content":{"rendered":"\t\t<div data-elementor-type=\"wp-page\" data-elementor-id=\"100756\" class=\"elementor elementor-100756 elementor-44\" data-elementor-post-type=\"page\">\n\t\t\t\t<div class=\"elementor-element elementor-element-e38a642 e-con-full e-flex e-con e-parent\" data-id=\"e38a642\" data-element_type=\"container\" data-e-type=\"container\">\n\t\t<div class=\"elementor-element elementor-element-2f22262 e-con-full e-flex e-con e-child\" data-id=\"2f22262\" data-element_type=\"container\" data-e-type=\"container\">\n\t\t\t\t<div class=\"elementor-element elementor-element-1c575ea elementor-widget elementor-widget-heading\" data-id=\"1c575ea\" data-element_type=\"widget\" data-e-type=\"widget\" data-widget_type=\"heading.default\">\n\t\t\t\t<div class=\"elementor-widget-container\">\n\t\t\t\t\t<h2 class=\"elementor-heading-title elementor-size-default\">Inspirations et tendances<\/h2>\t\t\t\t<\/div>\n\t\t\t\t<\/div>\n\t\t\t\t<div class=\"elementor-element elementor-element-0319860 elementor-widget elementor-widget-heading\" data-id=\"0319860\" data-element_type=\"widget\" data-e-type=\"widget\" data-widget_type=\"heading.default\">\n\t\t\t\t<div class=\"elementor-widget-container\">\n\t\t\t\t\t<h1 class=\"elementor-heading-title elementor-size-default\">Comment utiliser un ruban Victor ?<\/h1>\t\t\t\t<\/div>\n\t\t\t\t<\/div>\n\t\t\t\t<div class=\"elementor-element elementor-element-8f0ae5d elementor-widget elementor-widget-text-editor\" data-id=\"8f0ae5d\" data-element_type=\"widget\" data-e-type=\"widget\" data-widget_type=\"text-editor.default\">\n\t\t\t\t<div class=\"elementor-widget-container\">\n\t\t\t\t\t\t\t\t\t<p><span style=\"font-weight: 400;\">D\u00e9couvrez toute notre gamme de rubans et galons pour l\u2019habillement, la chaussure, l\u2019ameublement et les accessoires textiles, le conditionnement et le packaging.<\/span><\/p>\t\t\t\t\t\t\t\t<\/div>\n\t\t\t\t<\/div>\n\t\t\t\t<\/div>\n\t\t\t\t<\/div>\n\t\t<div class=\"elementor-element elementor-element-31f7da6 e-con-full e-flex e-con e-child\" data-id=\"31f7da6\" data-element_type=\"container\" data-e-type=\"container\">\n\t\t<div class=\"elementor-element elementor-element-7089d4b e-con-full e-flex e-con e-child\" data-id=\"7089d4b\" data-element_type=\"container\" data-e-type=\"container\">\n\t\t<div class=\"elementor-element elementor-element-ed38e63 e-con-full e-flex e-con e-child\" data-id=\"ed38e63\" data-element_type=\"container\" data-e-type=\"container\">\n\t\t\t\t<div class=\"elementor-element elementor-element-32e1b01 elementor-widget elementor-widget-heading\" data-id=\"32e1b01\" data-element_type=\"widget\" data-e-type=\"widget\" data-widget_type=\"heading.default\">\n\t\t\t\t<div class=\"elementor-widget-container\">\n\t\t\t\t\t<h2 class=\"elementor-heading-title elementor-size-default\">\u2026Laissez-vous inspirer !<\/h2>\t\t\t\t<\/div>\n\t\t\t\t<\/div>\n\t\t\t\t<div class=\"elementor-element elementor-element-19f85b4 elementor-widget elementor-widget-image\" data-id=\"19f85b4\" data-element_type=\"widget\" data-e-type=\"widget\" data-widget_type=\"image.default\">\n\t\t\t\t<div class=\"elementor-widget-container\">\n\t\t\t\t\t\t\t\t\t\t\t\t\t\t\t\t<a href=\"https:\/\/www.rubanpourcouture.fr\/\">\n\t\t\t\t\t\t\t<img fetchpriority=\"high\" decoding=\"async\" width=\"1500\" height=\"1000\" src=\"https:\/\/www.victor.it\/wp-content\/uploads\/2024\/10\/lacci-coulisse-felpa-nastrificio-victor.jpg\" class=\"attachment-full size-full wp-image-97379\" alt=\"Lacci per coulisse felpe\" srcset=\"https:\/\/www.victor.it\/wp-content\/uploads\/2024\/10\/lacci-coulisse-felpa-nastrificio-victor.jpg 1500w, https:\/\/www.victor.it\/wp-content\/uploads\/2024\/10\/lacci-coulisse-felpa-nastrificio-victor-300x200.jpg 300w, https:\/\/www.victor.it\/wp-content\/uploads\/2024\/10\/lacci-coulisse-felpa-nastrificio-victor-1024x683.jpg 1024w, https:\/\/www.victor.it\/wp-content\/uploads\/2024\/10\/lacci-coulisse-felpa-nastrificio-victor-768x512.jpg 768w, https:\/\/www.victor.it\/wp-content\/uploads\/2024\/10\/lacci-coulisse-felpa-nastrificio-victor-600x400.jpg 600w\" sizes=\"(max-width: 1500px) 100vw, 1500px\" \/>\t\t\t\t\t\t\t\t<\/a>\n\t\t\t\t\t\t\t\t\t\t\t\t\t\t\t<\/div>\n\t\t\t\t<\/div>\n\t\t<div class=\"elementor-element elementor-element-2866406 e-con-full e-flex e-con e-child\" data-id=\"2866406\" data-element_type=\"container\" data-e-type=\"container\">\n\t\t\t\t<div class=\"elementor-element elementor-element-c452756 elementor-widget__width-initial elementor-widget elementor-widget-heading\" data-id=\"c452756\" data-element_type=\"widget\" data-e-type=\"widget\" data-widget_type=\"heading.default\">\n\t\t\t\t<div class=\"elementor-widget-container\">\n\t\t\t\t\t<h3 class=\"elementor-heading-title elementor-size-default\"><a href=\"#\">Couture<\/a><\/h3>\t\t\t\t<\/div>\n\t\t\t\t<\/div>\n\t\t\t\t<div class=\"elementor-element elementor-element-162690b elementor-align-right elementor-widget__width-initial elementor-mobile-align-left elementor-widget elementor-widget-button\" data-id=\"162690b\" data-element_type=\"widget\" data-e-type=\"widget\" data-widget_type=\"button.default\">\n\t\t\t\t<div class=\"elementor-widget-container\">\n\t\t\t\t\t\t\t\t\t<div class=\"elementor-button-wrapper\">\n\t\t\t\t\t<a class=\"elementor-button elementor-button-link elementor-size-sm elementor-animation-float\" href=\"https:\/\/www.rubanpourcouture.fr\/\">\n\t\t\t\t\t\t<span class=\"elementor-button-content-wrapper\">\n\t\t\t\t\t\t\t\t\t<span class=\"elementor-button-text\">En savoir plus<\/span>\n\t\t\t\t\t<\/span>\n\t\t\t\t\t<\/a>\n\t\t\t\t<\/div>\n\t\t\t\t\t\t\t\t<\/div>\n\t\t\t\t<\/div>\n\t\t\t\t<\/div>\n\t\t\t\t<\/div>\n\t\t<div class=\"elementor-element elementor-element-9c2ecf3 e-con-full e-flex e-con e-child\" data-id=\"9c2ecf3\" data-element_type=\"container\" data-e-type=\"container\">\n\t\t\t\t<div class=\"elementor-element elementor-element-921980f elementor-widget elementor-widget-image\" data-id=\"921980f\" data-element_type=\"widget\" data-e-type=\"widget\" data-widget_type=\"image.default\">\n\t\t\t\t<div class=\"elementor-widget-container\">\n\t\t\t\t\t\t\t\t\t\t\t\t\t\t\t\t<a href=\"https:\/\/www.rubanpourchaussure.fr\/\">\n\t\t\t\t\t\t\t<img decoding=\"async\" width=\"1159\" height=\"773\" src=\"https:\/\/www.victor.it\/wp-content\/uploads\/2024\/09\/nastri-per-calzature-1.jpg\" class=\"attachment-2048x2048 size-2048x2048 wp-image-97109\" alt=\"Lacci e nastri per calazature\" srcset=\"https:\/\/www.victor.it\/wp-content\/uploads\/2024\/09\/nastri-per-calzature-1.jpg 1159w, https:\/\/www.victor.it\/wp-content\/uploads\/2024\/09\/nastri-per-calzature-1-300x200.jpg 300w, https:\/\/www.victor.it\/wp-content\/uploads\/2024\/09\/nastri-per-calzature-1-1024x683.jpg 1024w, https:\/\/www.victor.it\/wp-content\/uploads\/2024\/09\/nastri-per-calzature-1-768x512.jpg 768w, https:\/\/www.victor.it\/wp-content\/uploads\/2024\/09\/nastri-per-calzature-1-600x400.jpg 600w\" sizes=\"(max-width: 1159px) 100vw, 1159px\" \/>\t\t\t\t\t\t\t\t<\/a>\n\t\t\t\t\t\t\t\t\t\t\t\t\t\t\t<\/div>\n\t\t\t\t<\/div>\n\t\t<div class=\"elementor-element elementor-element-be441cd e-con-full e-flex e-con e-child\" data-id=\"be441cd\" data-element_type=\"container\" data-e-type=\"container\">\n\t\t\t\t<div class=\"elementor-element elementor-element-f94b9cf elementor-widget__width-initial elementor-widget elementor-widget-heading\" data-id=\"f94b9cf\" data-element_type=\"widget\" data-e-type=\"widget\" data-widget_type=\"heading.default\">\n\t\t\t\t<div class=\"elementor-widget-container\">\n\t\t\t\t\t<h3 class=\"elementor-heading-title elementor-size-default\"><a href=\"#\">Chaussure<\/a><\/h3>\t\t\t\t<\/div>\n\t\t\t\t<\/div>\n\t\t\t\t<div class=\"elementor-element elementor-element-4ffad5d elementor-align-right elementor-widget__width-initial elementor-mobile-align-left elementor-widget elementor-widget-button\" data-id=\"4ffad5d\" data-element_type=\"widget\" data-e-type=\"widget\" data-widget_type=\"button.default\">\n\t\t\t\t<div class=\"elementor-widget-container\">\n\t\t\t\t\t\t\t\t\t<div class=\"elementor-button-wrapper\">\n\t\t\t\t\t<a class=\"elementor-button elementor-button-link elementor-size-sm elementor-animation-float\" href=\"https:\/\/www.rubanpourchaussure.fr\/\">\n\t\t\t\t\t\t<span class=\"elementor-button-content-wrapper\">\n\t\t\t\t\t\t\t\t\t<span class=\"elementor-button-text\">En savoir plus<\/span>\n\t\t\t\t\t<\/span>\n\t\t\t\t\t<\/a>\n\t\t\t\t<\/div>\n\t\t\t\t\t\t\t\t<\/div>\n\t\t\t\t<\/div>\n\t\t\t\t<\/div>\n\t\t\t\t<\/div>\n\t\t\t\t<\/div>\n\t\t<div class=\"elementor-element elementor-element-134be78 e-con-full e-flex e-con e-child\" data-id=\"134be78\" data-element_type=\"container\" data-e-type=\"container\">\n\t\t<div class=\"elementor-element elementor-element-1d7d9b0 e-con-full e-flex e-con e-child\" data-id=\"1d7d9b0\" data-element_type=\"container\" data-e-type=\"container\">\n\t\t\t\t<div class=\"elementor-element elementor-element-c84b775 elementor-widget elementor-widget-image\" data-id=\"c84b775\" data-element_type=\"widget\" data-e-type=\"widget\" data-widget_type=\"image.default\">\n\t\t\t\t<div class=\"elementor-widget-container\">\n\t\t\t\t\t\t\t\t\t\t\t\t\t\t\t\t<a href=\"https:\/\/www.rubanpourmaroquinerie.fr\/\">\n\t\t\t\t\t\t\t<img decoding=\"async\" width=\"1151\" height=\"767\" src=\"https:\/\/www.victor.it\/wp-content\/uploads\/2024\/09\/nastri-per-pelletteria1.jpg\" class=\"attachment-full size-full wp-image-97111\" alt=\"Nastir per tracolla borse e manici borsa\" srcset=\"https:\/\/www.victor.it\/wp-content\/uploads\/2024\/09\/nastri-per-pelletteria1.jpg 1151w, https:\/\/www.victor.it\/wp-content\/uploads\/2024\/09\/nastri-per-pelletteria1-300x200.jpg 300w, https:\/\/www.victor.it\/wp-content\/uploads\/2024\/09\/nastri-per-pelletteria1-1024x682.jpg 1024w, https:\/\/www.victor.it\/wp-content\/uploads\/2024\/09\/nastri-per-pelletteria1-768x512.jpg 768w, https:\/\/www.victor.it\/wp-content\/uploads\/2024\/09\/elementor\/thumbs\/nastri-per-pelletteria1-qujas7po6qnucb3dvmim74fqzr83k6fqeeg6cwfnog.jpg 600w\" sizes=\"(max-width: 1151px) 100vw, 1151px\" \/>\t\t\t\t\t\t\t\t<\/a>\n\t\t\t\t\t\t\t\t\t\t\t\t\t\t\t<\/div>\n\t\t\t\t<\/div>\n\t\t<div class=\"elementor-element elementor-element-c90cf6a e-con-full e-flex e-con e-child\" data-id=\"c90cf6a\" data-element_type=\"container\" data-e-type=\"container\">\n\t\t\t\t<div class=\"elementor-element elementor-element-2550c98 elementor-widget__width-initial elementor-widget elementor-widget-heading\" data-id=\"2550c98\" data-element_type=\"widget\" data-e-type=\"widget\" data-widget_type=\"heading.default\">\n\t\t\t\t<div class=\"elementor-widget-container\">\n\t\t\t\t\t<h3 class=\"elementor-heading-title elementor-size-default\"><a href=\"#\">Accessoires et maroquinerie<\/a><\/h3>\t\t\t\t<\/div>\n\t\t\t\t<\/div>\n\t\t\t\t<div class=\"elementor-element elementor-element-f7eca36 elementor-align-right elementor-widget__width-initial elementor-mobile-align-left elementor-widget elementor-widget-button\" data-id=\"f7eca36\" data-element_type=\"widget\" data-e-type=\"widget\" data-widget_type=\"button.default\">\n\t\t\t\t<div class=\"elementor-widget-container\">\n\t\t\t\t\t\t\t\t\t<div class=\"elementor-button-wrapper\">\n\t\t\t\t\t<a class=\"elementor-button elementor-button-link elementor-size-sm elementor-animation-float\" href=\"https:\/\/www.rubanpourmaroquinerie.fr\/\">\n\t\t\t\t\t\t<span class=\"elementor-button-content-wrapper\">\n\t\t\t\t\t\t\t\t\t<span class=\"elementor-button-text\">En savoir plus<\/span>\n\t\t\t\t\t<\/span>\n\t\t\t\t\t<\/a>\n\t\t\t\t<\/div>\n\t\t\t\t\t\t\t\t<\/div>\n\t\t\t\t<\/div>\n\t\t\t\t<\/div>\n\t\t\t\t<\/div>\n\t\t<div class=\"elementor-element elementor-element-a513d72 e-con-full e-flex e-con e-child\" data-id=\"a513d72\" data-element_type=\"container\" data-e-type=\"container\">\n\t\t\t\t<div class=\"elementor-element elementor-element-be2d57b elementor-widget elementor-widget-image\" data-id=\"be2d57b\" data-element_type=\"widget\" data-e-type=\"widget\" data-widget_type=\"image.default\">\n\t\t\t\t<div class=\"elementor-widget-container\">\n\t\t\t\t\t\t\t\t\t\t\t\t\t\t\t\t<a href=\"https:\/\/www.rubanpouramenagementinterieur.fr\/\">\n\t\t\t\t\t\t\t<img loading=\"lazy\" decoding=\"async\" width=\"815\" height=\"543\" src=\"https:\/\/www.victor.it\/wp-content\/uploads\/2024\/09\/nastri-per-arredamento3.jpg\" class=\"attachment-full size-full wp-image-97102\" alt=\"Nastri per complementi d&#039;arredo\" srcset=\"https:\/\/www.victor.it\/wp-content\/uploads\/2024\/09\/nastri-per-arredamento3.jpg 815w, https:\/\/www.victor.it\/wp-content\/uploads\/2024\/09\/nastri-per-arredamento3-300x200.jpg 300w, https:\/\/www.victor.it\/wp-content\/uploads\/2024\/09\/nastri-per-arredamento3-768x512.jpg 768w, https:\/\/www.victor.it\/wp-content\/uploads\/2024\/09\/nastri-per-arredamento3-600x400.jpg 600w\" sizes=\"(max-width: 815px) 100vw, 815px\" \/>\t\t\t\t\t\t\t\t<\/a>\n\t\t\t\t\t\t\t\t\t\t\t\t\t\t\t<\/div>\n\t\t\t\t<\/div>\n\t\t<div class=\"elementor-element elementor-element-02d5df4 e-con-full e-flex e-con e-child\" data-id=\"02d5df4\" data-element_type=\"container\" data-e-type=\"container\">\n\t\t\t\t<div class=\"elementor-element elementor-element-64de326 elementor-widget__width-initial elementor-widget elementor-widget-heading\" data-id=\"64de326\" data-element_type=\"widget\" data-e-type=\"widget\" data-widget_type=\"heading.default\">\n\t\t\t\t<div class=\"elementor-widget-container\">\n\t\t\t\t\t<h3 class=\"elementor-heading-title elementor-size-default\"><a href=\"#\">Menagement d'interieur<\/a><\/h3>\t\t\t\t<\/div>\n\t\t\t\t<\/div>\n\t\t\t\t<div class=\"elementor-element elementor-element-99b4063 elementor-align-right elementor-widget__width-initial elementor-mobile-align-left elementor-widget elementor-widget-button\" data-id=\"99b4063\" data-element_type=\"widget\" data-e-type=\"widget\" data-widget_type=\"button.default\">\n\t\t\t\t<div class=\"elementor-widget-container\">\n\t\t\t\t\t\t\t\t\t<div class=\"elementor-button-wrapper\">\n\t\t\t\t\t<a class=\"elementor-button elementor-button-link elementor-size-sm elementor-animation-float\" href=\"https:\/\/www.rubanpouramenagementinterieur.fr\/\">\n\t\t\t\t\t\t<span class=\"elementor-button-content-wrapper\">\n\t\t\t\t\t\t\t\t\t<span class=\"elementor-button-text\">En savoir plus<\/span>\n\t\t\t\t\t<\/span>\n\t\t\t\t\t<\/a>\n\t\t\t\t<\/div>\n\t\t\t\t\t\t\t\t<\/div>\n\t\t\t\t<\/div>\n\t\t\t\t<\/div>\n\t\t\t\t<\/div>\n\t\t\t\t<\/div>\n\t\t\t\t<\/div>\n\t\t\t\t<\/div>\n\t\t","protected":false},"excerpt":{"rendered":"<p>Inspirations et tendances Comment utiliser un ruban Victor ? D\u00e9couvrez toute notre gamme de rubans et galons pour l\u2019habillement, la chaussure, l\u2019ameublement et les accessoires textiles, le conditionnement et le packaging. \u2026Laissez-vous inspirer ! Couture En savoir plus Chaussure En savoir plus Accessoires et maroquinerie En savoir plus Menagement d&rsquo;interieur En savoir plus<\/p>\n","protected":false},"author":1,"featured_media":0,"parent":0,"menu_order":80,"comment_status":"closed","ping_status":"closed","template":"elementor_theme","meta":{"_acf_changed":false,"footnotes":""},"class_list":["post-100756","page","type-page","status-publish","hentry"],"acf":[],"yoast_head":"<!-- This site is optimized with the Yoast SEO plugin v27.2 - https:\/\/yoast.com\/product\/yoast-seo-wordpress\/ -->\n<title>Inspirations pour l&#039;utilisation de rubans, cordons, \u00e9lastiques dans la mode et la d\u00e9coration<\/title>\n<meta name=\"description\" content=\"Voici quelques id\u00e9es d&#039;utilisation des rubans. Exemples d&#039;utilisation de rubans en tissu sur des chaussures, des v\u00eatements, des meubles et des articles en cuir.\" \/>\n<meta name=\"robots\" content=\"index, follow, max-snippet:-1, max-image-preview:large, max-video-preview:-1\" \/>\n<link rel=\"canonical\" href=\"https:\/\/www.victor.it\/fr\/inspirations\/\" \/>\n<meta property=\"og:locale\" content=\"fr_FR\" \/>\n<meta property=\"og:type\" content=\"article\" \/>\n<meta property=\"og:title\" content=\"Inspirations pour l&#039;utilisation de rubans, cordons, \u00e9lastiques dans la mode et la d\u00e9coration\" \/>\n<meta property=\"og:description\" content=\"Voici quelques id\u00e9es d&#039;utilisation des rubans. Exemples d&#039;utilisation de rubans en tissu sur des chaussures, des v\u00eatements, des meubles et des articles en cuir.\" \/>\n<meta property=\"og:url\" content=\"https:\/\/www.victor.it\/fr\/inspirations\/\" \/>\n<meta property=\"og:site_name\" content=\"Nastrificio Victor\" \/>\n<meta property=\"article:modified_time\" content=\"2026-03-13T12:26:00+00:00\" \/>\n<meta property=\"og:image\" content=\"https:\/\/www.victor.it\/wp-content\/uploads\/2024\/10\/lacci-coulisse-felpa-nastrificio-victor.jpg\" \/>\n\t<meta property=\"og:image:width\" content=\"1500\" \/>\n\t<meta property=\"og:image:height\" content=\"1000\" \/>\n\t<meta property=\"og:image:type\" content=\"image\/jpeg\" \/>\n<meta name=\"twitter:card\" content=\"summary_large_image\" \/>\n<meta name=\"twitter:label1\" content=\"Dur\u00e9e de lecture estim\u00e9e\" \/>\n\t<meta name=\"twitter:data1\" content=\"1 minute\" \/>\n<script type=\"application\/ld+json\" class=\"yoast-schema-graph\">{\"@context\":\"https:\/\/schema.org\",\"@graph\":[{\"@type\":\"WebPage\",\"@id\":\"https:\/\/www.victor.it\/fr\/inspirations\/\",\"url\":\"https:\/\/www.victor.it\/fr\/inspirations\/\",\"name\":\"Inspirations pour l'utilisation de rubans, cordons, \u00e9lastiques dans la mode et la d\u00e9coration\",\"isPartOf\":{\"@id\":\"https:\/\/www.victor.it\/fr\/#website\"},\"primaryImageOfPage\":{\"@id\":\"https:\/\/www.victor.it\/fr\/inspirations\/#primaryimage\"},\"image\":{\"@id\":\"https:\/\/www.victor.it\/fr\/inspirations\/#primaryimage\"},\"thumbnailUrl\":\"https:\/\/www.victor.it\/wp-content\/uploads\/2024\/10\/lacci-coulisse-felpa-nastrificio-victor.jpg\",\"datePublished\":\"2024-03-21T15:37:32+00:00\",\"dateModified\":\"2026-03-13T12:26:00+00:00\",\"description\":\"Voici quelques id\u00e9es d'utilisation des rubans. Exemples d'utilisation de rubans en tissu sur des chaussures, des v\u00eatements, des meubles et des articles en cuir.\",\"breadcrumb\":{\"@id\":\"https:\/\/www.victor.it\/fr\/inspirations\/#breadcrumb\"},\"inLanguage\":\"fr-FR\",\"potentialAction\":[{\"@type\":\"ReadAction\",\"target\":[\"https:\/\/www.victor.it\/fr\/inspirations\/\"]}]},{\"@type\":\"ImageObject\",\"inLanguage\":\"fr-FR\",\"@id\":\"https:\/\/www.victor.it\/fr\/inspirations\/#primaryimage\",\"url\":\"https:\/\/www.victor.it\/wp-content\/uploads\/2024\/10\/lacci-coulisse-felpa-nastrificio-victor.jpg\",\"contentUrl\":\"https:\/\/www.victor.it\/wp-content\/uploads\/2024\/10\/lacci-coulisse-felpa-nastrificio-victor.jpg\"},{\"@type\":\"BreadcrumbList\",\"@id\":\"https:\/\/www.victor.it\/fr\/inspirations\/#breadcrumb\",\"itemListElement\":[{\"@type\":\"ListItem\",\"position\":1,\"name\":\"Home\",\"item\":\"https:\/\/www.victor.it\/fr\/home-2\/\"},{\"@type\":\"ListItem\",\"position\":2,\"name\":\"Inspirations\"}]},{\"@type\":\"WebSite\",\"@id\":\"https:\/\/www.victor.it\/fr\/#website\",\"url\":\"https:\/\/www.victor.it\/fr\/\",\"name\":\"Nastrificio Victor\",\"description\":\"Rubans, bandes, cordons, \u00e9lastiques, lacets pour la mode\",\"potentialAction\":[{\"@type\":\"SearchAction\",\"target\":{\"@type\":\"EntryPoint\",\"urlTemplate\":\"https:\/\/www.victor.it\/fr\/?s={search_term_string}\"},\"query-input\":{\"@type\":\"PropertyValueSpecification\",\"valueRequired\":true,\"valueName\":\"search_term_string\"}}],\"inLanguage\":\"fr-FR\"}]}<\/script>\n<!-- \/ Yoast SEO plugin. -->","yoast_head_json":{"title":"Inspirations pour l'utilisation de rubans, cordons, \u00e9lastiques dans la mode et la d\u00e9coration","description":"Voici quelques id\u00e9es d'utilisation des rubans. Exemples d'utilisation de rubans en tissu sur des chaussures, des v\u00eatements, des meubles et des articles en cuir.","robots":{"index":"index","follow":"follow","max-snippet":"max-snippet:-1","max-image-preview":"max-image-preview:large","max-video-preview":"max-video-preview:-1"},"canonical":"https:\/\/www.victor.it\/fr\/inspirations\/","og_locale":"fr_FR","og_type":"article","og_title":"Inspirations pour l'utilisation de rubans, cordons, \u00e9lastiques dans la mode et la d\u00e9coration","og_description":"Voici quelques id\u00e9es d'utilisation des rubans. Exemples d'utilisation de rubans en tissu sur des chaussures, des v\u00eatements, des meubles et des articles en cuir.","og_url":"https:\/\/www.victor.it\/fr\/inspirations\/","og_site_name":"Nastrificio Victor","article_modified_time":"2026-03-13T12:26:00+00:00","og_image":[{"width":1500,"height":1000,"url":"https:\/\/www.victor.it\/wp-content\/uploads\/2024\/10\/lacci-coulisse-felpa-nastrificio-victor.jpg","type":"image\/jpeg"}],"twitter_card":"summary_large_image","twitter_misc":{"Dur\u00e9e de lecture estim\u00e9e":"1 minute"},"schema":{"@context":"https:\/\/schema.org","@graph":[{"@type":"WebPage","@id":"https:\/\/www.victor.it\/fr\/inspirations\/","url":"https:\/\/www.victor.it\/fr\/inspirations\/","name":"Inspirations pour l'utilisation de rubans, cordons, \u00e9lastiques dans la mode et la d\u00e9coration","isPartOf":{"@id":"https:\/\/www.victor.it\/fr\/#website"},"primaryImageOfPage":{"@id":"https:\/\/www.victor.it\/fr\/inspirations\/#primaryimage"},"image":{"@id":"https:\/\/www.victor.it\/fr\/inspirations\/#primaryimage"},"thumbnailUrl":"https:\/\/www.victor.it\/wp-content\/uploads\/2024\/10\/lacci-coulisse-felpa-nastrificio-victor.jpg","datePublished":"2024-03-21T15:37:32+00:00","dateModified":"2026-03-13T12:26:00+00:00","description":"Voici quelques id\u00e9es d'utilisation des rubans. Exemples d'utilisation de rubans en tissu sur des chaussures, des v\u00eatements, des meubles et des articles en cuir.","breadcrumb":{"@id":"https:\/\/www.victor.it\/fr\/inspirations\/#breadcrumb"},"inLanguage":"fr-FR","potentialAction":[{"@type":"ReadAction","target":["https:\/\/www.victor.it\/fr\/inspirations\/"]}]},{"@type":"ImageObject","inLanguage":"fr-FR","@id":"https:\/\/www.victor.it\/fr\/inspirations\/#primaryimage","url":"https:\/\/www.victor.it\/wp-content\/uploads\/2024\/10\/lacci-coulisse-felpa-nastrificio-victor.jpg","contentUrl":"https:\/\/www.victor.it\/wp-content\/uploads\/2024\/10\/lacci-coulisse-felpa-nastrificio-victor.jpg"},{"@type":"BreadcrumbList","@id":"https:\/\/www.victor.it\/fr\/inspirations\/#breadcrumb","itemListElement":[{"@type":"ListItem","position":1,"name":"Home","item":"https:\/\/www.victor.it\/fr\/home-2\/"},{"@type":"ListItem","position":2,"name":"Inspirations"}]},{"@type":"WebSite","@id":"https:\/\/www.victor.it\/fr\/#website","url":"https:\/\/www.victor.it\/fr\/","name":"Nastrificio Victor","description":"Rubans, bandes, cordons, \u00e9lastiques, lacets pour la mode","potentialAction":[{"@type":"SearchAction","target":{"@type":"EntryPoint","urlTemplate":"https:\/\/www.victor.it\/fr\/?s={search_term_string}"},"query-input":{"@type":"PropertyValueSpecification","valueRequired":true,"valueName":"search_term_string"}}],"inLanguage":"fr-FR"}]}},"_links":{"self":[{"href":"https:\/\/www.victor.it\/fr\/wp-json\/wp\/v2\/pages\/100756","targetHints":{"allow":["GET"]}}],"collection":[{"href":"https:\/\/www.victor.it\/fr\/wp-json\/wp\/v2\/pages"}],"about":[{"href":"https:\/\/www.victor.it\/fr\/wp-json\/wp\/v2\/types\/page"}],"author":[{"embeddable":true,"href":"https:\/\/www.victor.it\/fr\/wp-json\/wp\/v2\/users\/1"}],"replies":[{"embeddable":true,"href":"https:\/\/www.victor.it\/fr\/wp-json\/wp\/v2\/comments?post=100756"}],"version-history":[{"count":8,"href":"https:\/\/www.victor.it\/fr\/wp-json\/wp\/v2\/pages\/100756\/revisions"}],"predecessor-version":[{"id":101512,"href":"https:\/\/www.victor.it\/fr\/wp-json\/wp\/v2\/pages\/100756\/revisions\/101512"}],"wp:attachment":[{"href":"https:\/\/www.victor.it\/fr\/wp-json\/wp\/v2\/media?parent=100756"}],"curies":[{"name":"wp","href":"https:\/\/api.w.org\/{rel}","templated":true}]}}