{"id":100762,"date":"2024-04-12T16:36:19","date_gmt":"2024-04-12T16:36:19","guid":{"rendered":"https:\/\/www.victor.it\/certifications\/"},"modified":"2026-03-10T15:13:56","modified_gmt":"2026-03-10T15:13:56","slug":"certifications","status":"publish","type":"page","link":"https:\/\/www.victor.it\/fr\/certifications\/","title":{"rendered":"Certifications"},"content":{"rendered":"\t\t<div data-elementor-type=\"wp-page\" data-elementor-id=\"100762\" class=\"elementor elementor-100762 elementor-529\" data-elementor-post-type=\"page\">\n\t\t\t\t<div class=\"elementor-element elementor-element-adc159b e-con-full e-flex e-con e-parent\" data-id=\"adc159b\" data-element_type=\"container\" data-e-type=\"container\">\n\t\t<div class=\"elementor-element elementor-element-b829c25 e-con-full e-flex e-con e-child\" data-id=\"b829c25\" data-element_type=\"container\" data-e-type=\"container\">\n\t\t\t\t<div class=\"elementor-element elementor-element-234bf97 elementor-widget elementor-widget-heading\" data-id=\"234bf97\" data-element_type=\"widget\" data-e-type=\"widget\" data-widget_type=\"heading.default\">\n\t\t\t\t<div class=\"elementor-widget-container\">\n\t\t\t\t\t<h2 class=\"elementor-heading-title elementor-size-default\">Certifications<\/h2>\t\t\t\t<\/div>\n\t\t\t\t<\/div>\n\t\t\t\t<div class=\"elementor-element elementor-element-d606cd2 elementor-widget elementor-widget-heading\" data-id=\"d606cd2\" data-element_type=\"widget\" data-e-type=\"widget\" data-widget_type=\"heading.default\">\n\t\t\t\t<div class=\"elementor-widget-container\">\n\t\t\t\t\t<h1 class=\"elementor-heading-title elementor-size-default\">Qualit\u00e9 et durabilit\u00e9 font partie int\u00e9grante de notre histoire productive depuis toujours.\n<\/h1>\t\t\t\t<\/div>\n\t\t\t\t<\/div>\n\t\t\t\t<div class=\"elementor-element elementor-element-66a659f elementor-widget elementor-widget-text-editor\" data-id=\"66a659f\" data-element_type=\"widget\" data-e-type=\"widget\" data-widget_type=\"text-editor.default\">\n\t\t\t\t<div class=\"elementor-widget-container\">\n\t\t\t\t\t\t\t\t\t<p>Ces valeurs guident notre vision entrepreneuriale, nos choix de production ainsi que notre engagement constant dans le maintien de nos certifications de produits et de syst\u00e8mes.<\/p>\t\t\t\t\t\t\t\t<\/div>\n\t\t\t\t<\/div>\n\t\t\t\t<\/div>\n\t\t\t\t<\/div>\n\t\t<div class=\"elementor-element elementor-element-c23fc66 e-con-full e-flex e-con e-child\" data-id=\"c23fc66\" data-element_type=\"container\" data-e-type=\"container\">\n\t\t\t\t<div class=\"elementor-element elementor-element-c2abf04 elementor-widget elementor-widget-heading\" data-id=\"c2abf04\" data-element_type=\"widget\" data-e-type=\"widget\" data-widget_type=\"heading.default\">\n\t\t\t\t<div class=\"elementor-widget-container\">\n\t\t\t\t\t<h2 class=\"elementor-heading-title elementor-size-default\">Les derniers succ\u00e8s obtenus<\/h2>\t\t\t\t<\/div>\n\t\t\t\t<\/div>\n\t\t<div class=\"elementor-element elementor-element-a24c0e8 e-con-full e-flex e-con e-child\" data-id=\"a24c0e8\" data-element_type=\"container\" data-e-type=\"container\">\n\t\t<div class=\"elementor-element elementor-element-02ea6ef e-con-full e-flex e-con e-child\" data-id=\"02ea6ef\" data-element_type=\"container\" data-e-type=\"container\">\n\t\t\t\t<div class=\"elementor-element elementor-element-1e6e9f6 elementor-widget elementor-widget-image\" data-id=\"1e6e9f6\" data-element_type=\"widget\" data-e-type=\"widget\" data-widget_type=\"image.default\">\n\t\t\t\t<div class=\"elementor-widget-container\">\n\t\t\t\t\t\t\t\t\t\t\t\t\t\t\t<img decoding=\"async\" src=\"https:\/\/www.victor.it\/wp-content\/uploads\/elementor\/thumbs\/OEKOTEX-qzxxbpz1t59b2w473czwz8m83v2tnbpoppmq6albd0.jpg\" title=\"OEKOTEX\" alt=\"OEKOTEX\" loading=\"lazy\" \/>\t\t\t\t\t\t\t\t\t\t\t\t\t\t\t<\/div>\n\t\t\t\t<\/div>\n\t\t\t\t<div class=\"elementor-element elementor-element-9c660fe elementor-widget elementor-widget-heading\" data-id=\"9c660fe\" data-element_type=\"widget\" data-e-type=\"widget\" data-widget_type=\"heading.default\">\n\t\t\t\t<div class=\"elementor-widget-container\">\n\t\t\t\t\t<h3 class=\"elementor-heading-title elementor-size-default\">Oeko Tex<\/h3>\t\t\t\t<\/div>\n\t\t\t\t<\/div>\n\t\t\t\t<div class=\"elementor-element elementor-element-b0ff513 elementor-widget elementor-widget-text-editor\" data-id=\"b0ff513\" data-element_type=\"widget\" data-e-type=\"widget\" data-widget_type=\"text-editor.default\">\n\t\t\t\t<div class=\"elementor-widget-container\">\n\t\t\t\t\t\t\t\t\t<p>Le maintien continu de la certification Oeko-Tex classe I et classe II est une v\u00e9ritable source de fiert\u00e9 pour le Nastrificio Victor. Ce label garantit la qualit\u00e9 de nos produits textiles destin\u00e9s \u00e0 la confection de v\u00eatements et d\u2019articles pour enfants, ainsi que ceux en contact direct avec la peau. <\/p>\t\t\t\t\t\t\t\t<\/div>\n\t\t\t\t<\/div>\n\t\t\t\t<\/div>\n\t\t<div class=\"elementor-element elementor-element-0df9b41 e-con-full e-flex e-con e-child\" data-id=\"0df9b41\" data-element_type=\"container\" data-e-type=\"container\">\n\t\t\t\t<div class=\"elementor-element elementor-element-890e5ba elementor-widget elementor-widget-image\" data-id=\"890e5ba\" data-element_type=\"widget\" data-e-type=\"widget\" data-widget_type=\"image.default\">\n\t\t\t\t<div class=\"elementor-widget-container\">\n\t\t\t\t\t\t\t\t\t\t\t\t\t\t\t<img fetchpriority=\"high\" decoding=\"async\" width=\"500\" height=\"250\" src=\"https:\/\/www.victor.it\/wp-content\/uploads\/2024\/04\/GRS.jpg\" class=\"attachment-2048x2048 size-2048x2048 wp-image-574\" alt=\"\" srcset=\"https:\/\/www.victor.it\/wp-content\/uploads\/2024\/04\/GRS.jpg 500w, https:\/\/www.victor.it\/wp-content\/uploads\/2024\/04\/GRS-300x150.jpg 300w\" sizes=\"(max-width: 500px) 100vw, 500px\" \/>\t\t\t\t\t\t\t\t\t\t\t\t\t\t\t<\/div>\n\t\t\t\t<\/div>\n\t\t\t\t<div class=\"elementor-element elementor-element-55fc727 elementor-widget elementor-widget-heading\" data-id=\"55fc727\" data-element_type=\"widget\" data-e-type=\"widget\" data-widget_type=\"heading.default\">\n\t\t\t\t<div class=\"elementor-widget-container\">\n\t\t\t\t\t<h3 class=\"elementor-heading-title elementor-size-default\">GRS<\/h3>\t\t\t\t<\/div>\n\t\t\t\t<\/div>\n\t\t\t\t<div class=\"elementor-element elementor-element-e9cc882 elementor-widget elementor-widget-text-editor\" data-id=\"e9cc882\" data-element_type=\"widget\" data-e-type=\"widget\" data-widget_type=\"text-editor.default\">\n\t\t\t\t<div class=\"elementor-widget-container\">\n\t\t\t\t\t\t\t\t\t<p>Dans l\u2019optique d\u2019un d\u00e9veloppement responsable de la durabilit\u00e9 et de l\u2019\u00e9conomie circulaire dans le secteur textile, nous utilisons des fils recycl\u00e9s pr\u00e9 et post-consommation, garantissant le respect des crit\u00e8res environnementaux et sociaux. Nos articles sont certifi\u00e9s GRS \u00ab Global Recycled Standard \u00bb, ce qui garantit la qualit\u00e9 des mati\u00e8res premi\u00e8res utilis\u00e9es et l\u2019ensemble du processus de production. <\/p>\t\t\t\t\t\t\t\t<\/div>\n\t\t\t\t<\/div>\n\t\t\t\t<\/div>\n\t\t<div class=\"elementor-element elementor-element-1ec5101 e-con-full e-flex e-con e-child\" data-id=\"1ec5101\" data-element_type=\"container\" data-e-type=\"container\">\n\t\t\t\t<div class=\"elementor-element elementor-element-8436c5a elementor-widget elementor-widget-image\" data-id=\"8436c5a\" data-element_type=\"widget\" data-e-type=\"widget\" data-widget_type=\"image.default\">\n\t\t\t\t<div class=\"elementor-widget-container\">\n\t\t\t\t\t\t\t\t\t\t\t\t\t\t\t<img decoding=\"async\" width=\"500\" height=\"250\" src=\"https:\/\/www.victor.it\/wp-content\/uploads\/2025\/07\/ISO25.avif\" class=\"attachment-2048x2048 size-2048x2048 wp-image-99168 not-transparent\" alt=\"\" srcset=\"https:\/\/www.victor.it\/wp-content\/uploads\/2025\/07\/ISO25.avif 500w, https:\/\/www.victor.it\/wp-content\/uploads\/2025\/07\/ISO25-300x150.avif 300w\" sizes=\"(max-width: 500px) 100vw, 500px\" data-has-transparency=\"false\" data-dominant-color=\"eeeeef\" style=\"--dominant-color: #eeeeef\" \/>\t\t\t\t\t\t\t\t\t\t\t\t\t\t\t<\/div>\n\t\t\t\t<\/div>\n\t\t\t\t<div class=\"elementor-element elementor-element-21ae47e elementor-widget elementor-widget-heading\" data-id=\"21ae47e\" data-element_type=\"widget\" data-e-type=\"widget\" data-widget_type=\"heading.default\">\n\t\t\t\t<div class=\"elementor-widget-container\">\n\t\t\t\t\t<h3 class=\"elementor-heading-title elementor-size-default\"> ISO 45001, ISO 14001<\/h3>\t\t\t\t<\/div>\n\t\t\t\t<\/div>\n\t\t\t\t<div class=\"elementor-element elementor-element-1574369 elementor-widget elementor-widget-text-editor\" data-id=\"1574369\" data-element_type=\"widget\" data-e-type=\"widget\" data-widget_type=\"text-editor.default\">\n\t\t\t\t<div class=\"elementor-widget-container\">\n\t\t\t\t\t\t\t\t\t<p>Notre entreprise est certifi\u00e9e ISO 45001 pour son syst\u00e8me de management de la s\u00e9curit\u00e9 et de la sant\u00e9 au travail, et ISO 14001 pour son syst\u00e8me de management environnemental.<\/p>\t\t\t\t\t\t\t\t<\/div>\n\t\t\t\t<\/div>\n\t\t\t\t<\/div>\n\t\t\t\t<\/div>\n\t\t\t\t<\/div>\n\t\t\t\t<\/div>\n\t\t","protected":false},"excerpt":{"rendered":"<p>Certifications Qualit\u00e9 et durabilit\u00e9 font partie int\u00e9grante de notre histoire productive depuis toujours. Ces valeurs guident notre vision entrepreneuriale, nos choix de production ainsi que notre engagement constant dans le maintien de nos certifications de produits et de syst\u00e8mes. Les derniers succ\u00e8s obtenus Oeko Tex Le maintien continu de la certification Oeko-Tex classe I et [&hellip;]<\/p>\n","protected":false},"author":1,"featured_media":0,"parent":0,"menu_order":95,"comment_status":"closed","ping_status":"closed","template":"elementor_theme","meta":{"_acf_changed":false,"footnotes":""},"class_list":["post-100762","page","type-page","status-publish","hentry"],"acf":[],"yoast_head":"<!-- This site is optimized with the Yoast SEO plugin v27.2 - https:\/\/yoast.com\/product\/yoast-seo-wordpress\/ -->\n<title>Certifications pour rubans, bandes, cordons, \u00e9lastiques, lacets, passepoils<\/title>\n<meta name=\"description\" content=\"Nous sommes certifi\u00e9s GRS et OEKO-TEX. Nous travaillons des fibres naturelles, synth\u00e9tiques et recycl\u00e9es pour obtenir des rubans, des cordons et des \u00e9lastiques uniques.\" \/>\n<meta name=\"robots\" content=\"index, follow, max-snippet:-1, max-image-preview:large, max-video-preview:-1\" \/>\n<link rel=\"canonical\" href=\"https:\/\/www.victor.it\/fr\/certifications\/\" \/>\n<meta property=\"og:locale\" content=\"fr_FR\" \/>\n<meta property=\"og:type\" content=\"article\" \/>\n<meta property=\"og:title\" content=\"Certifications pour rubans, bandes, cordons, \u00e9lastiques, lacets, passepoils\" \/>\n<meta property=\"og:description\" content=\"Nous sommes certifi\u00e9s GRS et OEKO-TEX. Nous travaillons des fibres naturelles, synth\u00e9tiques et recycl\u00e9es pour obtenir des rubans, des cordons et des \u00e9lastiques uniques.\" \/>\n<meta property=\"og:url\" content=\"https:\/\/www.victor.it\/fr\/certifications\/\" \/>\n<meta property=\"og:site_name\" content=\"Nastrificio Victor\" \/>\n<meta property=\"article:modified_time\" content=\"2026-03-10T15:13:56+00:00\" \/>\n<meta property=\"og:image\" content=\"https:\/\/www.victor.it\/wp-content\/uploads\/elementor\/thumbs\/OEKOTEX-qzxxbpz1t59b2w473czwz8m83v2tnbpoppmq6albd0.jpg\" \/>\n<meta name=\"twitter:card\" content=\"summary_large_image\" \/>\n<meta name=\"twitter:label1\" content=\"Dur\u00e9e de lecture estim\u00e9e\" \/>\n\t<meta name=\"twitter:data1\" content=\"2 minutes\" \/>\n<script type=\"application\/ld+json\" class=\"yoast-schema-graph\">{\"@context\":\"https:\/\/schema.org\",\"@graph\":[{\"@type\":\"WebPage\",\"@id\":\"https:\/\/www.victor.it\/fr\/certifications\/\",\"url\":\"https:\/\/www.victor.it\/fr\/certifications\/\",\"name\":\"Certifications pour rubans, bandes, cordons, \u00e9lastiques, lacets, passepoils\",\"isPartOf\":{\"@id\":\"https:\/\/www.victor.it\/fr\/#website\"},\"primaryImageOfPage\":{\"@id\":\"https:\/\/www.victor.it\/fr\/certifications\/#primaryimage\"},\"image\":{\"@id\":\"https:\/\/www.victor.it\/fr\/certifications\/#primaryimage\"},\"thumbnailUrl\":\"https:\/\/www.victor.it\/wp-content\/uploads\/elementor\/thumbs\/OEKOTEX-qzxxbpz1t59b2w473czwz8m83v2tnbpoppmq6albd0.jpg\",\"datePublished\":\"2024-04-12T16:36:19+00:00\",\"dateModified\":\"2026-03-10T15:13:56+00:00\",\"description\":\"Nous sommes certifi\u00e9s GRS et OEKO-TEX. Nous travaillons des fibres naturelles, synth\u00e9tiques et recycl\u00e9es pour obtenir des rubans, des cordons et des \u00e9lastiques uniques.\",\"breadcrumb\":{\"@id\":\"https:\/\/www.victor.it\/fr\/certifications\/#breadcrumb\"},\"inLanguage\":\"fr-FR\",\"potentialAction\":[{\"@type\":\"ReadAction\",\"target\":[\"https:\/\/www.victor.it\/fr\/certifications\/\"]}]},{\"@type\":\"ImageObject\",\"inLanguage\":\"fr-FR\",\"@id\":\"https:\/\/www.victor.it\/fr\/certifications\/#primaryimage\",\"url\":\"https:\/\/www.victor.it\/wp-content\/uploads\/elementor\/thumbs\/OEKOTEX-qzxxbpz1t59b2w473czwz8m83v2tnbpoppmq6albd0.jpg\",\"contentUrl\":\"https:\/\/www.victor.it\/wp-content\/uploads\/elementor\/thumbs\/OEKOTEX-qzxxbpz1t59b2w473czwz8m83v2tnbpoppmq6albd0.jpg\"},{\"@type\":\"BreadcrumbList\",\"@id\":\"https:\/\/www.victor.it\/fr\/certifications\/#breadcrumb\",\"itemListElement\":[{\"@type\":\"ListItem\",\"position\":1,\"name\":\"Home\",\"item\":\"https:\/\/www.victor.it\/fr\/home-2\/\"},{\"@type\":\"ListItem\",\"position\":2,\"name\":\"Certifications\"}]},{\"@type\":\"WebSite\",\"@id\":\"https:\/\/www.victor.it\/fr\/#website\",\"url\":\"https:\/\/www.victor.it\/fr\/\",\"name\":\"Nastrificio Victor\",\"description\":\"Rubans, bandes, cordons, \u00e9lastiques, lacets pour la mode\",\"potentialAction\":[{\"@type\":\"SearchAction\",\"target\":{\"@type\":\"EntryPoint\",\"urlTemplate\":\"https:\/\/www.victor.it\/fr\/?s={search_term_string}\"},\"query-input\":{\"@type\":\"PropertyValueSpecification\",\"valueRequired\":true,\"valueName\":\"search_term_string\"}}],\"inLanguage\":\"fr-FR\"}]}<\/script>\n<!-- \/ Yoast SEO plugin. -->","yoast_head_json":{"title":"Certifications pour rubans, bandes, cordons, \u00e9lastiques, lacets, passepoils","description":"Nous sommes certifi\u00e9s GRS et OEKO-TEX. Nous travaillons des fibres naturelles, synth\u00e9tiques et recycl\u00e9es pour obtenir des rubans, des cordons et des \u00e9lastiques uniques.","robots":{"index":"index","follow":"follow","max-snippet":"max-snippet:-1","max-image-preview":"max-image-preview:large","max-video-preview":"max-video-preview:-1"},"canonical":"https:\/\/www.victor.it\/fr\/certifications\/","og_locale":"fr_FR","og_type":"article","og_title":"Certifications pour rubans, bandes, cordons, \u00e9lastiques, lacets, passepoils","og_description":"Nous sommes certifi\u00e9s GRS et OEKO-TEX. Nous travaillons des fibres naturelles, synth\u00e9tiques et recycl\u00e9es pour obtenir des rubans, des cordons et des \u00e9lastiques uniques.","og_url":"https:\/\/www.victor.it\/fr\/certifications\/","og_site_name":"Nastrificio Victor","article_modified_time":"2026-03-10T15:13:56+00:00","og_image":[{"url":"https:\/\/www.victor.it\/wp-content\/uploads\/elementor\/thumbs\/OEKOTEX-qzxxbpz1t59b2w473czwz8m83v2tnbpoppmq6albd0.jpg","type":"","width":"","height":""}],"twitter_card":"summary_large_image","twitter_misc":{"Dur\u00e9e de lecture estim\u00e9e":"2 minutes"},"schema":{"@context":"https:\/\/schema.org","@graph":[{"@type":"WebPage","@id":"https:\/\/www.victor.it\/fr\/certifications\/","url":"https:\/\/www.victor.it\/fr\/certifications\/","name":"Certifications pour rubans, bandes, cordons, \u00e9lastiques, lacets, passepoils","isPartOf":{"@id":"https:\/\/www.victor.it\/fr\/#website"},"primaryImageOfPage":{"@id":"https:\/\/www.victor.it\/fr\/certifications\/#primaryimage"},"image":{"@id":"https:\/\/www.victor.it\/fr\/certifications\/#primaryimage"},"thumbnailUrl":"https:\/\/www.victor.it\/wp-content\/uploads\/elementor\/thumbs\/OEKOTEX-qzxxbpz1t59b2w473czwz8m83v2tnbpoppmq6albd0.jpg","datePublished":"2024-04-12T16:36:19+00:00","dateModified":"2026-03-10T15:13:56+00:00","description":"Nous sommes certifi\u00e9s GRS et OEKO-TEX. Nous travaillons des fibres naturelles, synth\u00e9tiques et recycl\u00e9es pour obtenir des rubans, des cordons et des \u00e9lastiques uniques.","breadcrumb":{"@id":"https:\/\/www.victor.it\/fr\/certifications\/#breadcrumb"},"inLanguage":"fr-FR","potentialAction":[{"@type":"ReadAction","target":["https:\/\/www.victor.it\/fr\/certifications\/"]}]},{"@type":"ImageObject","inLanguage":"fr-FR","@id":"https:\/\/www.victor.it\/fr\/certifications\/#primaryimage","url":"https:\/\/www.victor.it\/wp-content\/uploads\/elementor\/thumbs\/OEKOTEX-qzxxbpz1t59b2w473czwz8m83v2tnbpoppmq6albd0.jpg","contentUrl":"https:\/\/www.victor.it\/wp-content\/uploads\/elementor\/thumbs\/OEKOTEX-qzxxbpz1t59b2w473czwz8m83v2tnbpoppmq6albd0.jpg"},{"@type":"BreadcrumbList","@id":"https:\/\/www.victor.it\/fr\/certifications\/#breadcrumb","itemListElement":[{"@type":"ListItem","position":1,"name":"Home","item":"https:\/\/www.victor.it\/fr\/home-2\/"},{"@type":"ListItem","position":2,"name":"Certifications"}]},{"@type":"WebSite","@id":"https:\/\/www.victor.it\/fr\/#website","url":"https:\/\/www.victor.it\/fr\/","name":"Nastrificio Victor","description":"Rubans, bandes, cordons, \u00e9lastiques, lacets pour la mode","potentialAction":[{"@type":"SearchAction","target":{"@type":"EntryPoint","urlTemplate":"https:\/\/www.victor.it\/fr\/?s={search_term_string}"},"query-input":{"@type":"PropertyValueSpecification","valueRequired":true,"valueName":"search_term_string"}}],"inLanguage":"fr-FR"}]}},"_links":{"self":[{"href":"https:\/\/www.victor.it\/fr\/wp-json\/wp\/v2\/pages\/100762","targetHints":{"allow":["GET"]}}],"collection":[{"href":"https:\/\/www.victor.it\/fr\/wp-json\/wp\/v2\/pages"}],"about":[{"href":"https:\/\/www.victor.it\/fr\/wp-json\/wp\/v2\/types\/page"}],"author":[{"embeddable":true,"href":"https:\/\/www.victor.it\/fr\/wp-json\/wp\/v2\/users\/1"}],"replies":[{"embeddable":true,"href":"https:\/\/www.victor.it\/fr\/wp-json\/wp\/v2\/comments?post=100762"}],"version-history":[{"count":2,"href":"https:\/\/www.victor.it\/fr\/wp-json\/wp\/v2\/pages\/100762\/revisions"}],"predecessor-version":[{"id":100764,"href":"https:\/\/www.victor.it\/fr\/wp-json\/wp\/v2\/pages\/100762\/revisions\/100764"}],"wp:attachment":[{"href":"https:\/\/www.victor.it\/fr\/wp-json\/wp\/v2\/media?parent=100762"}],"curies":[{"name":"wp","href":"https:\/\/api.w.org\/{rel}","templated":true}]}}