{"id":100773,"date":"2024-04-15T15:40:34","date_gmt":"2024-04-15T15:40:34","guid":{"rendered":"https:\/\/www.victor.it\/login\/"},"modified":"2026-03-10T15:21:08","modified_gmt":"2026-03-10T15:21:08","slug":"login","status":"publish","type":"page","link":"https:\/\/www.victor.it\/fr\/login\/","title":{"rendered":"Login"},"content":{"rendered":"\t\t<div data-elementor-type=\"wp-page\" data-elementor-id=\"100773\" class=\"elementor elementor-100773 elementor-607\" data-elementor-post-type=\"page\">\n\t\t\t\t<div class=\"elementor-element elementor-element-8e7b2f4 e-con-full e-flex e-con e-parent\" data-id=\"8e7b2f4\" data-element_type=\"container\" data-e-type=\"container\">\n\t\t\t\t<div class=\"elementor-element elementor-element-d4a9e39 elementor-widget__width-inherit elementor-widget elementor-widget-heading\" data-id=\"d4a9e39\" data-element_type=\"widget\" data-e-type=\"widget\" data-widget_type=\"heading.default\">\n\t\t\t\t<div class=\"elementor-widget-container\">\n\t\t\t\t\t<h2 class=\"elementor-heading-title elementor-size-default\">Connectez-vous pour voir l\u2019avant-premi\u00e8re en ligne de la derni\u00e8re collection.<\/h2>\t\t\t\t<\/div>\n\t\t\t\t<\/div>\n\t\t\t\t<div class=\"elementor-element elementor-element-49452ea elementor-widget elementor-widget-spacer\" data-id=\"49452ea\" data-element_type=\"widget\" data-e-type=\"widget\" data-widget_type=\"spacer.default\">\n\t\t\t\t<div class=\"elementor-widget-container\">\n\t\t\t\t\t\t\t<div class=\"elementor-spacer\">\n\t\t\t<div class=\"elementor-spacer-inner\"><\/div>\n\t\t<\/div>\n\t\t\t\t\t\t<\/div>\n\t\t\t\t<\/div>\n\t\t\t\t<div class=\"elementor-element elementor-element-e7253db elementor-widget elementor-widget-login\" data-id=\"e7253db\" data-element_type=\"widget\" data-e-type=\"widget\" data-widget_type=\"login.default\">\n\t\t\t\t<div class=\"elementor-widget-container\">\n\t\t\t\t\t\t\t<form class=\"elementor-login elementor-form\" method=\"post\" action=\"https:\/\/www.victor.it\/fr\/wp-login.php\" aria-label=\"Login form\">\n\t\t\t<input type=\"hidden\" name=\"redirect_to\" value=\"\/fr\/wp-json\/wp\/v2\/pages\/100773\">\n\t\t\t<div class=\"elementor-form-fields-wrapper\">\n\t\t\t\t<div class=\"elementor-field-type-text elementor-field-group elementor-column elementor-col-100 elementor-field-required\">\n\t\t\t\t\t<label for=\"user-e7253db\" class=\"elementor-field-label\">adresse e-mail<\/label>\n\t\t\t\t\t<input size=\"1\" type=\"text\" name=\"log\" id=\"user-e7253db\" placeholder=\"\" class=\"elementor-field elementor-field-textual elementor-size-xs\">\n\t\t\t\t<\/div>\n\t\t\t\t<div class=\"elementor-field-type-text elementor-field-group elementor-column elementor-col-100 elementor-field-required\">\n\t\t\t\t\t<label for=\"password-e7253db\" class=\"elementor-field-label\">Password<\/label>\n\t\t\t\t\t<input size=\"1\" type=\"password\" name=\"pwd\" id=\"password-e7253db\" placeholder=\"\" class=\"elementor-field elementor-field-textual elementor-size-xs\">\n\t\t\t\t<\/div>\n\n\t\t\t\t\t\t\t\t\t<div class=\"elementor-field-type-checkbox elementor-field-group elementor-column elementor-col-100 elementor-remember-me\">\n\t\t\t\t\t\t<label for=\"elementor-login-remember-me\">\n\t\t\t\t\t\t\t<input type=\"checkbox\" id=\"elementor-login-remember-me\" name=\"rememberme\" value=\"forever\">\n\t\t\t\t\t\t\tSe souvenir de moi\t\t\t\t\t\t<\/label>\n\t\t\t\t\t<\/div>\n\t\t\t\t\n\t\t\t\t<div class=\"elementor-field-group elementor-column elementor-field-type-submit elementor-col-100\">\n\t\t\t\t\t<button type=\"submit\" class=\"elementor-size-sm elementor-animation-float elementor-button\" name=\"wp-submit\">\n\t\t\t\t\t\t\t\t\t\t\t\t\t\t\t<span class=\"elementor-button-text\">Login<\/span>\n\t\t\t\t\t\t\t\t\t\t\t\t<\/button>\n\t\t\t\t<\/div>\n\n\t\t\t\t\t\t\t\t\t<div class=\"elementor-field-group elementor-column elementor-col-100\">\n\t\t\t\t\t\t\t\t\t\t\t\t\t\t\t\t\t\t\t\t<a class=\"elementor-lost-password\" href=\"https:\/\/www.victor.it\/fr\/wp-login.php?action=lostpassword&redirect_to=%2Ffr%2Fwp-json%2Fwp%2Fv2%2Fpages%2F100773\">\n\t\t\t\t\t\t\t\tMot de passe perdu\u00a0?\t\t\t\t\t\t\t<\/a>\n\t\t\t\t\t\t\n\t\t\t\t\t\t\t\t\t\t\t<\/div>\n\t\t\t\t\t\t\t<\/div>\n\t\t<\/form>\n\t\t\t\t\t\t<\/div>\n\t\t\t\t<\/div>\n\t\t\t\t<\/div>\n\t\t<div class=\"elementor-element elementor-element-4a77a5b e-flex e-con-boxed e-con e-parent\" data-id=\"4a77a5b\" data-element_type=\"container\" data-e-type=\"container\">\n\t\t\t\t\t<div class=\"e-con-inner\">\n\t\t\t\t<div class=\"elementor-element elementor-element-6af7de6 elementor-widget-divider--view-line elementor-widget elementor-widget-divider\" data-id=\"6af7de6\" data-element_type=\"widget\" data-e-type=\"widget\" data-widget_type=\"divider.default\">\n\t\t\t\t<div class=\"elementor-widget-container\">\n\t\t\t\t\t\t\t<div class=\"elementor-divider\">\n\t\t\t<span class=\"elementor-divider-separator\">\n\t\t\t\t\t\t<\/span>\n\t\t<\/div>\n\t\t\t\t\t\t<\/div>\n\t\t\t\t<\/div>\n\t\t\t\t<div class=\"elementor-element elementor-element-bde28e5 elementor-widget elementor-widget-spacer\" data-id=\"bde28e5\" data-element_type=\"widget\" data-e-type=\"widget\" data-widget_type=\"spacer.default\">\n\t\t\t\t<div class=\"elementor-widget-container\">\n\t\t\t\t\t\t\t<div class=\"elementor-spacer\">\n\t\t\t<div class=\"elementor-spacer-inner\"><\/div>\n\t\t<\/div>\n\t\t\t\t\t\t<\/div>\n\t\t\t\t<\/div>\n\t\t\t\t<div class=\"elementor-element elementor-element-eb4d822 elementor-widget elementor-widget-heading\" data-id=\"eb4d822\" data-element_type=\"widget\" data-e-type=\"widget\" data-widget_type=\"heading.default\">\n\t\t\t\t<div class=\"elementor-widget-container\">\n\t\t\t\t\t<h2 class=\"elementor-heading-title elementor-size-default\">Vous n'\u00eates pas encore inscrit ?<\/h2>\t\t\t\t<\/div>\n\t\t\t\t<\/div>\n\t\t\t\t<div class=\"elementor-element elementor-element-371e21f elementor-widget elementor-widget-text-editor\" data-id=\"371e21f\" data-element_type=\"widget\" data-e-type=\"widget\" data-widget_type=\"text-editor.default\">\n\t\t\t\t<div class=\"elementor-widget-container\">\n\t\t\t\t\t\t\t\t\tNe manquez pas l&rsquo;occasion de d\u00e9couvrir en avant-premi\u00e8re la derni\u00e8re collection, inscrivez-vous d\u00e8s maintenant !\t\t\t\t\t\t\t\t<\/div>\n\t\t\t\t<\/div>\n\t\t\t\t<div class=\"elementor-element elementor-element-48ccff7 elementor-widget elementor-widget-button\" data-id=\"48ccff7\" data-element_type=\"widget\" data-e-type=\"widget\" data-widget_type=\"button.default\">\n\t\t\t\t<div class=\"elementor-widget-container\">\n\t\t\t\t\t\t\t\t\t<div class=\"elementor-button-wrapper\">\n\t\t\t\t\t<a class=\"elementor-button elementor-button-link elementor-size-sm elementor-animation-float\" href=\"https:\/\/www.victor.it\/fr\/registrieren\/\">\n\t\t\t\t\t\t<span class=\"elementor-button-content-wrapper\">\n\t\t\t\t\t\t\t\t\t<span class=\"elementor-button-text\">S'inscrire<\/span>\n\t\t\t\t\t<\/span>\n\t\t\t\t\t<\/a>\n\t\t\t\t<\/div>\n\t\t\t\t\t\t\t\t<\/div>\n\t\t\t\t<\/div>\n\t\t\t\t\t<\/div>\n\t\t\t\t<\/div>\n\t\t\t\t<\/div>\n\t\t","protected":false},"excerpt":{"rendered":"<p>Logout Connectez-vous pour voir l\u2019avant-premi\u00e8re en ligne de la derni\u00e8re collection. Vous n&rsquo;\u00eates pas encore inscrit ? Ne manquez pas l&rsquo;occasion de d\u00e9couvrir en avant-premi\u00e8re la derni\u00e8re collection, inscrivez-vous d\u00e8s maintenant ! S&rsquo;inscrire Notre derni\u00e8re collection Spring Summer 27 \u2013 Sport d\u00e9couvrez-la en avant-premi\u00e8re en ligne Spring Summer 27 \u2013 Contemporary d\u00e9couvrez-la en avant-premi\u00e8re en [&hellip;]<\/p>\n","protected":false},"author":1,"featured_media":0,"parent":0,"menu_order":1000,"comment_status":"closed","ping_status":"closed","template":"","meta":{"_acf_changed":false,"footnotes":""},"class_list":["post-100773","page","type-page","status-publish","hentry"],"acf":[],"yoast_head":"<!-- This site is optimized with the Yoast SEO plugin v27.2 - https:\/\/yoast.com\/product\/yoast-seo-wordpress\/ -->\n<title>Login - Nastrificio Victor<\/title>\n<meta name=\"robots\" content=\"index, follow, max-snippet:-1, max-image-preview:large, max-video-preview:-1\" \/>\n<link rel=\"canonical\" href=\"https:\/\/www.victor.it\/fr\/login\/\" \/>\n<meta property=\"og:locale\" content=\"fr_FR\" \/>\n<meta property=\"og:type\" content=\"article\" \/>\n<meta property=\"og:title\" content=\"Login - Nastrificio Victor\" \/>\n<meta property=\"og:description\" content=\"Logout Connectez-vous pour voir l\u2019avant-premi\u00e8re en ligne de la derni\u00e8re collection. Vous n&rsquo;\u00eates pas encore inscrit ? Ne manquez pas l&rsquo;occasion de d\u00e9couvrir en avant-premi\u00e8re la derni\u00e8re collection, inscrivez-vous d\u00e8s maintenant ! S&rsquo;inscrire Notre derni\u00e8re collection Spring Summer 27 \u2013 Sport d\u00e9couvrez-la en avant-premi\u00e8re en ligne Spring Summer 27 \u2013 Contemporary d\u00e9couvrez-la en avant-premi\u00e8re en [&hellip;]\" \/>\n<meta property=\"og:url\" content=\"https:\/\/www.victor.it\/fr\/login\/\" \/>\n<meta property=\"og:site_name\" content=\"Nastrificio Victor\" \/>\n<meta property=\"article:modified_time\" content=\"2026-03-10T15:21:08+00:00\" \/>\n<meta property=\"og:image\" content=\"https:\/\/www.victor.it\/wp-content\/uploads\/2026\/01\/SPORT-copertina-ss27.avif\" \/>\n\t<meta property=\"og:image:width\" content=\"2000\" \/>\n\t<meta property=\"og:image:height\" content=\"2310\" \/>\n\t<meta property=\"og:image:type\" content=\"image\/jpeg\" \/>\n<meta name=\"twitter:card\" content=\"summary_large_image\" \/>\n<meta name=\"twitter:label1\" content=\"Dur\u00e9e de lecture estim\u00e9e\" \/>\n\t<meta name=\"twitter:data1\" content=\"1 minute\" \/>\n<script type=\"application\/ld+json\" class=\"yoast-schema-graph\">{\"@context\":\"https:\/\/schema.org\",\"@graph\":[{\"@type\":\"WebPage\",\"@id\":\"https:\/\/www.victor.it\/fr\/login\/\",\"url\":\"https:\/\/www.victor.it\/fr\/login\/\",\"name\":\"Login - Nastrificio Victor\",\"isPartOf\":{\"@id\":\"https:\/\/www.victor.it\/fr\/#website\"},\"primaryImageOfPage\":{\"@id\":\"https:\/\/www.victor.it\/fr\/login\/#primaryimage\"},\"image\":{\"@id\":\"https:\/\/www.victor.it\/fr\/login\/#primaryimage\"},\"thumbnailUrl\":\"https:\/\/www.victor.it\/wp-content\/uploads\/2026\/01\/SPORT-copertina-ss27-887x1024.avif\",\"datePublished\":\"2024-04-15T15:40:34+00:00\",\"dateModified\":\"2026-03-10T15:21:08+00:00\",\"breadcrumb\":{\"@id\":\"https:\/\/www.victor.it\/fr\/login\/#breadcrumb\"},\"inLanguage\":\"fr-FR\",\"potentialAction\":[{\"@type\":\"ReadAction\",\"target\":[\"https:\/\/www.victor.it\/fr\/login\/\"]}]},{\"@type\":\"ImageObject\",\"inLanguage\":\"fr-FR\",\"@id\":\"https:\/\/www.victor.it\/fr\/login\/#primaryimage\",\"url\":\"https:\/\/www.victor.it\/wp-content\/uploads\/2026\/01\/SPORT-copertina-ss27-887x1024.avif\",\"contentUrl\":\"https:\/\/www.victor.it\/wp-content\/uploads\/2026\/01\/SPORT-copertina-ss27-887x1024.avif\"},{\"@type\":\"BreadcrumbList\",\"@id\":\"https:\/\/www.victor.it\/fr\/login\/#breadcrumb\",\"itemListElement\":[{\"@type\":\"ListItem\",\"position\":1,\"name\":\"Home\",\"item\":\"https:\/\/www.victor.it\/fr\/home-2\/\"},{\"@type\":\"ListItem\",\"position\":2,\"name\":\"Login\"}]},{\"@type\":\"WebSite\",\"@id\":\"https:\/\/www.victor.it\/fr\/#website\",\"url\":\"https:\/\/www.victor.it\/fr\/\",\"name\":\"Nastrificio Victor\",\"description\":\"Rubans, bandes, cordons, \u00e9lastiques, lacets pour la mode\",\"potentialAction\":[{\"@type\":\"SearchAction\",\"target\":{\"@type\":\"EntryPoint\",\"urlTemplate\":\"https:\/\/www.victor.it\/fr\/?s={search_term_string}\"},\"query-input\":{\"@type\":\"PropertyValueSpecification\",\"valueRequired\":true,\"valueName\":\"search_term_string\"}}],\"inLanguage\":\"fr-FR\"}]}<\/script>\n<!-- \/ Yoast SEO plugin. -->","yoast_head_json":{"title":"Login - Nastrificio Victor","robots":{"index":"index","follow":"follow","max-snippet":"max-snippet:-1","max-image-preview":"max-image-preview:large","max-video-preview":"max-video-preview:-1"},"canonical":"https:\/\/www.victor.it\/fr\/login\/","og_locale":"fr_FR","og_type":"article","og_title":"Login - Nastrificio Victor","og_description":"Logout Connectez-vous pour voir l\u2019avant-premi\u00e8re en ligne de la derni\u00e8re collection. Vous n&rsquo;\u00eates pas encore inscrit ? Ne manquez pas l&rsquo;occasion de d\u00e9couvrir en avant-premi\u00e8re la derni\u00e8re collection, inscrivez-vous d\u00e8s maintenant ! S&rsquo;inscrire Notre derni\u00e8re collection Spring Summer 27 \u2013 Sport d\u00e9couvrez-la en avant-premi\u00e8re en ligne Spring Summer 27 \u2013 Contemporary d\u00e9couvrez-la en avant-premi\u00e8re en [&hellip;]","og_url":"https:\/\/www.victor.it\/fr\/login\/","og_site_name":"Nastrificio Victor","article_modified_time":"2026-03-10T15:21:08+00:00","og_image":[{"width":2000,"height":2310,"url":"https:\/\/www.victor.it\/wp-content\/uploads\/2026\/01\/SPORT-copertina-ss27.avif","type":"image\/jpeg"}],"twitter_card":"summary_large_image","twitter_misc":{"Dur\u00e9e de lecture estim\u00e9e":"1 minute"},"schema":{"@context":"https:\/\/schema.org","@graph":[{"@type":"WebPage","@id":"https:\/\/www.victor.it\/fr\/login\/","url":"https:\/\/www.victor.it\/fr\/login\/","name":"Login - Nastrificio Victor","isPartOf":{"@id":"https:\/\/www.victor.it\/fr\/#website"},"primaryImageOfPage":{"@id":"https:\/\/www.victor.it\/fr\/login\/#primaryimage"},"image":{"@id":"https:\/\/www.victor.it\/fr\/login\/#primaryimage"},"thumbnailUrl":"https:\/\/www.victor.it\/wp-content\/uploads\/2026\/01\/SPORT-copertina-ss27-887x1024.avif","datePublished":"2024-04-15T15:40:34+00:00","dateModified":"2026-03-10T15:21:08+00:00","breadcrumb":{"@id":"https:\/\/www.victor.it\/fr\/login\/#breadcrumb"},"inLanguage":"fr-FR","potentialAction":[{"@type":"ReadAction","target":["https:\/\/www.victor.it\/fr\/login\/"]}]},{"@type":"ImageObject","inLanguage":"fr-FR","@id":"https:\/\/www.victor.it\/fr\/login\/#primaryimage","url":"https:\/\/www.victor.it\/wp-content\/uploads\/2026\/01\/SPORT-copertina-ss27-887x1024.avif","contentUrl":"https:\/\/www.victor.it\/wp-content\/uploads\/2026\/01\/SPORT-copertina-ss27-887x1024.avif"},{"@type":"BreadcrumbList","@id":"https:\/\/www.victor.it\/fr\/login\/#breadcrumb","itemListElement":[{"@type":"ListItem","position":1,"name":"Home","item":"https:\/\/www.victor.it\/fr\/home-2\/"},{"@type":"ListItem","position":2,"name":"Login"}]},{"@type":"WebSite","@id":"https:\/\/www.victor.it\/fr\/#website","url":"https:\/\/www.victor.it\/fr\/","name":"Nastrificio Victor","description":"Rubans, bandes, cordons, \u00e9lastiques, lacets pour la mode","potentialAction":[{"@type":"SearchAction","target":{"@type":"EntryPoint","urlTemplate":"https:\/\/www.victor.it\/fr\/?s={search_term_string}"},"query-input":{"@type":"PropertyValueSpecification","valueRequired":true,"valueName":"search_term_string"}}],"inLanguage":"fr-FR"}]}},"_links":{"self":[{"href":"https:\/\/www.victor.it\/fr\/wp-json\/wp\/v2\/pages\/100773","targetHints":{"allow":["GET"]}}],"collection":[{"href":"https:\/\/www.victor.it\/fr\/wp-json\/wp\/v2\/pages"}],"about":[{"href":"https:\/\/www.victor.it\/fr\/wp-json\/wp\/v2\/types\/page"}],"author":[{"embeddable":true,"href":"https:\/\/www.victor.it\/fr\/wp-json\/wp\/v2\/users\/1"}],"replies":[{"embeddable":true,"href":"https:\/\/www.victor.it\/fr\/wp-json\/wp\/v2\/comments?post=100773"}],"version-history":[{"count":1,"href":"https:\/\/www.victor.it\/fr\/wp-json\/wp\/v2\/pages\/100773\/revisions"}],"predecessor-version":[{"id":100774,"href":"https:\/\/www.victor.it\/fr\/wp-json\/wp\/v2\/pages\/100773\/revisions\/100774"}],"wp:attachment":[{"href":"https:\/\/www.victor.it\/fr\/wp-json\/wp\/v2\/media?parent=100773"}],"curies":[{"name":"wp","href":"https:\/\/api.w.org\/{rel}","templated":true}]}}