{"id":101127,"date":"2025-05-27T13:48:35","date_gmt":"2025-05-27T13:48:35","guid":{"rendered":"https:\/\/www.victor.it\/prodotto\/passementerie-en-coton-mercerise\/"},"modified":"2025-05-27T13:48:35","modified_gmt":"2025-05-27T13:48:35","slug":"passementerie-en-coton-mercerise","status":"publish","type":"product","link":"https:\/\/www.victor.it\/fr\/produit\/passementerie-en-coton-mercerise\/","title":{"rendered":"Passementerie en coton merceris\u00e9"},"content":{"rendered":"<p><strong><span data-sheets-root=\"1\">Composition<\/span><\/strong> : Coton merceris\u00e9<br \/>\nDescription : Passementerie avec motif giraotto binato en coton merceris\u00e9<\/p>\n","protected":false},"excerpt":{"rendered":"<p>Composition : Coton merceris\u00e9 Description : Passementerie avec motif giraotto binato en coton merceris\u00e9<\/p>\n","protected":false},"featured_media":101128,"comment_status":"open","ping_status":"closed","template":"","meta":{"_acf_changed":false},"pronto-per-tinta":[],"tipologia-di-prodotto":[],"product_brand":[],"product_cat":[200,222],"product_tag":[],"class_list":{"0":"post-101127","1":"product","2":"type-product","3":"status-publish","4":"has-post-thumbnail","6":"product_cat-coton-mercerise","7":"product_cat-passementerie","9":"first","10":"instock","11":"shipping-taxable","12":"product-type-simple"},"acf":[],"yoast_head":"<!-- This site is optimized with the Yoast SEO plugin v27.5 - https:\/\/yoast.com\/product\/yoast-seo-wordpress\/ -->\n<title>Passementerie en coton merceris\u00e9 - Nastrificio Victor<\/title>\n<meta name=\"robots\" content=\"index, follow, max-snippet:-1, max-image-preview:large, max-video-preview:-1\" \/>\n<link rel=\"canonical\" href=\"https:\/\/www.victor.it\/fr\/produit\/passementerie-en-coton-mercerise\/\" \/>\n<meta property=\"og:locale\" content=\"fr_FR\" \/>\n<meta property=\"og:type\" content=\"article\" \/>\n<meta property=\"og:title\" content=\"Passementerie en coton merceris\u00e9 - Nastrificio Victor\" \/>\n<meta property=\"og:description\" content=\"Composition : Coton merceris\u00e9 Description : Passementerie avec motif giraotto binato en coton merceris\u00e9\" \/>\n<meta property=\"og:url\" content=\"https:\/\/www.victor.it\/fr\/produit\/passementerie-en-coton-mercerise\/\" \/>\n<meta property=\"og:site_name\" content=\"Nastrificio Victor\" \/>\n<meta property=\"og:image\" content=\"https:\/\/www.victor.it\/wp-content\/uploads\/2025\/05\/W1125-Passameria-in-cotone-mercerizzato-1.avif\" \/>\n\t<meta property=\"og:image:width\" content=\"1200\" \/>\n\t<meta property=\"og:image:height\" content=\"1200\" \/>\n\t<meta property=\"og:image:type\" content=\"image\/jpeg\" \/>\n<meta name=\"twitter:card\" content=\"summary_large_image\" \/>\n<meta name=\"twitter:label1\" content=\"Dur\u00e9e de lecture estim\u00e9e\" \/>\n\t<meta name=\"twitter:data1\" content=\"1 minute\" \/>\n<script type=\"application\/ld+json\" class=\"yoast-schema-graph\">{\"@context\":\"https:\\\/\\\/schema.org\",\"@graph\":[{\"@type\":\"WebPage\",\"@id\":\"https:\\\/\\\/www.victor.it\\\/fr\\\/produit\\\/passementerie-en-coton-mercerise\\\/\",\"url\":\"https:\\\/\\\/www.victor.it\\\/fr\\\/produit\\\/passementerie-en-coton-mercerise\\\/\",\"name\":\"Passementerie en coton merceris\u00e9 - Nastrificio Victor\",\"isPartOf\":{\"@id\":\"https:\\\/\\\/www.victor.it\\\/fr\\\/#website\"},\"primaryImageOfPage\":{\"@id\":\"https:\\\/\\\/www.victor.it\\\/fr\\\/produit\\\/passementerie-en-coton-mercerise\\\/#primaryimage\"},\"image\":{\"@id\":\"https:\\\/\\\/www.victor.it\\\/fr\\\/produit\\\/passementerie-en-coton-mercerise\\\/#primaryimage\"},\"thumbnailUrl\":\"https:\\\/\\\/www.victor.it\\\/wp-content\\\/uploads\\\/2025\\\/05\\\/W1125-Passameria-in-cotone-mercerizzato-1.avif\",\"datePublished\":\"2025-05-27T13:48:35+00:00\",\"breadcrumb\":{\"@id\":\"https:\\\/\\\/www.victor.it\\\/fr\\\/produit\\\/passementerie-en-coton-mercerise\\\/#breadcrumb\"},\"inLanguage\":\"fr-FR\",\"potentialAction\":[{\"@type\":\"ReadAction\",\"target\":[\"https:\\\/\\\/www.victor.it\\\/fr\\\/produit\\\/passementerie-en-coton-mercerise\\\/\"]}]},{\"@type\":\"ImageObject\",\"inLanguage\":\"fr-FR\",\"@id\":\"https:\\\/\\\/www.victor.it\\\/fr\\\/produit\\\/passementerie-en-coton-mercerise\\\/#primaryimage\",\"url\":\"https:\\\/\\\/www.victor.it\\\/wp-content\\\/uploads\\\/2025\\\/05\\\/W1125-Passameria-in-cotone-mercerizzato-1.avif\",\"contentUrl\":\"https:\\\/\\\/www.victor.it\\\/wp-content\\\/uploads\\\/2025\\\/05\\\/W1125-Passameria-in-cotone-mercerizzato-1.avif\",\"width\":1200,\"height\":1200,\"caption\":\"Passameria in cotone mercerizzato rosa antico W1125\"},{\"@type\":\"BreadcrumbList\",\"@id\":\"https:\\\/\\\/www.victor.it\\\/fr\\\/produit\\\/passementerie-en-coton-mercerise\\\/#breadcrumb\",\"itemListElement\":[{\"@type\":\"ListItem\",\"position\":1,\"name\":\"Home\",\"item\":\"https:\\\/\\\/www.victor.it\\\/fr\\\/home-2\\\/\"},{\"@type\":\"ListItem\",\"position\":2,\"name\":\"Produits\",\"item\":\"https:\\\/\\\/www.victor.it\\\/fr\\\/shop\\\/\"},{\"@type\":\"ListItem\",\"position\":3,\"name\":\"Passementerie en coton merceris\u00e9\"}]},{\"@type\":\"WebSite\",\"@id\":\"https:\\\/\\\/www.victor.it\\\/fr\\\/#website\",\"url\":\"https:\\\/\\\/www.victor.it\\\/fr\\\/\",\"name\":\"Nastrificio Victor\",\"description\":\"Rubans, bandes, cordons, \u00e9lastiques, lacets pour la mode\",\"potentialAction\":[{\"@type\":\"SearchAction\",\"target\":{\"@type\":\"EntryPoint\",\"urlTemplate\":\"https:\\\/\\\/www.victor.it\\\/fr\\\/?s={search_term_string}\"},\"query-input\":{\"@type\":\"PropertyValueSpecification\",\"valueRequired\":true,\"valueName\":\"search_term_string\"}}],\"inLanguage\":\"fr-FR\"}]}<\/script>\n<!-- \/ Yoast SEO plugin. -->","yoast_head_json":{"title":"Passementerie en coton merceris\u00e9 - Nastrificio Victor","robots":{"index":"index","follow":"follow","max-snippet":"max-snippet:-1","max-image-preview":"max-image-preview:large","max-video-preview":"max-video-preview:-1"},"canonical":"https:\/\/www.victor.it\/fr\/produit\/passementerie-en-coton-mercerise\/","og_locale":"fr_FR","og_type":"article","og_title":"Passementerie en coton merceris\u00e9 - Nastrificio Victor","og_description":"Composition : Coton merceris\u00e9 Description : Passementerie avec motif giraotto binato en coton merceris\u00e9","og_url":"https:\/\/www.victor.it\/fr\/produit\/passementerie-en-coton-mercerise\/","og_site_name":"Nastrificio Victor","og_image":[{"width":1200,"height":1200,"url":"https:\/\/www.victor.it\/wp-content\/uploads\/2025\/05\/W1125-Passameria-in-cotone-mercerizzato-1.avif","type":"image\/jpeg"}],"twitter_card":"summary_large_image","twitter_misc":{"Dur\u00e9e de lecture estim\u00e9e":"1 minute"},"schema":{"@context":"https:\/\/schema.org","@graph":[{"@type":"WebPage","@id":"https:\/\/www.victor.it\/fr\/produit\/passementerie-en-coton-mercerise\/","url":"https:\/\/www.victor.it\/fr\/produit\/passementerie-en-coton-mercerise\/","name":"Passementerie en coton merceris\u00e9 - Nastrificio Victor","isPartOf":{"@id":"https:\/\/www.victor.it\/fr\/#website"},"primaryImageOfPage":{"@id":"https:\/\/www.victor.it\/fr\/produit\/passementerie-en-coton-mercerise\/#primaryimage"},"image":{"@id":"https:\/\/www.victor.it\/fr\/produit\/passementerie-en-coton-mercerise\/#primaryimage"},"thumbnailUrl":"https:\/\/www.victor.it\/wp-content\/uploads\/2025\/05\/W1125-Passameria-in-cotone-mercerizzato-1.avif","datePublished":"2025-05-27T13:48:35+00:00","breadcrumb":{"@id":"https:\/\/www.victor.it\/fr\/produit\/passementerie-en-coton-mercerise\/#breadcrumb"},"inLanguage":"fr-FR","potentialAction":[{"@type":"ReadAction","target":["https:\/\/www.victor.it\/fr\/produit\/passementerie-en-coton-mercerise\/"]}]},{"@type":"ImageObject","inLanguage":"fr-FR","@id":"https:\/\/www.victor.it\/fr\/produit\/passementerie-en-coton-mercerise\/#primaryimage","url":"https:\/\/www.victor.it\/wp-content\/uploads\/2025\/05\/W1125-Passameria-in-cotone-mercerizzato-1.avif","contentUrl":"https:\/\/www.victor.it\/wp-content\/uploads\/2025\/05\/W1125-Passameria-in-cotone-mercerizzato-1.avif","width":1200,"height":1200,"caption":"Passameria in cotone mercerizzato rosa antico W1125"},{"@type":"BreadcrumbList","@id":"https:\/\/www.victor.it\/fr\/produit\/passementerie-en-coton-mercerise\/#breadcrumb","itemListElement":[{"@type":"ListItem","position":1,"name":"Home","item":"https:\/\/www.victor.it\/fr\/home-2\/"},{"@type":"ListItem","position":2,"name":"Produits","item":"https:\/\/www.victor.it\/fr\/shop\/"},{"@type":"ListItem","position":3,"name":"Passementerie en coton merceris\u00e9"}]},{"@type":"WebSite","@id":"https:\/\/www.victor.it\/fr\/#website","url":"https:\/\/www.victor.it\/fr\/","name":"Nastrificio Victor","description":"Rubans, bandes, cordons, \u00e9lastiques, lacets pour la mode","potentialAction":[{"@type":"SearchAction","target":{"@type":"EntryPoint","urlTemplate":"https:\/\/www.victor.it\/fr\/?s={search_term_string}"},"query-input":{"@type":"PropertyValueSpecification","valueRequired":true,"valueName":"search_term_string"}}],"inLanguage":"fr-FR"}]}},"_links":{"self":[{"href":"https:\/\/www.victor.it\/fr\/wp-json\/wp\/v2\/product\/101127","targetHints":{"allow":["GET"]}}],"collection":[{"href":"https:\/\/www.victor.it\/fr\/wp-json\/wp\/v2\/product"}],"about":[{"href":"https:\/\/www.victor.it\/fr\/wp-json\/wp\/v2\/types\/product"}],"replies":[{"embeddable":true,"href":"https:\/\/www.victor.it\/fr\/wp-json\/wp\/v2\/comments?post=101127"}],"version-history":[{"count":0,"href":"https:\/\/www.victor.it\/fr\/wp-json\/wp\/v2\/product\/101127\/revisions"}],"wp:featuredmedia":[{"embeddable":true,"href":"https:\/\/www.victor.it\/fr\/wp-json\/wp\/v2\/media\/101128"}],"wp:attachment":[{"href":"https:\/\/www.victor.it\/fr\/wp-json\/wp\/v2\/media?parent=101127"}],"wp:term":[{"taxonomy":"pronto-per-tinta","embeddable":true,"href":"https:\/\/www.victor.it\/fr\/wp-json\/wp\/v2\/pronto-per-tinta?post=101127"},{"taxonomy":"tipologia-di-prodotto","embeddable":true,"href":"https:\/\/www.victor.it\/fr\/wp-json\/wp\/v2\/tipologia-di-prodotto?post=101127"},{"taxonomy":"product_brand","embeddable":true,"href":"https:\/\/www.victor.it\/fr\/wp-json\/wp\/v2\/product_brand?post=101127"},{"taxonomy":"product_cat","embeddable":true,"href":"https:\/\/www.victor.it\/fr\/wp-json\/wp\/v2\/product_cat?post=101127"},{"taxonomy":"product_tag","embeddable":true,"href":"https:\/\/www.victor.it\/fr\/wp-json\/wp\/v2\/product_tag?post=101127"}],"curies":[{"name":"wp","href":"https:\/\/api.w.org\/{rel}","templated":true}]}}