{"id":101440,"date":"2024-05-27T07:42:51","date_gmt":"2024-05-27T07:42:51","guid":{"rendered":"https:\/\/www.victor.it\/prodotto\/ruban-tisse-jacquard-a-fleurs\/"},"modified":"2024-05-27T07:42:51","modified_gmt":"2024-05-27T07:42:51","slug":"ruban-tisse-jacquard-a-fleurs","status":"publish","type":"product","link":"https:\/\/www.victor.it\/fr\/produit\/ruban-tisse-jacquard-a-fleurs\/","title":{"rendered":"Ruban tiss\u00e9 jacquard \u00e0 fleurs"},"content":{"rendered":"<p><strong>Composition<\/strong> : Coton<br \/>\n<strong>Description<\/strong> : Ruban tiss\u00e9 jacquard en coton, motif m\u00e9lang\u00e9<\/p>\n","protected":false},"excerpt":{"rendered":"<p>Composition : Coton Description : Ruban tiss\u00e9 jacquard en coton, motif m\u00e9lang\u00e9<\/p>\n","protected":false},"featured_media":1230,"comment_status":"open","ping_status":"closed","template":"","meta":{"_acf_changed":false},"pronto-per-tinta":[59],"tipologia-di-prodotto":[60],"product_brand":[],"product_cat":[195],"product_tag":[],"class_list":{"0":"post-101440","1":"product","2":"type-product","3":"status-publish","4":"has-post-thumbnail","6":"pronto-per-tinta-no","7":"tipologia-di-prodotto-fettuccia","8":"product_cat-coton","10":"first","11":"instock","12":"shipping-taxable","13":"product-type-simple"},"acf":[],"yoast_head":"<!-- This site is optimized with the Yoast SEO plugin v27.2 - https:\/\/yoast.com\/product\/yoast-seo-wordpress\/ -->\n<title>Ruban tiss\u00e9 jacquard \u00e0 fleurs - Nastrificio Victor<\/title>\n<meta name=\"robots\" content=\"index, follow, max-snippet:-1, max-image-preview:large, max-video-preview:-1\" \/>\n<link rel=\"canonical\" href=\"https:\/\/www.victor.it\/fr\/produit\/ruban-tisse-jacquard-a-fleurs\/\" \/>\n<meta property=\"og:locale\" content=\"fr_FR\" \/>\n<meta property=\"og:type\" content=\"article\" \/>\n<meta property=\"og:title\" content=\"Ruban tiss\u00e9 jacquard \u00e0 fleurs - Nastrificio Victor\" \/>\n<meta property=\"og:description\" content=\"Composition : Coton Description : Ruban tiss\u00e9 jacquard en coton, motif m\u00e9lang\u00e9\" \/>\n<meta property=\"og:url\" content=\"https:\/\/www.victor.it\/fr\/produit\/ruban-tisse-jacquard-a-fleurs\/\" \/>\n<meta property=\"og:site_name\" content=\"Nastrificio Victor\" \/>\n<meta property=\"og:image\" content=\"https:\/\/www.victor.it\/wp-content\/uploads\/2024\/05\/W1024-Fettuccia-jacquard-1.jpg\" \/>\n\t<meta property=\"og:image:width\" content=\"1200\" \/>\n\t<meta property=\"og:image:height\" content=\"1200\" \/>\n\t<meta property=\"og:image:type\" content=\"image\/jpeg\" \/>\n<meta name=\"twitter:card\" content=\"summary_large_image\" \/>\n<meta name=\"twitter:label1\" content=\"Dur\u00e9e de lecture estim\u00e9e\" \/>\n\t<meta name=\"twitter:data1\" content=\"1 minute\" \/>\n<script type=\"application\/ld+json\" class=\"yoast-schema-graph\">{\"@context\":\"https:\/\/schema.org\",\"@graph\":[{\"@type\":\"WebPage\",\"@id\":\"https:\/\/www.victor.it\/fr\/produit\/ruban-tisse-jacquard-a-fleurs\/\",\"url\":\"https:\/\/www.victor.it\/fr\/produit\/ruban-tisse-jacquard-a-fleurs\/\",\"name\":\"Ruban tiss\u00e9 jacquard \u00e0 fleurs - Nastrificio Victor\",\"isPartOf\":{\"@id\":\"https:\/\/www.victor.it\/fr\/#website\"},\"primaryImageOfPage\":{\"@id\":\"https:\/\/www.victor.it\/fr\/produit\/ruban-tisse-jacquard-a-fleurs\/#primaryimage\"},\"image\":{\"@id\":\"https:\/\/www.victor.it\/fr\/produit\/ruban-tisse-jacquard-a-fleurs\/#primaryimage\"},\"thumbnailUrl\":\"https:\/\/www.victor.it\/wp-content\/uploads\/2024\/05\/W1024-Fettuccia-jacquard-1.jpg\",\"datePublished\":\"2024-05-27T07:42:51+00:00\",\"breadcrumb\":{\"@id\":\"https:\/\/www.victor.it\/fr\/produit\/ruban-tisse-jacquard-a-fleurs\/#breadcrumb\"},\"inLanguage\":\"fr-FR\",\"potentialAction\":[{\"@type\":\"ReadAction\",\"target\":[\"https:\/\/www.victor.it\/fr\/produit\/ruban-tisse-jacquard-a-fleurs\/\"]}]},{\"@type\":\"ImageObject\",\"inLanguage\":\"fr-FR\",\"@id\":\"https:\/\/www.victor.it\/fr\/produit\/ruban-tisse-jacquard-a-fleurs\/#primaryimage\",\"url\":\"https:\/\/www.victor.it\/wp-content\/uploads\/2024\/05\/W1024-Fettuccia-jacquard-1.jpg\",\"contentUrl\":\"https:\/\/www.victor.it\/wp-content\/uploads\/2024\/05\/W1024-Fettuccia-jacquard-1.jpg\",\"width\":1200,\"height\":1200,\"caption\":\"Fettuccia jacquard W1024\"},{\"@type\":\"BreadcrumbList\",\"@id\":\"https:\/\/www.victor.it\/fr\/produit\/ruban-tisse-jacquard-a-fleurs\/#breadcrumb\",\"itemListElement\":[{\"@type\":\"ListItem\",\"position\":1,\"name\":\"Home\",\"item\":\"https:\/\/www.victor.it\/fr\/home-2\/\"},{\"@type\":\"ListItem\",\"position\":2,\"name\":\"Produits\",\"item\":\"https:\/\/www.victor.it\/fr\/shop\/\"},{\"@type\":\"ListItem\",\"position\":3,\"name\":\"Ruban tiss\u00e9 jacquard \u00e0 fleurs\"}]},{\"@type\":\"WebSite\",\"@id\":\"https:\/\/www.victor.it\/fr\/#website\",\"url\":\"https:\/\/www.victor.it\/fr\/\",\"name\":\"Nastrificio Victor\",\"description\":\"Rubans, bandes, cordons, \u00e9lastiques, lacets pour la mode\",\"potentialAction\":[{\"@type\":\"SearchAction\",\"target\":{\"@type\":\"EntryPoint\",\"urlTemplate\":\"https:\/\/www.victor.it\/fr\/?s={search_term_string}\"},\"query-input\":{\"@type\":\"PropertyValueSpecification\",\"valueRequired\":true,\"valueName\":\"search_term_string\"}}],\"inLanguage\":\"fr-FR\"}]}<\/script>\n<!-- \/ Yoast SEO plugin. -->","yoast_head_json":{"title":"Ruban tiss\u00e9 jacquard \u00e0 fleurs - Nastrificio Victor","robots":{"index":"index","follow":"follow","max-snippet":"max-snippet:-1","max-image-preview":"max-image-preview:large","max-video-preview":"max-video-preview:-1"},"canonical":"https:\/\/www.victor.it\/fr\/produit\/ruban-tisse-jacquard-a-fleurs\/","og_locale":"fr_FR","og_type":"article","og_title":"Ruban tiss\u00e9 jacquard \u00e0 fleurs - Nastrificio Victor","og_description":"Composition : Coton Description : Ruban tiss\u00e9 jacquard en coton, motif m\u00e9lang\u00e9","og_url":"https:\/\/www.victor.it\/fr\/produit\/ruban-tisse-jacquard-a-fleurs\/","og_site_name":"Nastrificio Victor","og_image":[{"width":1200,"height":1200,"url":"https:\/\/www.victor.it\/wp-content\/uploads\/2024\/05\/W1024-Fettuccia-jacquard-1.jpg","type":"image\/jpeg"}],"twitter_card":"summary_large_image","twitter_misc":{"Dur\u00e9e de lecture estim\u00e9e":"1 minute"},"schema":{"@context":"https:\/\/schema.org","@graph":[{"@type":"WebPage","@id":"https:\/\/www.victor.it\/fr\/produit\/ruban-tisse-jacquard-a-fleurs\/","url":"https:\/\/www.victor.it\/fr\/produit\/ruban-tisse-jacquard-a-fleurs\/","name":"Ruban tiss\u00e9 jacquard \u00e0 fleurs - Nastrificio Victor","isPartOf":{"@id":"https:\/\/www.victor.it\/fr\/#website"},"primaryImageOfPage":{"@id":"https:\/\/www.victor.it\/fr\/produit\/ruban-tisse-jacquard-a-fleurs\/#primaryimage"},"image":{"@id":"https:\/\/www.victor.it\/fr\/produit\/ruban-tisse-jacquard-a-fleurs\/#primaryimage"},"thumbnailUrl":"https:\/\/www.victor.it\/wp-content\/uploads\/2024\/05\/W1024-Fettuccia-jacquard-1.jpg","datePublished":"2024-05-27T07:42:51+00:00","breadcrumb":{"@id":"https:\/\/www.victor.it\/fr\/produit\/ruban-tisse-jacquard-a-fleurs\/#breadcrumb"},"inLanguage":"fr-FR","potentialAction":[{"@type":"ReadAction","target":["https:\/\/www.victor.it\/fr\/produit\/ruban-tisse-jacquard-a-fleurs\/"]}]},{"@type":"ImageObject","inLanguage":"fr-FR","@id":"https:\/\/www.victor.it\/fr\/produit\/ruban-tisse-jacquard-a-fleurs\/#primaryimage","url":"https:\/\/www.victor.it\/wp-content\/uploads\/2024\/05\/W1024-Fettuccia-jacquard-1.jpg","contentUrl":"https:\/\/www.victor.it\/wp-content\/uploads\/2024\/05\/W1024-Fettuccia-jacquard-1.jpg","width":1200,"height":1200,"caption":"Fettuccia jacquard W1024"},{"@type":"BreadcrumbList","@id":"https:\/\/www.victor.it\/fr\/produit\/ruban-tisse-jacquard-a-fleurs\/#breadcrumb","itemListElement":[{"@type":"ListItem","position":1,"name":"Home","item":"https:\/\/www.victor.it\/fr\/home-2\/"},{"@type":"ListItem","position":2,"name":"Produits","item":"https:\/\/www.victor.it\/fr\/shop\/"},{"@type":"ListItem","position":3,"name":"Ruban tiss\u00e9 jacquard \u00e0 fleurs"}]},{"@type":"WebSite","@id":"https:\/\/www.victor.it\/fr\/#website","url":"https:\/\/www.victor.it\/fr\/","name":"Nastrificio Victor","description":"Rubans, bandes, cordons, \u00e9lastiques, lacets pour la mode","potentialAction":[{"@type":"SearchAction","target":{"@type":"EntryPoint","urlTemplate":"https:\/\/www.victor.it\/fr\/?s={search_term_string}"},"query-input":{"@type":"PropertyValueSpecification","valueRequired":true,"valueName":"search_term_string"}}],"inLanguage":"fr-FR"}]}},"_links":{"self":[{"href":"https:\/\/www.victor.it\/fr\/wp-json\/wp\/v2\/product\/101440","targetHints":{"allow":["GET"]}}],"collection":[{"href":"https:\/\/www.victor.it\/fr\/wp-json\/wp\/v2\/product"}],"about":[{"href":"https:\/\/www.victor.it\/fr\/wp-json\/wp\/v2\/types\/product"}],"replies":[{"embeddable":true,"href":"https:\/\/www.victor.it\/fr\/wp-json\/wp\/v2\/comments?post=101440"}],"version-history":[{"count":0,"href":"https:\/\/www.victor.it\/fr\/wp-json\/wp\/v2\/product\/101440\/revisions"}],"wp:featuredmedia":[{"embeddable":true,"href":"https:\/\/www.victor.it\/fr\/wp-json\/wp\/v2\/media\/1230"}],"wp:attachment":[{"href":"https:\/\/www.victor.it\/fr\/wp-json\/wp\/v2\/media?parent=101440"}],"wp:term":[{"taxonomy":"pronto-per-tinta","embeddable":true,"href":"https:\/\/www.victor.it\/fr\/wp-json\/wp\/v2\/pronto-per-tinta?post=101440"},{"taxonomy":"tipologia-di-prodotto","embeddable":true,"href":"https:\/\/www.victor.it\/fr\/wp-json\/wp\/v2\/tipologia-di-prodotto?post=101440"},{"taxonomy":"product_brand","embeddable":true,"href":"https:\/\/www.victor.it\/fr\/wp-json\/wp\/v2\/product_brand?post=101440"},{"taxonomy":"product_cat","embeddable":true,"href":"https:\/\/www.victor.it\/fr\/wp-json\/wp\/v2\/product_cat?post=101440"},{"taxonomy":"product_tag","embeddable":true,"href":"https:\/\/www.victor.it\/fr\/wp-json\/wp\/v2\/product_tag?post=101440"}],"curies":[{"name":"wp","href":"https:\/\/api.w.org\/{rel}","templated":true}]}}