{"id":101456,"date":"2024-05-24T15:29:23","date_gmt":"2024-05-24T15:29:23","guid":{"rendered":"https:\/\/www.victor.it\/prodotto\/ruban-en-coton-personnalise\/"},"modified":"2024-05-24T15:29:23","modified_gmt":"2024-05-24T15:29:23","slug":"ruban-en-coton-personnalise","status":"publish","type":"product","link":"https:\/\/www.victor.it\/fr\/produit\/ruban-en-coton-personnalise\/","title":{"rendered":"Ruban en coton personnalis\u00e9"},"content":{"rendered":"<p><strong>Composition<\/strong> : coton, m\u00e9lange lin, \u00e9lastique<br \/>\n<strong>Description<\/strong> : ruban jacquard en coton avec inscription en m\u00e9lange lin<\/p>\n","protected":false},"excerpt":{"rendered":"<p>Composition : coton, m\u00e9lange lin, \u00e9lastique Description : ruban jacquard en coton avec inscription en m\u00e9lange lin<\/p>\n","protected":false},"featured_media":1181,"comment_status":"open","ping_status":"closed","template":"","meta":{"_acf_changed":false},"pronto-per-tinta":[58],"tipologia-di-prodotto":[61],"product_brand":[],"product_cat":[195,201,208],"product_tag":[],"class_list":{"0":"post-101456","1":"product","2":"type-product","3":"status-publish","4":"has-post-thumbnail","6":"pronto-per-tinta-si","7":"tipologia-di-prodotto-nastro","8":"product_cat-coton","9":"product_cat-ruban-elastique","10":"product_cat-melange-lin","12":"first","13":"instock","14":"shipping-taxable","15":"product-type-simple"},"acf":[],"yoast_head":"<!-- This site is optimized with the Yoast SEO plugin v27.2 - https:\/\/yoast.com\/product\/yoast-seo-wordpress\/ -->\n<title>Ruban en coton personnalis\u00e9 - Nastrificio Victor<\/title>\n<meta name=\"robots\" content=\"index, follow, max-snippet:-1, max-image-preview:large, max-video-preview:-1\" \/>\n<link rel=\"canonical\" href=\"https:\/\/www.victor.it\/fr\/produit\/ruban-en-coton-personnalise\/\" \/>\n<meta property=\"og:locale\" content=\"fr_FR\" \/>\n<meta property=\"og:type\" content=\"article\" \/>\n<meta property=\"og:title\" content=\"Ruban en coton personnalis\u00e9 - Nastrificio Victor\" \/>\n<meta property=\"og:description\" content=\"Composition : coton, m\u00e9lange lin, \u00e9lastique Description : ruban jacquard en coton avec inscription en m\u00e9lange lin\" \/>\n<meta property=\"og:url\" content=\"https:\/\/www.victor.it\/fr\/produit\/ruban-en-coton-personnalise\/\" \/>\n<meta property=\"og:site_name\" content=\"Nastrificio Victor\" \/>\n<meta property=\"og:image\" content=\"https:\/\/www.victor.it\/wp-content\/uploads\/2024\/05\/W1008-Nastro-cotone-1.jpg\" \/>\n\t<meta property=\"og:image:width\" content=\"1200\" \/>\n\t<meta property=\"og:image:height\" content=\"1200\" \/>\n\t<meta property=\"og:image:type\" content=\"image\/jpeg\" \/>\n<meta name=\"twitter:card\" content=\"summary_large_image\" \/>\n<meta name=\"twitter:label1\" content=\"Dur\u00e9e de lecture estim\u00e9e\" \/>\n\t<meta name=\"twitter:data1\" content=\"1 minute\" \/>\n<script type=\"application\/ld+json\" class=\"yoast-schema-graph\">{\"@context\":\"https:\/\/schema.org\",\"@graph\":[{\"@type\":\"WebPage\",\"@id\":\"https:\/\/www.victor.it\/fr\/produit\/ruban-en-coton-personnalise\/\",\"url\":\"https:\/\/www.victor.it\/fr\/produit\/ruban-en-coton-personnalise\/\",\"name\":\"Ruban en coton personnalis\u00e9 - Nastrificio Victor\",\"isPartOf\":{\"@id\":\"https:\/\/www.victor.it\/fr\/#website\"},\"primaryImageOfPage\":{\"@id\":\"https:\/\/www.victor.it\/fr\/produit\/ruban-en-coton-personnalise\/#primaryimage\"},\"image\":{\"@id\":\"https:\/\/www.victor.it\/fr\/produit\/ruban-en-coton-personnalise\/#primaryimage\"},\"thumbnailUrl\":\"https:\/\/www.victor.it\/wp-content\/uploads\/2024\/05\/W1008-Nastro-cotone-1.jpg\",\"datePublished\":\"2024-05-24T15:29:23+00:00\",\"breadcrumb\":{\"@id\":\"https:\/\/www.victor.it\/fr\/produit\/ruban-en-coton-personnalise\/#breadcrumb\"},\"inLanguage\":\"fr-FR\",\"potentialAction\":[{\"@type\":\"ReadAction\",\"target\":[\"https:\/\/www.victor.it\/fr\/produit\/ruban-en-coton-personnalise\/\"]}]},{\"@type\":\"ImageObject\",\"inLanguage\":\"fr-FR\",\"@id\":\"https:\/\/www.victor.it\/fr\/produit\/ruban-en-coton-personnalise\/#primaryimage\",\"url\":\"https:\/\/www.victor.it\/wp-content\/uploads\/2024\/05\/W1008-Nastro-cotone-1.jpg\",\"contentUrl\":\"https:\/\/www.victor.it\/wp-content\/uploads\/2024\/05\/W1008-Nastro-cotone-1.jpg\",\"width\":1200,\"height\":1200,\"caption\":\"Nastro cotone W1008\"},{\"@type\":\"BreadcrumbList\",\"@id\":\"https:\/\/www.victor.it\/fr\/produit\/ruban-en-coton-personnalise\/#breadcrumb\",\"itemListElement\":[{\"@type\":\"ListItem\",\"position\":1,\"name\":\"Home\",\"item\":\"https:\/\/www.victor.it\/fr\/home-2\/\"},{\"@type\":\"ListItem\",\"position\":2,\"name\":\"Produits\",\"item\":\"https:\/\/www.victor.it\/fr\/shop\/\"},{\"@type\":\"ListItem\",\"position\":3,\"name\":\"Ruban en coton personnalis\u00e9\"}]},{\"@type\":\"WebSite\",\"@id\":\"https:\/\/www.victor.it\/fr\/#website\",\"url\":\"https:\/\/www.victor.it\/fr\/\",\"name\":\"Nastrificio Victor\",\"description\":\"Rubans, bandes, cordons, \u00e9lastiques, lacets pour la mode\",\"potentialAction\":[{\"@type\":\"SearchAction\",\"target\":{\"@type\":\"EntryPoint\",\"urlTemplate\":\"https:\/\/www.victor.it\/fr\/?s={search_term_string}\"},\"query-input\":{\"@type\":\"PropertyValueSpecification\",\"valueRequired\":true,\"valueName\":\"search_term_string\"}}],\"inLanguage\":\"fr-FR\"}]}<\/script>\n<!-- \/ Yoast SEO plugin. -->","yoast_head_json":{"title":"Ruban en coton personnalis\u00e9 - Nastrificio Victor","robots":{"index":"index","follow":"follow","max-snippet":"max-snippet:-1","max-image-preview":"max-image-preview:large","max-video-preview":"max-video-preview:-1"},"canonical":"https:\/\/www.victor.it\/fr\/produit\/ruban-en-coton-personnalise\/","og_locale":"fr_FR","og_type":"article","og_title":"Ruban en coton personnalis\u00e9 - Nastrificio Victor","og_description":"Composition : coton, m\u00e9lange lin, \u00e9lastique Description : ruban jacquard en coton avec inscription en m\u00e9lange lin","og_url":"https:\/\/www.victor.it\/fr\/produit\/ruban-en-coton-personnalise\/","og_site_name":"Nastrificio Victor","og_image":[{"width":1200,"height":1200,"url":"https:\/\/www.victor.it\/wp-content\/uploads\/2024\/05\/W1008-Nastro-cotone-1.jpg","type":"image\/jpeg"}],"twitter_card":"summary_large_image","twitter_misc":{"Dur\u00e9e de lecture estim\u00e9e":"1 minute"},"schema":{"@context":"https:\/\/schema.org","@graph":[{"@type":"WebPage","@id":"https:\/\/www.victor.it\/fr\/produit\/ruban-en-coton-personnalise\/","url":"https:\/\/www.victor.it\/fr\/produit\/ruban-en-coton-personnalise\/","name":"Ruban en coton personnalis\u00e9 - Nastrificio Victor","isPartOf":{"@id":"https:\/\/www.victor.it\/fr\/#website"},"primaryImageOfPage":{"@id":"https:\/\/www.victor.it\/fr\/produit\/ruban-en-coton-personnalise\/#primaryimage"},"image":{"@id":"https:\/\/www.victor.it\/fr\/produit\/ruban-en-coton-personnalise\/#primaryimage"},"thumbnailUrl":"https:\/\/www.victor.it\/wp-content\/uploads\/2024\/05\/W1008-Nastro-cotone-1.jpg","datePublished":"2024-05-24T15:29:23+00:00","breadcrumb":{"@id":"https:\/\/www.victor.it\/fr\/produit\/ruban-en-coton-personnalise\/#breadcrumb"},"inLanguage":"fr-FR","potentialAction":[{"@type":"ReadAction","target":["https:\/\/www.victor.it\/fr\/produit\/ruban-en-coton-personnalise\/"]}]},{"@type":"ImageObject","inLanguage":"fr-FR","@id":"https:\/\/www.victor.it\/fr\/produit\/ruban-en-coton-personnalise\/#primaryimage","url":"https:\/\/www.victor.it\/wp-content\/uploads\/2024\/05\/W1008-Nastro-cotone-1.jpg","contentUrl":"https:\/\/www.victor.it\/wp-content\/uploads\/2024\/05\/W1008-Nastro-cotone-1.jpg","width":1200,"height":1200,"caption":"Nastro cotone W1008"},{"@type":"BreadcrumbList","@id":"https:\/\/www.victor.it\/fr\/produit\/ruban-en-coton-personnalise\/#breadcrumb","itemListElement":[{"@type":"ListItem","position":1,"name":"Home","item":"https:\/\/www.victor.it\/fr\/home-2\/"},{"@type":"ListItem","position":2,"name":"Produits","item":"https:\/\/www.victor.it\/fr\/shop\/"},{"@type":"ListItem","position":3,"name":"Ruban en coton personnalis\u00e9"}]},{"@type":"WebSite","@id":"https:\/\/www.victor.it\/fr\/#website","url":"https:\/\/www.victor.it\/fr\/","name":"Nastrificio Victor","description":"Rubans, bandes, cordons, \u00e9lastiques, lacets pour la mode","potentialAction":[{"@type":"SearchAction","target":{"@type":"EntryPoint","urlTemplate":"https:\/\/www.victor.it\/fr\/?s={search_term_string}"},"query-input":{"@type":"PropertyValueSpecification","valueRequired":true,"valueName":"search_term_string"}}],"inLanguage":"fr-FR"}]}},"_links":{"self":[{"href":"https:\/\/www.victor.it\/fr\/wp-json\/wp\/v2\/product\/101456","targetHints":{"allow":["GET"]}}],"collection":[{"href":"https:\/\/www.victor.it\/fr\/wp-json\/wp\/v2\/product"}],"about":[{"href":"https:\/\/www.victor.it\/fr\/wp-json\/wp\/v2\/types\/product"}],"replies":[{"embeddable":true,"href":"https:\/\/www.victor.it\/fr\/wp-json\/wp\/v2\/comments?post=101456"}],"version-history":[{"count":0,"href":"https:\/\/www.victor.it\/fr\/wp-json\/wp\/v2\/product\/101456\/revisions"}],"wp:featuredmedia":[{"embeddable":true,"href":"https:\/\/www.victor.it\/fr\/wp-json\/wp\/v2\/media\/1181"}],"wp:attachment":[{"href":"https:\/\/www.victor.it\/fr\/wp-json\/wp\/v2\/media?parent=101456"}],"wp:term":[{"taxonomy":"pronto-per-tinta","embeddable":true,"href":"https:\/\/www.victor.it\/fr\/wp-json\/wp\/v2\/pronto-per-tinta?post=101456"},{"taxonomy":"tipologia-di-prodotto","embeddable":true,"href":"https:\/\/www.victor.it\/fr\/wp-json\/wp\/v2\/tipologia-di-prodotto?post=101456"},{"taxonomy":"product_brand","embeddable":true,"href":"https:\/\/www.victor.it\/fr\/wp-json\/wp\/v2\/product_brand?post=101456"},{"taxonomy":"product_cat","embeddable":true,"href":"https:\/\/www.victor.it\/fr\/wp-json\/wp\/v2\/product_cat?post=101456"},{"taxonomy":"product_tag","embeddable":true,"href":"https:\/\/www.victor.it\/fr\/wp-json\/wp\/v2\/product_tag?post=101456"}],"curies":[{"name":"wp","href":"https:\/\/api.w.org\/{rel}","templated":true}]}}